{"id":617,"date":"2026-01-29T19:01:50","date_gmt":"2026-01-29T19:01:50","guid":{"rendered":"https:\/\/alta.aero\/safety\/2026\/?page_id=617"},"modified":"2026-03-16T17:33:52","modified_gmt":"2026-03-16T17:33:52","slug":"categorias-de-registro","status":"publish","type":"page","link":"https:\/\/alta.aero\/safety\/2026\/es\/categorias-de-registro\/","title":{"rendered":"Categorias de Registro"},"content":{"rendered":"\t\t<div data-elementor-type=\"wp-page\" data-elementor-id=\"617\" class=\"elementor elementor-617\" data-elementor-post-type=\"page\">\n\t\t\t\t<div class=\"elementor-element elementor-element-0246cb2 e-flex e-con-boxed e-con e-parent\" data-id=\"0246cb2\" data-element_type=\"container\" data-e-type=\"container\" data-settings=\"{&quot;background_background&quot;:&quot;classic&quot;}\">\n\t\t\t\t\t<div class=\"e-con-inner\">\n\t\t\t\t<div class=\"elementor-element elementor-element-c0275c7 elementor-widget elementor-widget-heading\" data-id=\"c0275c7\" data-element_type=\"widget\" data-e-type=\"widget\" data-widget_type=\"heading.default\">\n\t\t\t\t\t<h2 class=\"elementor-heading-title elementor-size-default\">CATEGORIAS DE REGISTRO<\/h2>\t\t\t\t<\/div>\n\t\t\t\t\t<\/div>\n\t\t\t\t<\/div>\n\t\t\t\t<section class=\"elementor-section elementor-top-section elementor-element elementor-element-97828df elementor-section-boxed elementor-section-height-default elementor-section-height-default\" data-id=\"97828df\" data-element_type=\"section\" data-e-type=\"section\">\n\t\t\t\t\t\t<div class=\"elementor-container elementor-column-gap-default\">\n\t\t\t\t\t<div class=\"elementor-column elementor-col-100 elementor-top-column elementor-element elementor-element-43ffc7e\" data-id=\"43ffc7e\" data-element_type=\"column\" data-e-type=\"column\">\n\t\t\t<div class=\"elementor-widget-wrap elementor-element-populated\">\n\t\t\t\t\t\t<div class=\"elementor-element elementor-element-fdbc6c4 elementor-widget elementor-widget-html\" data-id=\"fdbc6c4\" data-element_type=\"widget\" data-e-type=\"widget\" data-widget_type=\"html.default\">\n\t\t\t\t\t<table width=\"100%\" style=\"font-family:Museo Sans 300; font-size: 16px; margin: auto;\">\n    <tbody>\n        <tr style=\"background-color: #432C6B; color: #eeeeee; border:1px solid #dddddd;\" height=\"50px\">\n            <td style=\"padding-left: 10px; padding-top: 10px; padding-bottom: 10px;\" width=\"50%\" align=\"center\">\n                <b>ASISTENTES<\/b><\/td>\n            <td style=\"padding-right: 10px;\" width=\"20%\" align=\"center\"><b>TARIFAS<\/b><\/td>\n                        <td style=\"padding-right: 10px;\" width=\"20%\" align=\"center\"><b>10% OFF<br>(hasta el 16 de abril)<\/b><\/td>\n        <\/tr>\n\n        <tr style=\"background-color: #eeeeee; border:1px solid #dddddd;\" height=\"50px\">\n            <td style=\"padding-left: 10px; padding-top: 10px; padding-bottom: 10px;\" width=\"50%\">\n                Inscripci\u00f3n general\n            <\/td>\n            <td style=\"padding-right: 10px;\" width=\"25%\" align=\"center\">US$ 990<\/td>\n                        <td style=\"padding-right: 10px;\" width=\"25%\" align=\"center\">US$ 890<\/td>\n        <\/tr>\n\n        <tr height=\"50px\" style=\"background-color: #ffffff; border:1px solid #dddddd;\">\n            <td style=\"padding-left: 10px; padding-top: 10px; padding-bottom: 10px;\" width=\"50%\">\n                Socios estrat\u00e9gicos\n            <\/td>\n            <td style=\"padding-right: 10px;\" width=\"25%\" align=\"center\">US$ 743<\/td>\n                        <td style=\"padding-right: 10px;\" width=\"25%\" align=\"center\">US$ 670<\/td>\n        <\/tr>\n\n        <tr style=\"background-color: #eeeeee; border:1px solid #dddddd;\" height=\"50px\">\n            <td style=\"padding-left: 10px; padding-top: 10px; padding-bottom: 10px;\" width=\"50%\">\n                Aerol\u00edneas miembro de ALTA (inscripci\u00f3n sin cargo hasta 3 participantes)\n            <\/td>\n            <td style=\"padding-right: 10px;\" width=\"25%\" align=\"center\">Sin cargo<\/td>\n                        <td style=\"padding-right: 10px;\" width=\"25%\" align=\"center\">Sin cargo<\/td>\n        <\/tr>\n\n        <tr height=\"50px\" style=\"border:1px solid #dddddd; background-color: #ffffff\">\n            <td style=\"padding-left: 10px; padding-top: 10px; padding-bottom: 10px;\" width=\"50%\">\n                Aerol\u00edneas miembro de ALTA (participantes adicionales)\n            <\/td>\n            <td style=\"padding-right: 10px;\" width=\"25%\" align=\"center\">US$ 50<\/td>\n                        <td style=\"padding-right: 10px;\" width=\"25%\" align=\"center\">US$ 45<\/td>\n        <\/tr>\n\n\n        <tr style=\"background-color: #eeeeee; border:1px solid #dddddd;\" height=\"50px\">\n            <td style=\"padding-left: 10px; padding-top: 10px; padding-bottom: 10px;\" width=\"50%\">\n                Aerol\u00edneas no miembro de ALTA\n            <\/td>\n            <td style=\"padding-right: 10px;\" width=\"25%\" align=\"center\">US$ 100<\/td>\n                        <td style=\"padding-right: 10px;\" width=\"25%\" align=\"center\">US$ 90<\/td>\n        <\/tr>\n\n        <tr height=\"50px\" style=\"border:1px solid #dddddd; background-color: #ffffff;\">\n            <td style=\"padding-left: 10px; padding-top: 10px; padding-bottom: 10px;\" width=\"50%\">\n                Asociaciones de la industria \/ BARs locales\n            <\/td>\n            <td style=\"padding-right: 10px;\" width=\"25%\" align=\"center\">US$ 350<\/td>\n                        <td style=\"padding-right: 10px;\" width=\"25%\" align=\"center\">US$ 315<\/td>\n        <\/tr>\n\n        <tr style=\"background-color: #eeeeee; border:1px solid #dddddd;\" height=\"50px\">\n            <td style=\"padding-left: 10px; padding-top: 10px; padding-bottom: 10px;\" width=\"50%\">\n                Autoridad de Aviaci\u00f3n Civil (Director General \u2013 inscripci\u00f3n sin cargo)\n            <\/td>\n            <td style=\"padding-right: 10px;\" width=\"25%\" align=\"center\">Sin cargo<\/td>\n                        <td style=\"padding-right: 10px;\" width=\"25%\" align=\"center\">Sin cargo<\/td>\n        <\/tr>\n\n        <tr height=\"50px\" style=\"border:1px solid #dddddd;background-color: #ffffff;\">\n            <td style=\"padding-left: 10px; padding-top: 10px; padding-bottom: 10px;\" width=\"50%\">\n                Autoridad de Aviaci\u00f3n Civil (participantes adicionales)\n            <\/td>\n            <td style=\"padding-right: 10px;\" width=\"25%\" align=\"center\">US$ 150<\/td>\n                        <td style=\"padding-right: 10px;\" width=\"25%\" align=\"center\">US$ 135<\/td>\n        <\/tr>\n\n        <tr style=\"background-color: #eeeeee; border:1px solid #dddddd;\" height=\"50px\">\n            <td style=\"bpadding-left: 10px; padding-top: 10px; padding-bottom: 10px;\" width=\"50%\">\n                Estudiantes\n            <\/td>\n            <td style=\"padding-right: 10px;\" width=\"25%\" align=\"center\">US$ 100<\/td>\n                        <td style=\"padding-right: 10px;\" width=\"25%\" align=\"center\">US$ 90<\/td>\n        <\/tr>\n    <\/tbody>\n<\/table>\t\t\t\t<\/div>\n\t\t\t\t<div class=\"elementor-element elementor-element-3e5150b elementor-hidden-desktop elementor-hidden-tablet elementor-hidden-mobile elementor-widget elementor-widget-heading\" data-id=\"3e5150b\" data-element_type=\"widget\" data-e-type=\"widget\" data-widget_type=\"heading.default\">\n\t\t\t\t\t<h5 class=\"elementor-heading-title elementor-size-default\">Dear participant,<br>\nRegistration for this conference is currently sold out. If you wish to add your name to our waiting list, please click the button below. Thank you for your interest!<\/h5>\t\t\t\t<\/div>\n\t\t\t\t<div class=\"elementor-element elementor-element-b160555 elementor-align-center elementor-widget elementor-widget-button\" data-id=\"b160555\" data-element_type=\"widget\" data-e-type=\"widget\" data-widget_type=\"button.default\">\n\t\t\t\t\t\t\t\t\t\t<a class=\"elementor-button elementor-button-link elementor-size-sm\" href=\"\/safety\/2026\/register\">\n\t\t\t\t\t\t<span class=\"elementor-button-content-wrapper\">\n\t\t\t\t\t\t<span class=\"elementor-button-icon\">\n\t\t\t\t<svg aria-hidden=\"true\" class=\"e-font-icon-svg e-fas-arrow-right\" viewBox=\"0 0 448 512\" xmlns=\"http:\/\/www.w3.org\/2000\/svg\"><path d=\"M190.5 66.9l22.2-22.2c9.4-9.4 24.6-9.4 33.9 0L441 239c9.4 9.4 9.4 24.6 0 33.9L246.6 467.3c-9.4 9.4-24.6 9.4-33.9 0l-22.2-22.2c-9.5-9.5-9.3-25 .4-34.3L311.4 296H24c-13.3 0-24-10.7-24-24v-32c0-13.3 10.7-24 24-24h287.4L190.9 101.2c-9.8-9.3-10-24.8-.4-34.3z\"><\/path><\/svg>\t\t\t<\/span>\n\t\t\t\t\t\t\t\t\t<span class=\"elementor-button-text\">REG\u00cdSTRESE AHORA<\/span>\n\t\t\t\t\t<\/span>\n\t\t\t\t\t<\/a>\n\t\t\t\t\t\t\t\t<\/div>\n\t\t\t\t\t<\/div>\n\t\t<\/div>\n\t\t\t\t\t<\/div>\n\t\t<\/section>\n\t\t<div class=\"elementor-element elementor-element-3e97ad6 e-con-full e-flex e-con e-parent\" data-id=\"3e97ad6\" data-element_type=\"container\" data-e-type=\"container\" data-settings=\"{&quot;background_background&quot;:&quot;classic&quot;}\">\n\t\t\t\t<div class=\"elementor-element elementor-element-feae7c4 elementor-widget-divider--view-line elementor-widget elementor-widget-divider\" data-id=\"feae7c4\" data-element_type=\"widget\" data-e-type=\"widget\" data-widget_type=\"divider.default\">\n\t\t\t\t\t\t\t<div class=\"elementor-divider\">\n\t\t\t<span class=\"elementor-divider-separator\">\n\t\t\t\t\t\t<\/span>\n\t\t<\/div>\n\t\t\t\t\t\t<\/div>\n\t\t\t\t<\/div>\n\t\t\t\t<\/div>\n\t\t","protected":false},"excerpt":{"rendered":"<p>CATEGORIAS DE REGISTRO ASISTENTES TARIFAS 10% OFF(hasta el 16 de abril) Inscripci\u00f3n general US$ 990 US$ 890 Socios estrat\u00e9gicos US$ 743 US$ 670 Aerol\u00edneas miembro de ALTA (inscripci\u00f3n sin cargo hasta 3 participantes) Sin cargo Sin cargo Aerol\u00edneas miembro de ALTA (participantes adicionales) US$ 50 US$ 45 Aerol\u00edneas no miembro de ALTA US$ 100 US$ [&hellip;]<\/p>\n","protected":false},"author":1,"featured_media":0,"parent":0,"menu_order":0,"comment_status":"closed","ping_status":"closed","template":"","meta":{"footnotes":""},"class_list":["post-617","page","type-page","status-publish","hentry"],"_links":{"self":[{"href":"https:\/\/alta.aero\/safety\/2026\/wp-json\/wp\/v2\/pages\/617","targetHints":{"allow":["GET"]}}],"collection":[{"href":"https:\/\/alta.aero\/safety\/2026\/wp-json\/wp\/v2\/pages"}],"about":[{"href":"https:\/\/alta.aero\/safety\/2026\/wp-json\/wp\/v2\/types\/page"}],"author":[{"embeddable":true,"href":"https:\/\/alta.aero\/safety\/2026\/wp-json\/wp\/v2\/users\/1"}],"replies":[{"embeddable":true,"href":"https:\/\/alta.aero\/safety\/2026\/wp-json\/wp\/v2\/comments?post=617"}],"version-history":[{"count":16,"href":"https:\/\/alta.aero\/safety\/2026\/wp-json\/wp\/v2\/pages\/617\/revisions"}],"predecessor-version":[{"id":872,"href":"https:\/\/alta.aero\/safety\/2026\/wp-json\/wp\/v2\/pages\/617\/revisions\/872"}],"wp:attachment":[{"href":"https:\/\/alta.aero\/safety\/2026\/wp-json\/wp\/v2\/media?parent=617"}],"curies":[{"name":"wp","href":"https:\/\/api.w.org\/{rel}","templated":true}]}}