{"id":599,"date":"2026-01-29T18:47:59","date_gmt":"2026-01-29T18:47:59","guid":{"rendered":"https:\/\/alta.aero\/safety\/2026\/?page_id=599"},"modified":"2026-03-16T18:30:09","modified_gmt":"2026-03-16T18:30:09","slug":"lugar","status":"publish","type":"page","link":"https:\/\/alta.aero\/safety\/2026\/es\/lugar\/","title":{"rendered":"Lugar"},"content":{"rendered":"\t\t<div data-elementor-type=\"wp-page\" data-elementor-id=\"599\" class=\"elementor elementor-599\" data-elementor-post-type=\"page\">\n\t\t\t\t<div class=\"elementor-element elementor-element-03b8a37 e-flex e-con-boxed e-con e-parent\" data-id=\"03b8a37\" data-element_type=\"container\" data-e-type=\"container\" data-settings=\"{&quot;background_background&quot;:&quot;classic&quot;}\">\n\t\t\t\t\t<div class=\"e-con-inner\">\n\t\t\t\t<div class=\"elementor-element elementor-element-d494cab elementor-widget elementor-widget-heading\" data-id=\"d494cab\" data-element_type=\"widget\" data-e-type=\"widget\" data-widget_type=\"heading.default\">\n\t\t\t\t\t<h2 class=\"elementor-heading-title elementor-size-default\">EL LUGAR<\/h2>\t\t\t\t<\/div>\n\t\t\t\t\t<\/div>\n\t\t\t\t<\/div>\n\t\t<div class=\"elementor-element elementor-element-cece642 elementor-hidden-desktop elementor-hidden-tablet e-flex e-con-boxed e-con e-parent\" data-id=\"cece642\" data-element_type=\"container\" data-e-type=\"container\">\n\t\t\t\t\t<div class=\"e-con-inner\">\n\t\t<div class=\"elementor-element elementor-element-ccdb23e e-con-full e-flex e-con e-child\" data-id=\"ccdb23e\" data-element_type=\"container\" data-e-type=\"container\">\n\t\t\t\t<div class=\"elementor-element elementor-element-2c38fbb elementor-widget elementor-widget-image\" data-id=\"2c38fbb\" data-element_type=\"widget\" data-e-type=\"widget\" data-widget_type=\"image.default\">\n\t\t\t\t\t\t\t\t\t\t\t\t\t\t\t<img decoding=\"async\" src=\"https:\/\/alta.aero\/safety\/2026\/wp-content\/uploads\/2026\/01\/HI.svg\" class=\"attachment-full size-full wp-image-586\" alt=\"\" \/>\t\t\t\t\t\t\t\t\t\t\t\t\t\t\t<\/div>\n\t\t\t\t<div class=\"elementor-element elementor-element-01001e6 elementor-widget elementor-widget-heading\" data-id=\"01001e6\" data-element_type=\"widget\" data-e-type=\"widget\" data-widget_type=\"heading.default\">\n\t\t\t\t\t<h2 class=\"elementor-heading-title elementor-size-default\"><span style=\"font-size: 2rem\">Hotel <\/span>Hilton Mendoza <\/h2>\t\t\t\t<\/div>\n\t\t<div class=\"elementor-element elementor-element-e1d307c e-con-full e-flex e-con e-child\" data-id=\"e1d307c\" data-element_type=\"container\" data-e-type=\"container\">\n\t\t\t\t<div class=\"elementor-element elementor-element-ba6da81 elementor-widget elementor-widget-image\" data-id=\"ba6da81\" data-element_type=\"widget\" data-e-type=\"widget\" data-widget_type=\"image.default\">\n\t\t\t\t\t\t\t\t\t\t\t\t\t\t\t<img fetchpriority=\"high\" decoding=\"async\" width=\"1967\" height=\"1269\" src=\"https:\/\/alta.aero\/safety\/2026\/wp-content\/uploads\/2026\/03\/mendoza-las-len\u0303as@2x-50.jpg\" class=\"attachment-full size-full wp-image-822\" alt=\"\" srcset=\"https:\/\/alta.aero\/safety\/2026\/wp-content\/uploads\/2026\/03\/mendoza-las-len\u0303as@2x-50.jpg 1967w, https:\/\/alta.aero\/safety\/2026\/wp-content\/uploads\/2026\/03\/mendoza-las-len\u0303as@2x-50-300x194.jpg 300w, https:\/\/alta.aero\/safety\/2026\/wp-content\/uploads\/2026\/03\/mendoza-las-len\u0303as@2x-50-1024x661.jpg 1024w, https:\/\/alta.aero\/safety\/2026\/wp-content\/uploads\/2026\/03\/mendoza-las-len\u0303as@2x-50-768x495.jpg 768w, https:\/\/alta.aero\/safety\/2026\/wp-content\/uploads\/2026\/03\/mendoza-las-len\u0303as@2x-50-1536x991.jpg 1536w\" sizes=\"(max-width: 1967px) 100vw, 1967px\" \/>\t\t\t\t\t\t\t\t\t\t\t\t\t\t\t<\/div>\n\t\t\t\t<div class=\"elementor-element elementor-element-92005cd elementor-widget elementor-widget-image\" data-id=\"92005cd\" data-element_type=\"widget\" data-e-type=\"widget\" data-widget_type=\"image.default\">\n\t\t\t\t\t\t\t\t\t\t\t\t\t\t\t<img decoding=\"async\" width=\"558\" height=\"381\" src=\"https:\/\/alta.aero\/safety\/2026\/wp-content\/uploads\/2026\/01\/image013.jpg\" class=\"attachment-full size-full wp-image-595\" alt=\"\" srcset=\"https:\/\/alta.aero\/safety\/2026\/wp-content\/uploads\/2026\/01\/image013.jpg 558w, https:\/\/alta.aero\/safety\/2026\/wp-content\/uploads\/2026\/01\/image013-300x205.jpg 300w\" sizes=\"(max-width: 558px) 100vw, 558px\" \/>\t\t\t\t\t\t\t\t\t\t\t\t\t\t\t<\/div>\n\t\t\t\t<\/div>\n\t\t\t\t<div class=\"elementor-element elementor-element-74eae07 elementor-widget elementor-widget-text-editor\" data-id=\"74eae07\" data-element_type=\"widget\" data-e-type=\"widget\" data-widget_type=\"text-editor.default\">\n\t\t\t\t\t\t\t\t\t<p style=\"font-weight: 400;\">El Hotel Hilton Mendoza, es ideal para relajarse y descansar luego de haber disfrutado de las m\u00faltiples opciones que proporciona la ciudad, enmarcada por la belleza de sus monta\u00f1as, r\u00edos, vi\u00f1edos, arte y cultura.<\/p><p style=\"font-weight: 400;\">El hotel est\u00e1 estrat\u00e9gicamente ubicado cerca de las tiendas y las atracciones de la ciudad para su viaje a Mendoza. Hotel cuenta con 15 pisos de altura, habitaciones y suites espaciosas, SPA, restaurante y bar, estacionamiento, casino y uno de los mayores centros de congresos, convenciones y eventos del pa\u00eds.<\/p><p style=\"font-weight: 400;\">Las caracter\u00edsticas de este moderno Centro de Congresos y el dise\u00f1o de sus 11 salones ubicados en una sola planta, definen un nuevo concepto para posicionar a Mendoza dentro del rubro, potenciando la capacidad de la provincia para atraer visitantes y empresas nacionales e internacionales.<\/p>\t\t\t\t\t\t\t\t<\/div>\n\t\t\t\t<div class=\"elementor-element elementor-element-899b835 elementor-widget elementor-widget-button\" data-id=\"899b835\" data-element_type=\"widget\" data-e-type=\"widget\" data-widget_type=\"button.default\">\n\t\t\t\t\t\t\t\t\t\t<a class=\"elementor-button elementor-button-link elementor-size-sm\" href=\"https:\/\/hil.tn\/z9ilfl\" target=\"_blank\">\n\t\t\t\t\t\t<span class=\"elementor-button-content-wrapper\">\n\t\t\t\t\t\t<span class=\"elementor-button-icon\">\n\t\t\t\t<svg aria-hidden=\"true\" class=\"e-font-icon-svg e-fas-chevron-right\" viewBox=\"0 0 320 512\" xmlns=\"http:\/\/www.w3.org\/2000\/svg\"><path d=\"M285.476 272.971L91.132 467.314c-9.373 9.373-24.569 9.373-33.941 0l-22.667-22.667c-9.357-9.357-9.375-24.522-.04-33.901L188.505 256 34.484 101.255c-9.335-9.379-9.317-24.544.04-33.901l22.667-22.667c9.373-9.373 24.569-9.373 33.941 0L285.475 239.03c9.373 9.372 9.373 24.568.001 33.941z\"><\/path><\/svg>\t\t\t<\/span>\n\t\t\t\t\t\t\t\t\t<span class=\"elementor-button-text\">RESERVA DE HOTEL<\/span>\n\t\t\t\t\t<\/span>\n\t\t\t\t\t<\/a>\n\t\t\t\t\t\t\t\t<\/div>\n\t\t\t\t<\/div>\n\t\t\t\t\t<\/div>\n\t\t\t\t<\/div>\n\t\t<div class=\"elementor-element elementor-element-e07157c elementor-hidden-mobile e-flex e-con-boxed e-con e-parent\" data-id=\"e07157c\" data-element_type=\"container\" data-e-type=\"container\">\n\t\t\t\t\t<div class=\"e-con-inner\">\n\t\t<div class=\"elementor-element elementor-element-82f5d59 e-con-full e-flex e-con e-child\" data-id=\"82f5d59\" data-element_type=\"container\" data-e-type=\"container\">\n\t\t\t\t<div class=\"elementor-element elementor-element-0f509f5 elementor-widget elementor-widget-image\" data-id=\"0f509f5\" data-element_type=\"widget\" data-e-type=\"widget\" data-widget_type=\"image.default\">\n\t\t\t\t\t\t\t\t\t\t\t\t\t\t\t<img decoding=\"async\" src=\"https:\/\/alta.aero\/safety\/2026\/wp-content\/uploads\/2026\/01\/HI.svg\" class=\"attachment-full size-full wp-image-586\" alt=\"\" \/>\t\t\t\t\t\t\t\t\t\t\t\t\t\t\t<\/div>\n\t\t\t\t<div class=\"elementor-element elementor-element-f53d356 elementor-widget elementor-widget-heading\" data-id=\"f53d356\" data-element_type=\"widget\" data-e-type=\"widget\" data-widget_type=\"heading.default\">\n\t\t\t\t\t<h2 class=\"elementor-heading-title elementor-size-default\"><span style=\"font-size: 2rem\">Hotel <\/span>Hilton Mendoza <\/h2>\t\t\t\t<\/div>\n\t\t\t\t<div class=\"elementor-element elementor-element-8b511b5 elementor-widget elementor-widget-text-editor\" data-id=\"8b511b5\" data-element_type=\"widget\" data-e-type=\"widget\" data-widget_type=\"text-editor.default\">\n\t\t\t\t\t\t\t\t\t<p class=\"p1\">El <span class=\"s1\"><b>Hilton Mendoza<\/b><\/span> es ideal para relajarse y descansar despu\u00e9s de disfrutar de las numerosas atracciones que la ciudad tiene para ofrecer, enmarcadas por la belleza de sus monta\u00f1as, r\u00edos, vi\u00f1edos, arte y cultura.<\/p><p class=\"p1\">El hotel est\u00e1 estrat\u00e9gicamente ubicado cerca de las tiendas y principales atracciones de la ciudad para tu visita a Mendoza. Cuenta con 15 pisos, amplias habitaciones y suites, spa, restaurante y bar, estacionamiento, casino y uno de los centros de convenciones y eventos m\u00e1s grandes del pa\u00eds.<\/p><p class=\"p1\">Las caracter\u00edsticas de este moderno <span class=\"s1\"><b>Centro de Convenciones<\/b><\/span> y el dise\u00f1o de sus 11 salas de reuniones, todas ubicadas en un mismo nivel, definen un nuevo concepto que posiciona a Mendoza como un destino l\u00edder en la industria, fortaleciendo la capacidad de la provincia para atraer visitantes y negocios nacionales e internacionales.<\/p>\t\t\t\t\t\t\t\t<\/div>\n\t\t\t\t<div class=\"elementor-element elementor-element-14e20f0 elementor-widget elementor-widget-button\" data-id=\"14e20f0\" data-element_type=\"widget\" data-e-type=\"widget\" data-widget_type=\"button.default\">\n\t\t\t\t\t\t\t\t\t\t<a class=\"elementor-button elementor-button-link elementor-size-sm\" href=\"https:\/\/hil.tn\/z9ilfl\" target=\"_blank\">\n\t\t\t\t\t\t<span class=\"elementor-button-content-wrapper\">\n\t\t\t\t\t\t<span class=\"elementor-button-icon\">\n\t\t\t\t<svg aria-hidden=\"true\" class=\"e-font-icon-svg e-fas-chevron-right\" viewBox=\"0 0 320 512\" xmlns=\"http:\/\/www.w3.org\/2000\/svg\"><path d=\"M285.476 272.971L91.132 467.314c-9.373 9.373-24.569 9.373-33.941 0l-22.667-22.667c-9.357-9.357-9.375-24.522-.04-33.901L188.505 256 34.484 101.255c-9.335-9.379-9.317-24.544.04-33.901l22.667-22.667c9.373-9.373 24.569-9.373 33.941 0L285.475 239.03c9.373 9.372 9.373 24.568.001 33.941z\"><\/path><\/svg>\t\t\t<\/span>\n\t\t\t\t\t\t\t\t\t<span class=\"elementor-button-text\">RESERVA DE HOTEL<\/span>\n\t\t\t\t\t<\/span>\n\t\t\t\t\t<\/a>\n\t\t\t\t\t\t\t\t<\/div>\n\t\t\t\t<\/div>\n\t\t<div class=\"elementor-element elementor-element-f18018d e-con-full e-flex e-con e-child\" data-id=\"f18018d\" data-element_type=\"container\" data-e-type=\"container\">\n\t\t\t\t<div class=\"elementor-element elementor-element-0387f7f elementor-widget elementor-widget-image\" data-id=\"0387f7f\" data-element_type=\"widget\" data-e-type=\"widget\" data-widget_type=\"image.default\">\n\t\t\t\t\t\t\t\t\t\t\t\t\t\t\t<img fetchpriority=\"high\" decoding=\"async\" width=\"1967\" height=\"1269\" src=\"https:\/\/alta.aero\/safety\/2026\/wp-content\/uploads\/2026\/03\/mendoza-las-len\u0303as@2x-50.jpg\" class=\"attachment-full size-full wp-image-822\" alt=\"\" srcset=\"https:\/\/alta.aero\/safety\/2026\/wp-content\/uploads\/2026\/03\/mendoza-las-len\u0303as@2x-50.jpg 1967w, https:\/\/alta.aero\/safety\/2026\/wp-content\/uploads\/2026\/03\/mendoza-las-len\u0303as@2x-50-300x194.jpg 300w, https:\/\/alta.aero\/safety\/2026\/wp-content\/uploads\/2026\/03\/mendoza-las-len\u0303as@2x-50-1024x661.jpg 1024w, https:\/\/alta.aero\/safety\/2026\/wp-content\/uploads\/2026\/03\/mendoza-las-len\u0303as@2x-50-768x495.jpg 768w, https:\/\/alta.aero\/safety\/2026\/wp-content\/uploads\/2026\/03\/mendoza-las-len\u0303as@2x-50-1536x991.jpg 1536w\" sizes=\"(max-width: 1967px) 100vw, 1967px\" \/>\t\t\t\t\t\t\t\t\t\t\t\t\t\t\t<\/div>\n\t\t\t\t<div class=\"elementor-element elementor-element-4756339 elementor-widget elementor-widget-image\" data-id=\"4756339\" data-element_type=\"widget\" data-e-type=\"widget\" data-widget_type=\"image.default\">\n\t\t\t\t\t\t\t\t\t\t\t\t\t\t\t<img decoding=\"async\" width=\"558\" height=\"381\" src=\"https:\/\/alta.aero\/safety\/2026\/wp-content\/uploads\/2026\/01\/image013.jpg\" class=\"attachment-full size-full wp-image-595\" alt=\"\" srcset=\"https:\/\/alta.aero\/safety\/2026\/wp-content\/uploads\/2026\/01\/image013.jpg 558w, https:\/\/alta.aero\/safety\/2026\/wp-content\/uploads\/2026\/01\/image013-300x205.jpg 300w\" sizes=\"(max-width: 558px) 100vw, 558px\" \/>\t\t\t\t\t\t\t\t\t\t\t\t\t\t\t<\/div>\n\t\t\t\t<\/div>\n\t\t\t\t\t<\/div>\n\t\t\t\t<\/div>\n\t\t<div class=\"elementor-element elementor-element-c04bb6c e-flex e-con-boxed e-con e-parent\" data-id=\"c04bb6c\" data-element_type=\"container\" data-e-type=\"container\">\n\t\t\t\t\t<div class=\"e-con-inner\">\n\t\t<div class=\"elementor-element elementor-element-934312c e-flex e-con-boxed e-con e-child\" data-id=\"934312c\" data-element_type=\"container\" data-e-type=\"container\">\n\t\t\t\t\t<div class=\"e-con-inner\">\n\t\t\t\t<div class=\"elementor-element elementor-element-a3c73db elementor-widget elementor-widget-heading\" data-id=\"a3c73db\" data-element_type=\"widget\" data-e-type=\"widget\" data-widget_type=\"heading.default\">\n\t\t\t\t\t<h2 class=\"elementor-heading-title elementor-size-default\">Advertencia \u2013 Agencia fraudulenta de reservas de hotel<\/h2>\t\t\t\t<\/div>\n\t\t\t\t<div class=\"elementor-element elementor-element-1a8b213 elementor-widget elementor-widget-text-editor\" data-id=\"1a8b213\" data-element_type=\"widget\" data-e-type=\"widget\" data-widget_type=\"text-editor.default\">\n\t\t\t\t\t\t\t\t\t<p class=\"p1\">\u00a1No te conviertas en una v\u00edctima! Hemos sido informados sobre la existencia de empresas fraudulentas de reservas de hotel que contactan a participantes y expositores de conferencias, present\u00e1ndose como proveedores preferidos o, en algunos casos, afirmando estar afiliados a ALTA como proveedor del evento o del hotel, ofreciendo tarifas m\u00e1s bajas y ubicaciones preferenciales en el \u00e1rea de exhibici\u00f3n a precios descontados.<\/p><p class=\"p1\">ALTA solo trabaja directamente con el hotel, y el \u00fanico canal oficial y seguro para gestionar tus reservas de hotel y de \u00e1rea de exhibici\u00f3n es a trav\u00e9s del enlace incluido en este sitio web.<\/p><p class=\"p1\">Si tienes alguna pregunta, cont\u00e1ctanos en\u00a0<a href=\"mailto:conferencesandmeetings@alta.aero\">conferencesandmeetings@alta.aero<\/a>.<\/p>\t\t\t\t\t\t\t\t<\/div>\n\t\t\t\t\t<\/div>\n\t\t\t\t<\/div>\n\t\t\t\t\t<\/div>\n\t\t\t\t<\/div>\n\t\t<div class=\"elementor-element elementor-element-75535ad e-flex e-con-boxed e-con e-parent\" data-id=\"75535ad\" data-element_type=\"container\" data-e-type=\"container\" data-settings=\"{&quot;background_background&quot;:&quot;classic&quot;}\">\n\t\t\t\t\t<div class=\"e-con-inner\">\n\t\t\t\t<div class=\"elementor-element elementor-element-02959fd elementor-widget elementor-widget-heading\" data-id=\"02959fd\" data-element_type=\"widget\" data-e-type=\"widget\" data-widget_type=\"heading.default\">\n\t\t\t\t\t<h2 class=\"elementor-heading-title elementor-size-default\">Sobre Mendoza<\/h2>\t\t\t\t<\/div>\n\t\t<div class=\"elementor-element elementor-element-b9d4d5a e-grid e-con-full e-con e-child\" data-id=\"b9d4d5a\" data-element_type=\"container\" data-e-type=\"container\">\n\t\t<div class=\"elementor-element elementor-element-760b218 e-con-full e-flex e-con e-child\" data-id=\"760b218\" data-element_type=\"container\" data-e-type=\"container\">\n\t\t\t\t<div class=\"elementor-element elementor-element-d03533e elementor-widget elementor-widget-image\" data-id=\"d03533e\" data-element_type=\"widget\" data-e-type=\"widget\" data-widget_type=\"image.default\">\n\t\t\t\t\t\t\t\t\t\t\t\t\t\t\t<img decoding=\"async\" width=\"800\" height=\"534\" src=\"https:\/\/alta.aero\/safety\/2026\/wp-content\/uploads\/2026\/01\/ing4@2x-50-1024x684.jpg\" class=\"attachment-large size-large wp-image-181\" alt=\"\" srcset=\"https:\/\/alta.aero\/safety\/2026\/wp-content\/uploads\/2026\/01\/ing4@2x-50-1024x684.jpg 1024w, https:\/\/alta.aero\/safety\/2026\/wp-content\/uploads\/2026\/01\/ing4@2x-50-300x200.jpg 300w, https:\/\/alta.aero\/safety\/2026\/wp-content\/uploads\/2026\/01\/ing4@2x-50-768x513.jpg 768w, https:\/\/alta.aero\/safety\/2026\/wp-content\/uploads\/2026\/01\/ing4@2x-50.jpg 1325w\" sizes=\"(max-width: 800px) 100vw, 800px\" \/>\t\t\t\t\t\t\t\t\t\t\t\t\t\t\t<\/div>\n\t\t\t\t<\/div>\n\t\t<div class=\"elementor-element elementor-element-ec7b551 e-con-full e-flex e-con e-child\" data-id=\"ec7b551\" data-element_type=\"container\" data-e-type=\"container\">\n\t\t\t\t<div class=\"elementor-element elementor-element-3cd43c3 elementor-widget elementor-widget-text-editor\" data-id=\"3cd43c3\" data-element_type=\"widget\" data-e-type=\"widget\" data-widget_type=\"text-editor.default\">\n\t\t\t\t\t\t\t\t\t<p class=\"p1\">Mendoza, oficialmente la <span class=\"s1\"><b>Ciudad de Mendoza<\/b><\/span>, es la capital de la provincia de Mendoza en Argentina. Est\u00e1 ubicada en la parte centro-norte de la provincia, en una regi\u00f3n de colinas y llanuras altas en el lado oriental de la <span class=\"s1\"><b>Cordillera de los Andes<\/b><\/span>.<\/p><p class=\"p1\">Mendoza es el coraz\u00f3n de la regi\u00f3n vitivin\u00edcola de Argentina, reconocida internacionalmente por su <span class=\"s1\"><b>Malbec<\/b><\/span> y otros vinos tintos. Las numerosas <span class=\"s1\"><b>bodegas<\/b><\/span> de la zona ofrecen a los visitantes degustaciones, recorridos y experiencias \u00fanicas relacionadas con el vino.<\/p><p class=\"p1\">La ciudad cuenta con amplias avenidas arboladas y una mezcla de arquitectura moderna y <span class=\"s1\">Art Dec\u00f3<\/span>. Varias plazas m\u00e1s peque\u00f1as rodean la <span class=\"s1\"><b>Plaza Independencia<\/b><\/span>, la plaza principal de la ciudad, que tambi\u00e9n alberga el <span class=\"s1\"><b>Museo Municipal de Arte Moderno<\/b><\/span> subterr\u00e1neo, donde se exhibe arte moderno y contempor\u00e1neo.<\/p>\t\t\t\t\t\t\t\t<\/div>\n\t\t\t\t<\/div>\n\t\t\t\t<\/div>\n\t\t\t\t\t<\/div>\n\t\t\t\t<\/div>\n\t\t\t\t<\/div>\n\t\t","protected":false},"excerpt":{"rendered":"<p>EL LUGAR Hotel Hilton Mendoza El Hotel Hilton Mendoza, es ideal para relajarse y descansar luego de haber disfrutado de las m\u00faltiples opciones que proporciona la ciudad, enmarcada por la belleza de sus monta\u00f1as, r\u00edos, vi\u00f1edos, arte y cultura. El hotel est\u00e1 estrat\u00e9gicamente ubicado cerca de las tiendas y las atracciones de la ciudad para [&hellip;]<\/p>\n","protected":false},"author":1,"featured_media":0,"parent":0,"menu_order":0,"comment_status":"closed","ping_status":"closed","template":"","meta":{"footnotes":""},"class_list":["post-599","page","type-page","status-publish","hentry"],"_links":{"self":[{"href":"https:\/\/alta.aero\/safety\/2026\/wp-json\/wp\/v2\/pages\/599","targetHints":{"allow":["GET"]}}],"collection":[{"href":"https:\/\/alta.aero\/safety\/2026\/wp-json\/wp\/v2\/pages"}],"about":[{"href":"https:\/\/alta.aero\/safety\/2026\/wp-json\/wp\/v2\/types\/page"}],"author":[{"embeddable":true,"href":"https:\/\/alta.aero\/safety\/2026\/wp-json\/wp\/v2\/users\/1"}],"replies":[{"embeddable":true,"href":"https:\/\/alta.aero\/safety\/2026\/wp-json\/wp\/v2\/comments?post=599"}],"version-history":[{"count":16,"href":"https:\/\/alta.aero\/safety\/2026\/wp-json\/wp\/v2\/pages\/599\/revisions"}],"predecessor-version":[{"id":905,"href":"https:\/\/alta.aero\/safety\/2026\/wp-json\/wp\/v2\/pages\/599\/revisions\/905"}],"wp:attachment":[{"href":"https:\/\/alta.aero\/safety\/2026\/wp-json\/wp\/v2\/media?parent=599"}],"curies":[{"name":"wp","href":"https:\/\/api.w.org\/{rel}","templated":true}]}}