{"id":443,"date":"2024-11-10T20:07:33","date_gmt":"2024-11-10T20:07:33","guid":{"rendered":"https:\/\/alta.aero\/safety\/2025\/?page_id=443"},"modified":"2025-06-07T23:17:46","modified_gmt":"2025-06-07T23:17:46","slug":"lugar","status":"publish","type":"page","link":"https:\/\/alta.aero\/safety\/2025\/es\/lugar\/","title":{"rendered":"Lugar"},"content":{"rendered":"\t\t<div data-elementor-type=\"wp-page\" data-elementor-id=\"443\" class=\"elementor elementor-443\" data-elementor-post-type=\"page\">\n\t\t\t\t<div class=\"elementor-element elementor-element-5a3be7c e-con-full e-flex e-con e-parent\" data-id=\"5a3be7c\" data-element_type=\"container\" data-settings=\"{&quot;background_background&quot;:&quot;classic&quot;}\">\n\t\t\t\t<div class=\"elementor-element elementor-element-724ad8a elementor-widget elementor-widget-heading\" data-id=\"724ad8a\" data-element_type=\"widget\" data-widget_type=\"heading.default\">\n\t\t\t\t<div class=\"elementor-widget-container\">\n\t\t\t\t\t<h2 class=\"elementor-heading-title elementor-size-default\">EL LUGAR<\/h2>\t\t\t\t<\/div>\n\t\t\t\t<\/div>\n\t\t\t\t<\/div>\n\t\t<div class=\"elementor-element elementor-element-b9a2cfe e-flex e-con-boxed e-con e-parent\" data-id=\"b9a2cfe\" data-element_type=\"container\">\n\t\t\t\t\t<div class=\"e-con-inner\">\n\t\t<div class=\"elementor-element elementor-element-4f44e6c e-grid e-con-full e-con e-child\" data-id=\"4f44e6c\" data-element_type=\"container\">\n\t\t<div class=\"elementor-element elementor-element-aa1930e e-con-full e-flex e-con e-child\" data-id=\"aa1930e\" data-element_type=\"container\">\n\t\t\t\t<div class=\"elementor-element elementor-element-49ca579 elementor-widget elementor-widget-image\" data-id=\"49ca579\" data-element_type=\"widget\" data-widget_type=\"image.default\">\n\t\t\t\t<div class=\"elementor-widget-container\">\n\t\t\t\t\t\t\t\t\t\t\t\t\t\t\t<img fetchpriority=\"high\" decoding=\"async\" width=\"225\" height=\"225\" src=\"https:\/\/alta.aero\/safety\/2025\/wp-content\/uploads\/2024\/12\/Logo-Hilton-Mexico-City-Reforma.png\" class=\"attachment-medium size-medium wp-image-496\" alt=\"\" srcset=\"https:\/\/alta.aero\/safety\/2025\/wp-content\/uploads\/2024\/12\/Logo-Hilton-Mexico-City-Reforma.png 225w, https:\/\/alta.aero\/safety\/2025\/wp-content\/uploads\/2024\/12\/Logo-Hilton-Mexico-City-Reforma-150x150.png 150w\" sizes=\"(max-width: 225px) 100vw, 225px\" \/>\t\t\t\t\t\t\t\t\t\t\t\t\t\t\t<\/div>\n\t\t\t\t<\/div>\n\t\t\t\t<div class=\"elementor-element elementor-element-31ee0bb elementor-widget elementor-widget-heading\" data-id=\"31ee0bb\" data-element_type=\"widget\" data-widget_type=\"heading.default\">\n\t\t\t\t<div class=\"elementor-widget-container\">\n\t\t\t\t\t<h2 class=\"elementor-heading-title elementor-size-default\">Hilton Mexico City Reforma\n<\/h2>\t\t\t\t<\/div>\n\t\t\t\t<\/div>\n\t\t\t\t<div class=\"elementor-element elementor-element-f4e81f0 elementor-widget elementor-widget-text-editor\" data-id=\"f4e81f0\" data-element_type=\"widget\" data-widget_type=\"text-editor.default\">\n\t\t\t\t<div class=\"elementor-widget-container\">\n\t\t\t\t\t\t\t\t\t<p style=\"font-weight: 400;\">Encuentre nuestro hotel de gran altura en el coraz\u00f3n de la Ciudad de <span data-markjs=\"true\">M\u00e9xico<\/span>, frente al parque Alameda Central y a solo 650 metros del Palacio de Bellas Artes. El centro hist\u00f3rico de la Ciudad de <span data-markjs=\"true\">M\u00e9xico<\/span>, que se centra en la plaza del Z\u00f3calo, est\u00e1 a menos de dos kil\u00f3metros de distancia. Contamos con una piscina en la azotea, un spa y un centro de convenciones de dos pisos.<\/p><p style=\"font-weight: 400;\">Contamos con tres restaurantes y un bar en el lobby. Los Dones ofrece comidas tipo buf\u00e9 y a la carta, mientras que El Cardenal sirve platos tradicionales mexicanos y coloniales elaborados con ingredientes de la granja.<\/p>\t\t\t\t\t\t\t\t<\/div>\n\t\t\t\t<\/div>\n\t\t\t\t<\/div>\n\t\t<div class=\"elementor-element elementor-element-7810978 e-con-full e-flex e-con e-child\" data-id=\"7810978\" data-element_type=\"container\" data-settings=\"{&quot;animation&quot;:&quot;none&quot;}\">\n\t\t\t\t<div class=\"elementor-element elementor-element-b1e9a10 elementor-widget elementor-widget-image\" data-id=\"b1e9a10\" data-element_type=\"widget\" data-widget_type=\"image.default\">\n\t\t\t\t<div class=\"elementor-widget-container\">\n\t\t\t\t\t\t\t\t\t\t\t\t\t\t\t<img decoding=\"async\" width=\"424\" height=\"314\" src=\"https:\/\/alta.aero\/safety\/2025\/wp-content\/uploads\/2024\/11\/frente-hotel.jpeg\" class=\"attachment-large size-large wp-image-467\" alt=\"\" srcset=\"https:\/\/alta.aero\/safety\/2025\/wp-content\/uploads\/2024\/11\/frente-hotel.jpeg 424w, https:\/\/alta.aero\/safety\/2025\/wp-content\/uploads\/2024\/11\/frente-hotel-300x222.jpeg 300w\" sizes=\"(max-width: 424px) 100vw, 424px\" \/>\t\t\t\t\t\t\t\t\t\t\t\t\t\t\t<\/div>\n\t\t\t\t<\/div>\n\t\t\t\t<div class=\"elementor-element elementor-element-971948b elementor-widget elementor-widget-image\" data-id=\"971948b\" data-element_type=\"widget\" data-widget_type=\"image.default\">\n\t\t\t\t<div class=\"elementor-widget-container\">\n\t\t\t\t\t\t\t\t\t\t\t\t\t\t\t<img decoding=\"async\" width=\"424\" height=\"314\" src=\"https:\/\/alta.aero\/safety\/2025\/wp-content\/uploads\/2024\/11\/habitacion.png\" class=\"attachment-full size-full wp-image-468\" alt=\"\" srcset=\"https:\/\/alta.aero\/safety\/2025\/wp-content\/uploads\/2024\/11\/habitacion.png 424w, https:\/\/alta.aero\/safety\/2025\/wp-content\/uploads\/2024\/11\/habitacion-300x222.png 300w\" sizes=\"(max-width: 424px) 100vw, 424px\" \/>\t\t\t\t\t\t\t\t\t\t\t\t\t\t\t<\/div>\n\t\t\t\t<\/div>\n\t\t\t\t<\/div>\n\t\t\t\t<\/div>\n\t\t\t\t\t<\/div>\n\t\t\t\t<\/div>\n\t\t<div class=\"elementor-element elementor-element-986896d e-flex e-con-boxed e-con e-parent\" data-id=\"986896d\" data-element_type=\"container\">\n\t\t\t\t\t<div class=\"e-con-inner\">\n\t\t\t\t<div class=\"elementor-element elementor-element-a88e897 elementor-widget elementor-widget-heading\" data-id=\"a88e897\" data-element_type=\"widget\" data-widget_type=\"heading.default\">\n\t\t\t\t<div class=\"elementor-widget-container\">\n\t\t\t\t\t<h2 class=\"elementor-heading-title elementor-size-default\">ALERTA \u2013 AGENCIA DE VIAJES FRAUDULENTA PARA RESERVAS DE HOTEL<\/h2>\t\t\t\t<\/div>\n\t\t\t\t<\/div>\n\t\t\t\t<div class=\"elementor-element elementor-element-99029ab elementor-widget elementor-widget-text-editor\" data-id=\"99029ab\" data-element_type=\"widget\" data-widget_type=\"text-editor.default\">\n\t\t\t\t<div class=\"elementor-widget-container\">\n\t\t\t\t\t\t\t\t\t<p>\u00a1No seas v\u00edctima! Se nos ha informado de la existencia de compa\u00f1\u00edas fraudulentas, que operan present\u00e1ndose a los participantes y expositores de conferencias como un proveedor preferido o, en algunos casos, afirmando estar afiliados a ALTA como proveedor de la compa\u00f1\u00eda u hotel del evento\/exhibici\u00f3n. Estas compa\u00f1\u00edas alegan ofrecer tarifas de hotel m\u00e1s bajas que el hotel y \u00e1reas de exhibici\u00f3n preferenciales a precios de descuento. ALTA solo trabaja directamente con el hotel y el \u00fanico canal oficial y seguro para procesar sus reservas de hotel y \u00e1reas de exhibici\u00f3n es a trav\u00e9s del enlace incluido en este sitio web. Si tiene alguna pregunta, por favor cont\u00e1ctenos a trav\u00e9s del correo\u00a0<a href=\"mailto:conferencesandmeetings@alta.aero\">conferencesandmeetings@alta.aero<\/a>.<\/p>\t\t\t\t\t\t\t\t<\/div>\n\t\t\t\t<\/div>\n\t\t\t\t\t<\/div>\n\t\t\t\t<\/div>\n\t\t<div class=\"elementor-element elementor-element-ff0edbd e-con-full e-flex e-con e-parent\" data-id=\"ff0edbd\" data-element_type=\"container\" data-settings=\"{&quot;background_background&quot;:&quot;classic&quot;}\">\n\t\t<div class=\"elementor-element elementor-element-525a262 e-grid e-con-boxed e-con e-child\" data-id=\"525a262\" data-element_type=\"container\">\n\t\t\t\t\t<div class=\"e-con-inner\">\n\t\t<div class=\"elementor-element elementor-element-02ef06f e-con-full e-flex e-con e-child\" data-id=\"02ef06f\" data-element_type=\"container\">\n\t\t\t\t<div class=\"elementor-element elementor-element-e67b5c4 elementor-widget elementor-widget-heading\" data-id=\"e67b5c4\" data-element_type=\"widget\" data-widget_type=\"heading.default\">\n\t\t\t\t<div class=\"elementor-widget-container\">\n\t\t\t\t\t<h2 class=\"elementor-heading-title elementor-size-default\">CIUDAD DE MEXICO<\/h2>\t\t\t\t<\/div>\n\t\t\t\t<\/div>\n\t\t\t\t<div class=\"elementor-element elementor-element-ab3440d elementor-widget elementor-widget-text-editor\" data-id=\"ab3440d\" data-element_type=\"widget\" data-widget_type=\"text-editor.default\">\n\t\t\t\t<div class=\"elementor-widget-container\">\n\t\t\t\t\t\t\t\t\t<p>Ciudad de M\u00e9xico, es la capital de M\u00e9xico y la ciudad m\u00e1s poblada de Am\u00e9rica del Norte. Es un centro cultural y financiero global, y una de las ciudades m\u00e1s grandes del mundo. Es uno de los asentamientos urbanos habitados continuamente m\u00e1s antiguos del Hemisferio Occidental, y est\u00e1 clasificado como una de las \u00e1reas metropolitanas m\u00e1s pobladas del mundo. Una de las pocas ciudades importantes que no se encuentra a lo largo de las orillas de un r\u00edo, se encuentra en una cuenca interior llamada el Valle de M\u00e9xico, o Mesa Central.<\/p>\t\t\t\t\t\t\t\t<\/div>\n\t\t\t\t<\/div>\n\t\t\t\t<\/div>\n\t\t\t\t<div class=\"elementor-element elementor-element-c037304 elementor-widget elementor-widget-image\" data-id=\"c037304\" data-element_type=\"widget\" data-widget_type=\"image.default\">\n\t\t\t\t<div class=\"elementor-widget-container\">\n\t\t\t\t\t\t\t\t\t\t\t\t\t\t\t<img loading=\"lazy\" decoding=\"async\" width=\"1295\" height=\"1104\" src=\"https:\/\/alta.aero\/safety\/2025\/wp-content\/uploads\/2024\/10\/img-venue@1.5x.png\" class=\"attachment-full size-full wp-image-46\" alt=\"\" srcset=\"https:\/\/alta.aero\/safety\/2025\/wp-content\/uploads\/2024\/10\/img-venue@1.5x.png 1295w, https:\/\/alta.aero\/safety\/2025\/wp-content\/uploads\/2024\/10\/img-venue@1.5x-300x256.png 300w, https:\/\/alta.aero\/safety\/2025\/wp-content\/uploads\/2024\/10\/img-venue@1.5x-1024x873.png 1024w, https:\/\/alta.aero\/safety\/2025\/wp-content\/uploads\/2024\/10\/img-venue@1.5x-768x655.png 768w\" sizes=\"(max-width: 1295px) 100vw, 1295px\" \/>\t\t\t\t\t\t\t\t\t\t\t\t\t\t\t<\/div>\n\t\t\t\t<\/div>\n\t\t\t\t\t<\/div>\n\t\t\t\t<\/div>\n\t\t\t\t<\/div>\n\t\t\t\t<\/div>\n\t\t","protected":false},"excerpt":{"rendered":"<p>EL LUGAR Hilton Mexico City Reforma Encuentre nuestro hotel de gran altura en el coraz\u00f3n de la Ciudad de M\u00e9xico, frente al parque Alameda Central y a solo 650 metros del Palacio de Bellas Artes. El centro hist\u00f3rico de la Ciudad de M\u00e9xico, que se centra en la plaza del Z\u00f3calo, est\u00e1 a menos de [&hellip;]<\/p>\n","protected":false},"author":1,"featured_media":0,"parent":0,"menu_order":0,"comment_status":"closed","ping_status":"closed","template":"elementor_header_footer","meta":{"footnotes":""},"class_list":["post-443","page","type-page","status-publish","hentry"],"yoast_head":"<!-- This site is optimized with the Yoast SEO Premium plugin v24.1 (Yoast SEO v25.3) - https:\/\/yoast.com\/wordpress\/plugins\/seo\/ -->\n<title>Lugar - ALTA Safety Summit<\/title>\n<meta name=\"robots\" content=\"index, follow, max-snippet:-1, max-image-preview:large, max-video-preview:-1\" \/>\n<link rel=\"canonical\" href=\"https:\/\/alta.aero\/safety\/2025\/es\/lugar\/\" \/>\n<meta property=\"og:locale\" content=\"en_US\" \/>\n<meta property=\"og:type\" content=\"article\" \/>\n<meta property=\"og:title\" content=\"ALTA Aviation Safety, Flight Ops and Training Summit 2025\" \/>\n<meta property=\"og:description\" content=\"The ALTA Aviation Safety, Flight Ops &amp; Training Summit will be a unique meeting for all professionals who dedicate themselves daily to seeking the highest levels of aviation safety and operational standards in the region.\" \/>\n<meta property=\"og:url\" content=\"https:\/\/alta.aero\/safety\/2025\/es\/lugar\/\" \/>\n<meta property=\"og:site_name\" content=\"ALTA Safety Summit\" \/>\n<meta property=\"article:modified_time\" content=\"2025-06-07T23:17:46+00:00\" \/>\n<meta property=\"og:image\" content=\"https:\/\/alta.aero\/safety\/2025\/wp-content\/uploads\/2024\/12\/Logo-Hilton-Mexico-City-Reforma.png\" \/>\n\t<meta property=\"og:image:width\" content=\"225\" \/>\n\t<meta property=\"og:image:height\" content=\"225\" \/>\n\t<meta property=\"og:image:type\" content=\"image\/png\" \/>\n<meta name=\"twitter:card\" content=\"summary_large_image\" \/>\n<meta name=\"twitter:site\" content=\"@ALTA_aero\" \/>\n<meta name=\"twitter:label1\" content=\"Est. reading time\" \/>\n\t<meta name=\"twitter:data1\" content=\"3 minutes\" \/>\n<script type=\"application\/ld+json\" class=\"yoast-schema-graph\">{\"@context\":\"https:\/\/schema.org\",\"@graph\":[{\"@type\":\"WebPage\",\"@id\":\"https:\/\/alta.aero\/safety\/2025\/es\/lugar\/\",\"url\":\"https:\/\/alta.aero\/safety\/2025\/es\/lugar\/\",\"name\":\"Lugar - ALTA Safety Summit\",\"isPartOf\":{\"@id\":\"https:\/\/alta.aero\/safety\/2025\/#website\"},\"primaryImageOfPage\":{\"@id\":\"https:\/\/alta.aero\/safety\/2025\/es\/lugar\/#primaryimage\"},\"image\":{\"@id\":\"https:\/\/alta.aero\/safety\/2025\/es\/lugar\/#primaryimage\"},\"thumbnailUrl\":\"https:\/\/alta.aero\/safety\/2025\/wp-content\/uploads\/2024\/12\/Logo-Hilton-Mexico-City-Reforma.png\",\"datePublished\":\"2024-11-10T20:07:33+00:00\",\"dateModified\":\"2025-06-07T23:17:46+00:00\",\"breadcrumb\":{\"@id\":\"https:\/\/alta.aero\/safety\/2025\/es\/lugar\/#breadcrumb\"},\"inLanguage\":\"en-US\",\"potentialAction\":[{\"@type\":\"ReadAction\",\"target\":[\"https:\/\/alta.aero\/safety\/2025\/es\/lugar\/\"]}]},{\"@type\":\"ImageObject\",\"inLanguage\":\"en-US\",\"@id\":\"https:\/\/alta.aero\/safety\/2025\/es\/lugar\/#primaryimage\",\"url\":\"https:\/\/alta.aero\/safety\/2025\/wp-content\/uploads\/2024\/12\/Logo-Hilton-Mexico-City-Reforma.png\",\"contentUrl\":\"https:\/\/alta.aero\/safety\/2025\/wp-content\/uploads\/2024\/12\/Logo-Hilton-Mexico-City-Reforma.png\",\"width\":225,\"height\":225},{\"@type\":\"BreadcrumbList\",\"@id\":\"https:\/\/alta.aero\/safety\/2025\/es\/lugar\/#breadcrumb\",\"itemListElement\":[{\"@type\":\"ListItem\",\"position\":1,\"name\":\"Home\",\"item\":\"https:\/\/alta.aero\/safety\/2025\/\"},{\"@type\":\"ListItem\",\"position\":2,\"name\":\"Lugar\"}]},{\"@type\":\"WebSite\",\"@id\":\"https:\/\/alta.aero\/safety\/2025\/#website\",\"url\":\"https:\/\/alta.aero\/safety\/2025\/\",\"name\":\"ALTA Aviation Safety, Flight Ops and Training Summit 2025\",\"description\":\"The Future of Safety, Flight Ops and Training: Aligning Technology, Artificial Intelligence, and Human Value in the Aviation Industry.\",\"publisher\":{\"@id\":\"https:\/\/alta.aero\/safety\/2025\/#organization\"},\"alternateName\":\"ALTA Safety 2025\",\"potentialAction\":[{\"@type\":\"SearchAction\",\"target\":{\"@type\":\"EntryPoint\",\"urlTemplate\":\"https:\/\/alta.aero\/safety\/2025\/?s={search_term_string}\"},\"query-input\":{\"@type\":\"PropertyValueSpecification\",\"valueRequired\":true,\"valueName\":\"search_term_string\"}}],\"inLanguage\":\"en-US\"},{\"@type\":\"Organization\",\"@id\":\"https:\/\/alta.aero\/safety\/2025\/#organization\",\"name\":\"ALTA Aviation Safety, Flight Ops and Training Summit\",\"alternateName\":\"ALTA Aviation Safety, Flight Ops and Training Summit 2025\",\"url\":\"https:\/\/alta.aero\/safety\/2025\/\",\"logo\":{\"@type\":\"ImageObject\",\"inLanguage\":\"en-US\",\"@id\":\"https:\/\/alta.aero\/safety\/2025\/#\/schema\/logo\/image\/\",\"url\":\"https:\/\/alta.aero\/safety\/2025\/wp-content\/uploads\/2025\/02\/seo-icon.png\",\"contentUrl\":\"https:\/\/alta.aero\/safety\/2025\/wp-content\/uploads\/2025\/02\/seo-icon.png\",\"width\":696,\"height\":696,\"caption\":\"ALTA Aviation Safety, Flight Ops and Training Summit\"},\"image\":{\"@id\":\"https:\/\/alta.aero\/safety\/2025\/#\/schema\/logo\/image\/\"},\"sameAs\":[\"https:\/\/x.com\/ALTA_aero\"],\"description\":\"The ALTA Aviation Safety, Flight Ops & Training Summit will be a unique meeting for all professionals who dedicate themselves daily to seeking the highest levels of aviation safety and operational standards in the region.\"}]}<\/script>\n<!-- \/ Yoast SEO Premium plugin. -->","yoast_head_json":{"title":"Lugar - ALTA Safety Summit","robots":{"index":"index","follow":"follow","max-snippet":"max-snippet:-1","max-image-preview":"max-image-preview:large","max-video-preview":"max-video-preview:-1"},"canonical":"https:\/\/alta.aero\/safety\/2025\/es\/lugar\/","og_locale":"en_US","og_type":"article","og_title":"ALTA Aviation Safety, Flight Ops and Training Summit 2025","og_description":"The ALTA Aviation Safety, Flight Ops & Training Summit will be a unique meeting for all professionals who dedicate themselves daily to seeking the highest levels of aviation safety and operational standards in the region.","og_url":"https:\/\/alta.aero\/safety\/2025\/es\/lugar\/","og_site_name":"ALTA Safety Summit","article_modified_time":"2025-06-07T23:17:46+00:00","og_image":[{"width":225,"height":225,"url":"https:\/\/alta.aero\/safety\/2025\/wp-content\/uploads\/2024\/12\/Logo-Hilton-Mexico-City-Reforma.png","type":"image\/png"}],"twitter_card":"summary_large_image","twitter_site":"@ALTA_aero","twitter_misc":{"Est. reading time":"3 minutes"},"schema":{"@context":"https:\/\/schema.org","@graph":[{"@type":"WebPage","@id":"https:\/\/alta.aero\/safety\/2025\/es\/lugar\/","url":"https:\/\/alta.aero\/safety\/2025\/es\/lugar\/","name":"Lugar - ALTA Safety Summit","isPartOf":{"@id":"https:\/\/alta.aero\/safety\/2025\/#website"},"primaryImageOfPage":{"@id":"https:\/\/alta.aero\/safety\/2025\/es\/lugar\/#primaryimage"},"image":{"@id":"https:\/\/alta.aero\/safety\/2025\/es\/lugar\/#primaryimage"},"thumbnailUrl":"https:\/\/alta.aero\/safety\/2025\/wp-content\/uploads\/2024\/12\/Logo-Hilton-Mexico-City-Reforma.png","datePublished":"2024-11-10T20:07:33+00:00","dateModified":"2025-06-07T23:17:46+00:00","breadcrumb":{"@id":"https:\/\/alta.aero\/safety\/2025\/es\/lugar\/#breadcrumb"},"inLanguage":"en-US","potentialAction":[{"@type":"ReadAction","target":["https:\/\/alta.aero\/safety\/2025\/es\/lugar\/"]}]},{"@type":"ImageObject","inLanguage":"en-US","@id":"https:\/\/alta.aero\/safety\/2025\/es\/lugar\/#primaryimage","url":"https:\/\/alta.aero\/safety\/2025\/wp-content\/uploads\/2024\/12\/Logo-Hilton-Mexico-City-Reforma.png","contentUrl":"https:\/\/alta.aero\/safety\/2025\/wp-content\/uploads\/2024\/12\/Logo-Hilton-Mexico-City-Reforma.png","width":225,"height":225},{"@type":"BreadcrumbList","@id":"https:\/\/alta.aero\/safety\/2025\/es\/lugar\/#breadcrumb","itemListElement":[{"@type":"ListItem","position":1,"name":"Home","item":"https:\/\/alta.aero\/safety\/2025\/"},{"@type":"ListItem","position":2,"name":"Lugar"}]},{"@type":"WebSite","@id":"https:\/\/alta.aero\/safety\/2025\/#website","url":"https:\/\/alta.aero\/safety\/2025\/","name":"ALTA Aviation Safety, Flight Ops and Training Summit 2025","description":"The Future of Safety, Flight Ops and Training: Aligning Technology, Artificial Intelligence, and Human Value in the Aviation Industry.","publisher":{"@id":"https:\/\/alta.aero\/safety\/2025\/#organization"},"alternateName":"ALTA Safety 2025","potentialAction":[{"@type":"SearchAction","target":{"@type":"EntryPoint","urlTemplate":"https:\/\/alta.aero\/safety\/2025\/?s={search_term_string}"},"query-input":{"@type":"PropertyValueSpecification","valueRequired":true,"valueName":"search_term_string"}}],"inLanguage":"en-US"},{"@type":"Organization","@id":"https:\/\/alta.aero\/safety\/2025\/#organization","name":"ALTA Aviation Safety, Flight Ops and Training Summit","alternateName":"ALTA Aviation Safety, Flight Ops and Training Summit 2025","url":"https:\/\/alta.aero\/safety\/2025\/","logo":{"@type":"ImageObject","inLanguage":"en-US","@id":"https:\/\/alta.aero\/safety\/2025\/#\/schema\/logo\/image\/","url":"https:\/\/alta.aero\/safety\/2025\/wp-content\/uploads\/2025\/02\/seo-icon.png","contentUrl":"https:\/\/alta.aero\/safety\/2025\/wp-content\/uploads\/2025\/02\/seo-icon.png","width":696,"height":696,"caption":"ALTA Aviation Safety, Flight Ops and Training Summit"},"image":{"@id":"https:\/\/alta.aero\/safety\/2025\/#\/schema\/logo\/image\/"},"sameAs":["https:\/\/x.com\/ALTA_aero"],"description":"The ALTA Aviation Safety, Flight Ops & Training Summit will be a unique meeting for all professionals who dedicate themselves daily to seeking the highest levels of aviation safety and operational standards in the region."}]}},"_links":{"self":[{"href":"https:\/\/alta.aero\/safety\/2025\/wp-json\/wp\/v2\/pages\/443","targetHints":{"allow":["GET"]}}],"collection":[{"href":"https:\/\/alta.aero\/safety\/2025\/wp-json\/wp\/v2\/pages"}],"about":[{"href":"https:\/\/alta.aero\/safety\/2025\/wp-json\/wp\/v2\/types\/page"}],"author":[{"embeddable":true,"href":"https:\/\/alta.aero\/safety\/2025\/wp-json\/wp\/v2\/users\/1"}],"replies":[{"embeddable":true,"href":"https:\/\/alta.aero\/safety\/2025\/wp-json\/wp\/v2\/comments?post=443"}],"version-history":[{"count":34,"href":"https:\/\/alta.aero\/safety\/2025\/wp-json\/wp\/v2\/pages\/443\/revisions"}],"predecessor-version":[{"id":1454,"href":"https:\/\/alta.aero\/safety\/2025\/wp-json\/wp\/v2\/pages\/443\/revisions\/1454"}],"wp:attachment":[{"href":"https:\/\/alta.aero\/safety\/2025\/wp-json\/wp\/v2\/media?parent=443"}],"curies":[{"name":"wp","href":"https:\/\/api.w.org\/{rel}","templated":true}]}}