{"id":337,"date":"2025-05-15T14:11:57","date_gmt":"2025-05-15T17:11:57","guid":{"rendered":"https:\/\/alta.aero\/law\/2025\/?page_id=337"},"modified":"2025-06-04T16:25:40","modified_gmt":"2025-06-04T19:25:40","slug":"lugar","status":"publish","type":"page","link":"https:\/\/alta.aero\/law\/2025\/es\/lugar\/","title":{"rendered":"Lugar"},"content":{"rendered":"\t\t<div data-elementor-type=\"wp-page\" data-elementor-id=\"337\" class=\"elementor elementor-337\" data-elementor-post-type=\"page\">\n\t\t\t\t<div class=\"elementor-element elementor-element-00be4d2 e-con-full e-flex e-con e-parent\" data-id=\"00be4d2\" data-element_type=\"container\" data-settings=\"{&quot;background_background&quot;:&quot;classic&quot;}\">\n\t\t<div class=\"elementor-element elementor-element-56fc365 e-con-full e-flex e-con e-child\" data-id=\"56fc365\" data-element_type=\"container\">\n\t\t\t\t<div class=\"elementor-element elementor-element-0b947eb elementor-widget elementor-widget-heading\" data-id=\"0b947eb\" data-element_type=\"widget\" data-widget_type=\"heading.default\">\n\t\t\t\t<div class=\"elementor-widget-container\">\n\t\t\t\t\t<h2 class=\"elementor-heading-title elementor-size-default\"><a href=\"https:\/\/fargosi.com.ar\/\" target=\"_blank\">LUGAR<\/a><\/h2>\t\t\t\t<\/div>\n\t\t\t\t<\/div>\n\t\t\t\t<\/div>\n\t\t\t\t<\/div>\n\t\t<div class=\"elementor-element elementor-element-025186b e-flex e-con-boxed e-con e-parent\" data-id=\"025186b\" data-element_type=\"container\" data-settings=\"{&quot;background_background&quot;:&quot;classic&quot;}\">\n\t\t\t\t\t<div class=\"e-con-inner\">\n\t\t<div class=\"elementor-element elementor-element-ee6abbc e-con-full e-flex e-con e-child\" data-id=\"ee6abbc\" data-element_type=\"container\">\n\t\t<div class=\"elementor-element elementor-element-42a40a0 e-con-full e-flex e-con e-child\" data-id=\"42a40a0\" data-element_type=\"container\">\n\t\t\t\t<div class=\"elementor-element elementor-element-2f56e02 elementor-widget elementor-widget-image\" data-id=\"2f56e02\" data-element_type=\"widget\" data-widget_type=\"image.default\">\n\t\t\t\t<div class=\"elementor-widget-container\">\n\t\t\t\t\t\t\t\t\t\t\t\t\t\t\t<img fetchpriority=\"high\" decoding=\"async\" width=\"492\" height=\"102\" src=\"https:\/\/alta.aero\/law\/2025\/wp-content\/uploads\/2025\/05\/descarga.png\" class=\"attachment-full size-full wp-image-220\" alt=\"\" srcset=\"https:\/\/alta.aero\/law\/2025\/wp-content\/uploads\/2025\/05\/descarga.png 492w, https:\/\/alta.aero\/law\/2025\/wp-content\/uploads\/2025\/05\/descarga-300x62.png 300w\" sizes=\"(max-width: 492px) 100vw, 492px\" \/>\t\t\t\t\t\t\t\t\t\t\t\t\t\t\t<\/div>\n\t\t\t\t<\/div>\n\t\t\t\t<div class=\"elementor-element elementor-element-92b7a54 elementor-widget elementor-widget-text-editor\" data-id=\"92b7a54\" data-element_type=\"widget\" data-widget_type=\"text-editor.default\">\n\t\t\t\t<div class=\"elementor-widget-container\">\n\t\t\t\t\t\t\t\t\t<p>En 1980, Swissatel fue fundada por dos empresas suizas, Swissair y Nestl\u00e9. Desde entonces, ha ido creciendo y expandi\u00e9ndose por todo el mundo, y as\u00ed es como el 16 de septiembre de 1996 lleg\u00f3 a Per\u00fa y se inaugur\u00f3 Swissatel Lima. Unos a\u00f1os m\u00e1s tarde, Swissotel comenz\u00f3 a ser administrado por Fairmont Raffles Holding International Inc. y en 2016 fue comprado por AccorHotels, posicion\u00e1ndolo como un l\u00edder mundial en la industria hotelera y un jugador clave en el mercado de hoteles de lujo.<\/p><p>Swissotel Lima es un hotel de cinco estrellas con un lujoso toque suizo y un alojamiento cl\u00e1sico y elegante. Se encuentra en el coraz\u00f3n de San Isidro, el distrito cultural, residencial y de negocios m\u00e1s atractivo de la capital. Nuestro patrimonio europeo se refleja a trav\u00e9s de nuestra genuina hospitalidad, alta calidad, cuidado y confianza que ofrecemos a nuestros hu\u00e9spedes.<\/p>\t\t\t\t\t\t\t\t<\/div>\n\t\t\t\t<\/div>\n\t\t\t\t<div class=\"elementor-element elementor-element-484079d elementor-widget elementor-widget-button\" data-id=\"484079d\" data-element_type=\"widget\" data-widget_type=\"button.default\">\n\t\t\t\t<div class=\"elementor-widget-container\">\n\t\t\t\t\t\t\t\t\t<div class=\"elementor-button-wrapper\">\n\t\t\t\t\t<a class=\"elementor-button elementor-button-link elementor-size-sm\" href=\"https:\/\/all.accor.com\/lien_externe.svlt?goto=rech_resa&#038;destination=A5B8&#038;sourceid=ALTASP&#038;dayIn=13&#038;monthIn=09&#038;yearIn=2025&#038;nightNb=1&#038;preferredCode=ALTASP&#038;merchantid=par-accorEN\">\n\t\t\t\t\t\t<span class=\"elementor-button-content-wrapper\">\n\t\t\t\t\t\t<span class=\"elementor-button-icon\">\n\t\t\t\t<svg aria-hidden=\"true\" class=\"e-font-icon-svg e-fas-angle-right\" viewBox=\"0 0 256 512\" xmlns=\"http:\/\/www.w3.org\/2000\/svg\"><path d=\"M224.3 273l-136 136c-9.4 9.4-24.6 9.4-33.9 0l-22.6-22.6c-9.4-9.4-9.4-24.6 0-33.9l96.4-96.4-96.4-96.4c-9.4-9.4-9.4-24.6 0-33.9L54.3 103c9.4-9.4 24.6-9.4 33.9 0l136 136c9.5 9.4 9.5 24.6.1 34z\"><\/path><\/svg>\t\t\t<\/span>\n\t\t\t\t\t\t\t\t\t<span class=\"elementor-button-text\">RESERVAR HOTEL<\/span>\n\t\t\t\t\t<\/span>\n\t\t\t\t\t<\/a>\n\t\t\t\t<\/div>\n\t\t\t\t\t\t\t\t<\/div>\n\t\t\t\t<\/div>\n\t\t\t\t<\/div>\n\t\t\t\t<\/div>\n\t\t<div class=\"elementor-element elementor-element-fa53ee2 e-con-full e-flex e-con e-child\" data-id=\"fa53ee2\" data-element_type=\"container\">\n\t\t<div class=\"elementor-element elementor-element-d02b4b9 e-con-full e-flex e-con e-child\" data-id=\"d02b4b9\" data-element_type=\"container\">\n\t\t<div class=\"elementor-element elementor-element-e8f51c9 e-con-full e-flex e-con e-child\" data-id=\"e8f51c9\" data-element_type=\"container\">\n\t\t\t\t<div class=\"elementor-element elementor-element-cc006d2 elementor-widget elementor-widget-image\" data-id=\"cc006d2\" data-element_type=\"widget\" data-widget_type=\"image.default\">\n\t\t\t\t<div class=\"elementor-widget-container\">\n\t\t\t\t\t\t\t\t\t\t\t\t\t\t\t<img decoding=\"async\" width=\"900\" height=\"600\" src=\"https:\/\/alta.aero\/law\/2025\/wp-content\/uploads\/2025\/05\/Fachada-Swissotel.png\" class=\"attachment-full size-full wp-image-221\" alt=\"\" srcset=\"https:\/\/alta.aero\/law\/2025\/wp-content\/uploads\/2025\/05\/Fachada-Swissotel.png 900w, https:\/\/alta.aero\/law\/2025\/wp-content\/uploads\/2025\/05\/Fachada-Swissotel-300x200.png 300w, https:\/\/alta.aero\/law\/2025\/wp-content\/uploads\/2025\/05\/Fachada-Swissotel-768x512.png 768w\" sizes=\"(max-width: 900px) 100vw, 900px\" \/>\t\t\t\t\t\t\t\t\t\t\t\t\t\t\t<\/div>\n\t\t\t\t<\/div>\n\t\t\t\t<div class=\"elementor-element elementor-element-4f441d2 elementor-widget elementor-widget-image\" data-id=\"4f441d2\" data-element_type=\"widget\" data-widget_type=\"image.default\">\n\t\t\t\t<div class=\"elementor-widget-container\">\n\t\t\t\t\t\t\t\t\t\t\t\t\t\t\t<img decoding=\"async\" width=\"900\" height=\"600\" src=\"https:\/\/alta.aero\/law\/2025\/wp-content\/uploads\/2025\/05\/Lobby.png\" class=\"attachment-full size-full wp-image-222\" alt=\"\" srcset=\"https:\/\/alta.aero\/law\/2025\/wp-content\/uploads\/2025\/05\/Lobby.png 900w, https:\/\/alta.aero\/law\/2025\/wp-content\/uploads\/2025\/05\/Lobby-300x200.png 300w, https:\/\/alta.aero\/law\/2025\/wp-content\/uploads\/2025\/05\/Lobby-768x512.png 768w\" sizes=\"(max-width: 900px) 100vw, 900px\" \/>\t\t\t\t\t\t\t\t\t\t\t\t\t\t\t<\/div>\n\t\t\t\t<\/div>\n\t\t\t\t<\/div>\n\t\t\t\t<\/div>\n\t\t\t\t<\/div>\n\t\t\t\t\t<\/div>\n\t\t\t\t<\/div>\n\t\t<div class=\"elementor-element elementor-element-6018488 e-con-full e-flex e-con e-parent\" data-id=\"6018488\" data-element_type=\"container\" data-settings=\"{&quot;background_background&quot;:&quot;classic&quot;}\">\n\t\t<div class=\"elementor-element elementor-element-441c4a4 e-flex e-con-boxed e-con e-child\" data-id=\"441c4a4\" data-element_type=\"container\">\n\t\t\t\t\t<div class=\"e-con-inner\">\n\t\t\t\t<div class=\"elementor-element elementor-element-61480d7 elementor-widget elementor-widget-heading\" data-id=\"61480d7\" data-element_type=\"widget\" data-widget_type=\"heading.default\">\n\t\t\t\t<div class=\"elementor-widget-container\">\n\t\t\t\t\t<h2 class=\"elementor-heading-title elementor-size-default\">ALERTA - AGENCIA DE VIAJES FRAUDULENTA PARA RESERVAS DE HOTEL<\/h2>\t\t\t\t<\/div>\n\t\t\t\t<\/div>\n\t\t\t\t<div class=\"elementor-element elementor-element-a485be7 elementor-widget-divider--view-line elementor-widget elementor-widget-divider\" data-id=\"a485be7\" data-element_type=\"widget\" data-widget_type=\"divider.default\">\n\t\t\t\t<div class=\"elementor-widget-container\">\n\t\t\t\t\t\t\t<div class=\"elementor-divider\">\n\t\t\t<span class=\"elementor-divider-separator\">\n\t\t\t\t\t\t<\/span>\n\t\t<\/div>\n\t\t\t\t\t\t<\/div>\n\t\t\t\t<\/div>\n\t\t\t\t<div class=\"elementor-element elementor-element-f8e956a elementor-widget elementor-widget-text-editor\" data-id=\"f8e956a\" data-element_type=\"widget\" data-widget_type=\"text-editor.default\">\n\t\t\t\t<div class=\"elementor-widget-container\">\n\t\t\t\t\t\t\t\t\t\u00a1No sea v\u00edctima! Se nos ha informado de la existencia de compa\u00f1\u00edas fraudulentas que operan present\u00e1ndose a los participantes y expositores de conferencias como un proveedor preferido o en algunos casos afirmando estar afiliados a ALTA como proveedor de la compa\u00f1\u00eda u hotel del evento\/exhibici\u00f3n. Estas compa\u00f1\u00edas alegan ofrecer tarifas m\u00e1s bajas que el hotel y \u00e1reas de exhibici\u00f3n preferenciales a precios de descuento. ALTA s\u00f3lo trabaja directamente con el hotel y el \u00fanico canal oficial y seguro para procesar sus reservas de hotel y \u00e1reas de exhibici\u00f3n es a trav\u00e9s del enlace incluido en este sitio web. Si tiene alguna pregunta, favor comunicarse con nosotros a trav\u00e9s del e-mail\u00a0<a style=\"color:blue;\" href=\"mailto:conferencesandmeetings@alta.aero\"><strong>conferencesandmeetings@alta.aero<\/strong><\/a>.\t\t\t\t\t\t\t\t<\/div>\n\t\t\t\t<\/div>\n\t\t<div class=\"elementor-element elementor-element-60b619d e-grid e-con-full e-con e-child\" data-id=\"60b619d\" data-element_type=\"container\">\n\t\t<div class=\"elementor-element elementor-element-86f48a3 e-con-full e-flex e-con e-child\" data-id=\"86f48a3\" data-element_type=\"container\">\n\t\t\t\t<div class=\"elementor-element elementor-element-95d1d13 elementor-widget elementor-widget-heading\" data-id=\"95d1d13\" data-element_type=\"widget\" data-widget_type=\"heading.default\">\n\t\t\t\t<div class=\"elementor-widget-container\">\n\t\t\t\t\t<h2 class=\"elementor-heading-title elementor-size-default\">SOBRE LIMA<\/h2>\t\t\t\t<\/div>\n\t\t\t\t<\/div>\n\t\t\t\t<div class=\"elementor-element elementor-element-d2a6f39 elementor-widget-divider--view-line elementor-widget elementor-widget-divider\" data-id=\"d2a6f39\" data-element_type=\"widget\" data-widget_type=\"divider.default\">\n\t\t\t\t<div class=\"elementor-widget-container\">\n\t\t\t\t\t\t\t<div class=\"elementor-divider\">\n\t\t\t<span class=\"elementor-divider-separator\">\n\t\t\t\t\t\t<\/span>\n\t\t<\/div>\n\t\t\t\t\t\t<\/div>\n\t\t\t\t<\/div>\n\t\t\t\t<div class=\"elementor-element elementor-element-0d36da9 elementor-widget elementor-widget-text-editor\" data-id=\"0d36da9\" data-element_type=\"widget\" data-widget_type=\"text-editor.default\">\n\t\t\t\t<div class=\"elementor-widget-container\">\n\t\t\t\t\t\t\t\t\t<p>En Lima todo est\u00e1 en movimiento sin fin, e incluso el pasado est\u00e1 siendo redescubierto constantemente. Lima ofrece una extraordinaria variedad de emociones, sensaciones, colores y sabores: los viajeros pueden visitar la impresionante catedral de la ciudad, volar sobre el oc\u00e9ano, disfrutar de una puesta de sol fotog\u00e9nica o saborear una cocina inigualable.<\/p><p>Lima es un lugar de tendencias convergentes, creado por su gente y su cultura viva, donde encontrar\u00e1 todos los rincones del Per\u00fa representados. Una visita a Lima nunca puede ser suficiente. Lima, llena de riquezas de la era colonial, es la \u00fanica capital de Am\u00e9rica del Sur que se enfrenta al mar, y es aclamada como la capital gastron\u00f3mica de Am\u00e9rica Latina.<\/p>\t\t\t\t\t\t\t\t<\/div>\n\t\t\t\t<\/div>\n\t\t\t\t<\/div>\n\t\t<div class=\"elementor-element elementor-element-f96c22e e-con-full e-flex e-con e-child\" data-id=\"f96c22e\" data-element_type=\"container\">\n\t\t\t\t<div class=\"elementor-element elementor-element-24c32aa elementor-widget elementor-widget-image\" data-id=\"24c32aa\" data-element_type=\"widget\" data-widget_type=\"image.default\">\n\t\t\t\t<div class=\"elementor-widget-container\">\n\t\t\t\t\t\t\t\t\t\t\t\t\t\t\t<img loading=\"lazy\" decoding=\"async\" width=\"659\" height=\"440\" src=\"https:\/\/alta.aero\/law\/2025\/wp-content\/uploads\/2025\/05\/photovenue-100.jpg\" class=\"attachment-full size-full wp-image-223\" alt=\"\" srcset=\"https:\/\/alta.aero\/law\/2025\/wp-content\/uploads\/2025\/05\/photovenue-100.jpg 659w, https:\/\/alta.aero\/law\/2025\/wp-content\/uploads\/2025\/05\/photovenue-100-300x200.jpg 300w\" sizes=\"(max-width: 659px) 100vw, 659px\" \/>\t\t\t\t\t\t\t\t\t\t\t\t\t\t\t<\/div>\n\t\t\t\t<\/div>\n\t\t\t\t<\/div>\n\t\t\t\t<\/div>\n\t\t\t\t\t<\/div>\n\t\t\t\t<\/div>\n\t\t\t\t<\/div>\n\t\t\t\t<\/div>\n\t\t","protected":false},"excerpt":{"rendered":"<p>LUGAR En 1980, Swissatel fue fundada por dos empresas suizas, Swissair y Nestl\u00e9. Desde entonces, ha ido creciendo y expandi\u00e9ndose por todo el mundo, y as\u00ed es como el 16 de septiembre de 1996 lleg\u00f3 a Per\u00fa y se inaugur\u00f3 Swissatel Lima. Unos a\u00f1os m\u00e1s tarde, Swissotel comenz\u00f3 a ser administrado por Fairmont Raffles Holding [&hellip;]<\/p>\n","protected":false},"author":1,"featured_media":0,"parent":0,"menu_order":0,"comment_status":"closed","ping_status":"closed","template":"","meta":{"footnotes":""},"class_list":["post-337","page","type-page","status-publish","hentry"],"_links":{"self":[{"href":"https:\/\/alta.aero\/law\/2025\/wp-json\/wp\/v2\/pages\/337","targetHints":{"allow":["GET"]}}],"collection":[{"href":"https:\/\/alta.aero\/law\/2025\/wp-json\/wp\/v2\/pages"}],"about":[{"href":"https:\/\/alta.aero\/law\/2025\/wp-json\/wp\/v2\/types\/page"}],"author":[{"embeddable":true,"href":"https:\/\/alta.aero\/law\/2025\/wp-json\/wp\/v2\/users\/1"}],"replies":[{"embeddable":true,"href":"https:\/\/alta.aero\/law\/2025\/wp-json\/wp\/v2\/comments?post=337"}],"version-history":[{"count":25,"href":"https:\/\/alta.aero\/law\/2025\/wp-json\/wp\/v2\/pages\/337\/revisions"}],"predecessor-version":[{"id":712,"href":"https:\/\/alta.aero\/law\/2025\/wp-json\/wp\/v2\/pages\/337\/revisions\/712"}],"wp:attachment":[{"href":"https:\/\/alta.aero\/law\/2025\/wp-json\/wp\/v2\/media?parent=337"}],"curies":[{"name":"wp","href":"https:\/\/api.w.org\/{rel}","templated":true}]}}