{"id":390,"date":"2025-08-06T02:55:57","date_gmt":"2025-08-06T02:55:57","guid":{"rendered":"https:\/\/alta.aero\/fuel\/2026\/?page_id=390"},"modified":"2025-11-03T18:04:07","modified_gmt":"2025-11-03T18:04:07","slug":"area-de-exhibicion","status":"publish","type":"page","link":"https:\/\/alta.aero\/fuel\/2026\/es\/area-de-exhibicion\/","title":{"rendered":"Area de Exhibici\u00f3n"},"content":{"rendered":"\t\t<div data-elementor-type=\"wp-page\" data-elementor-id=\"390\" class=\"elementor elementor-390\" data-elementor-post-type=\"page\">\n\t\t\t\t<div class=\"elementor-element elementor-element-7ecbf45 e-flex e-con-boxed e-con e-parent\" data-id=\"7ecbf45\" data-element_type=\"container\" data-settings=\"{&quot;background_background&quot;:&quot;classic&quot;}\">\n\t\t\t\t\t<div class=\"e-con-inner\">\n\t\t\t\t<div class=\"elementor-element elementor-element-ab71caa elementor-widget elementor-widget-heading\" data-id=\"ab71caa\" data-element_type=\"widget\" data-widget_type=\"heading.default\">\n\t\t\t\t\t<h2 class=\"elementor-heading-title elementor-size-default\">\u00c1rea de Exhibici\u00f3n<\/h2>\t\t\t\t<\/div>\n\t\t\t\t\t<\/div>\n\t\t\t\t<\/div>\n\t\t<div class=\"elementor-element elementor-element-b0f240c e-flex e-con-boxed e-con e-parent\" data-id=\"b0f240c\" data-element_type=\"container\" data-settings=\"{&quot;background_background&quot;:&quot;classic&quot;}\">\n\t\t\t\t\t<div class=\"e-con-inner\">\n\t\t\t\t<div class=\"elementor-element elementor-element-5669c69 elementor-widget elementor-widget-text-editor\" data-id=\"5669c69\" data-element_type=\"widget\" data-widget_type=\"text-editor.default\">\n\t\t\t\t\t\t\t\t\t<p>Todos los espacios de exhibici\u00f3n ser\u00e1n similares a los de a\u00f1os anteriores y contar\u00e1n con ubicaciones dedicadas para el stand o exhibici\u00f3n de su empresa. Ambas medidas son de 10 pies x 8 pies.\u00a0 No se permiten paredes laterales ni estructuras grandes, especialmente aquellas que bloquean la cabina contigua a la suya. Los puestos de exhibici\u00f3n no incluyen registros de cortes\u00eda.<\/p>\t\t\t\t\t\t\t\t<\/div>\n\t\t\t\t<div class=\"elementor-element elementor-element-c39c5a4 elementor-widget elementor-widget-heading\" data-id=\"c39c5a4\" data-element_type=\"widget\" data-widget_type=\"heading.default\">\n\t\t\t\t\t<h2 class=\"elementor-heading-title elementor-size-default\">Espacios Disponibles<\/h2>\t\t\t\t<\/div>\n\t\t\t\t<div class=\"elementor-element elementor-element-4a54d21 elementor-widget elementor-widget-image\" data-id=\"4a54d21\" data-element_type=\"widget\" data-widget_type=\"image.default\">\n\t\t\t\t\t\t\t\t\t\t\t\t\t\t\t<img fetchpriority=\"high\" decoding=\"async\" width=\"1585\" height=\"1225\" src=\"https:\/\/alta.aero\/fuel\/2026\/wp-content\/uploads\/2025\/11\/Exhibition-Area-1.jpg\" class=\"attachment-full size-full wp-image-1118\" alt=\"\" srcset=\"https:\/\/alta.aero\/fuel\/2026\/wp-content\/uploads\/2025\/11\/Exhibition-Area-1.jpg 1585w, https:\/\/alta.aero\/fuel\/2026\/wp-content\/uploads\/2025\/11\/Exhibition-Area-1-300x232.jpg 300w, https:\/\/alta.aero\/fuel\/2026\/wp-content\/uploads\/2025\/11\/Exhibition-Area-1-1024x791.jpg 1024w, https:\/\/alta.aero\/fuel\/2026\/wp-content\/uploads\/2025\/11\/Exhibition-Area-1-768x594.jpg 768w, https:\/\/alta.aero\/fuel\/2026\/wp-content\/uploads\/2025\/11\/Exhibition-Area-1-1536x1187.jpg 1536w\" sizes=\"(max-width: 1585px) 100vw, 1585px\" \/>\t\t\t\t\t\t\t\t\t\t\t\t\t\t\t<\/div>\n\t\t\t\t\t<\/div>\n\t\t\t\t<\/div>\n\t\t\t\t<\/div>\n\t\t","protected":false},"excerpt":{"rendered":"<p>\u00c1rea de Exhibici\u00f3n Todos los espacios de exhibici\u00f3n ser\u00e1n similares a los de a\u00f1os anteriores y contar\u00e1n con ubicaciones dedicadas para el stand o exhibici\u00f3n de su empresa. Ambas medidas son de 10 pies x 8 pies.\u00a0 No se permiten paredes laterales ni estructuras grandes, especialmente aquellas que bloquean la cabina contigua a la suya. [&hellip;]<\/p>\n","protected":false},"author":1,"featured_media":0,"parent":0,"menu_order":0,"comment_status":"closed","ping_status":"closed","template":"","meta":{"footnotes":""},"class_list":["post-390","page","type-page","status-publish","hentry"],"_links":{"self":[{"href":"https:\/\/alta.aero\/fuel\/2026\/wp-json\/wp\/v2\/pages\/390","targetHints":{"allow":["GET"]}}],"collection":[{"href":"https:\/\/alta.aero\/fuel\/2026\/wp-json\/wp\/v2\/pages"}],"about":[{"href":"https:\/\/alta.aero\/fuel\/2026\/wp-json\/wp\/v2\/types\/page"}],"author":[{"embeddable":true,"href":"https:\/\/alta.aero\/fuel\/2026\/wp-json\/wp\/v2\/users\/1"}],"replies":[{"embeddable":true,"href":"https:\/\/alta.aero\/fuel\/2026\/wp-json\/wp\/v2\/comments?post=390"}],"version-history":[{"count":7,"href":"https:\/\/alta.aero\/fuel\/2026\/wp-json\/wp\/v2\/pages\/390\/revisions"}],"predecessor-version":[{"id":1124,"href":"https:\/\/alta.aero\/fuel\/2026\/wp-json\/wp\/v2\/pages\/390\/revisions\/1124"}],"wp:attachment":[{"href":"https:\/\/alta.aero\/fuel\/2026\/wp-json\/wp\/v2\/media?parent=390"}],"curies":[{"name":"wp","href":"https:\/\/api.w.org\/{rel}","templated":true}]}}