{"id":378,"date":"2025-08-06T02:50:20","date_gmt":"2025-08-06T02:50:20","guid":{"rendered":"https:\/\/alta.aero\/fuel\/2026\/?page_id=378"},"modified":"2025-10-29T21:38:39","modified_gmt":"2025-10-29T21:38:39","slug":"lugar","status":"publish","type":"page","link":"https:\/\/alta.aero\/fuel\/2026\/es\/lugar\/","title":{"rendered":"Lugar"},"content":{"rendered":"\t\t<div data-elementor-type=\"wp-page\" data-elementor-id=\"378\" class=\"elementor elementor-378\" data-elementor-post-type=\"page\">\n\t\t\t\t<div class=\"elementor-element elementor-element-0293ef3 e-flex e-con-boxed e-con e-parent\" data-id=\"0293ef3\" data-element_type=\"container\" data-settings=\"{&quot;background_background&quot;:&quot;classic&quot;}\">\n\t\t\t\t\t<div class=\"e-con-inner\">\n\t\t\t\t<div class=\"elementor-element elementor-element-6b1adf7 elementor-widget elementor-widget-heading\" data-id=\"6b1adf7\" data-element_type=\"widget\" data-widget_type=\"heading.default\">\n\t\t\t\t\t<h2 class=\"elementor-heading-title elementor-size-default\">Lugar<\/h2>\t\t\t\t<\/div>\n\t\t\t\t\t<\/div>\n\t\t\t\t<\/div>\n\t\t<div class=\"elementor-element elementor-element-fecafc2 e-flex e-con-boxed e-con e-parent\" data-id=\"fecafc2\" data-element_type=\"container\">\n\t\t\t\t\t<div class=\"e-con-inner\">\n\t\t<div class=\"elementor-element elementor-element-6ff2c2a e-con-full e-flex e-con e-child\" data-id=\"6ff2c2a\" data-element_type=\"container\">\n\t\t\t\t<div class=\"elementor-element elementor-element-db4d2d6 elementor-widget elementor-widget-image\" data-id=\"db4d2d6\" data-element_type=\"widget\" data-widget_type=\"image.default\">\n\t\t\t\t\t\t\t\t\t\t\t\t\t\t\t<img fetchpriority=\"high\" decoding=\"async\" width=\"780\" height=\"365\" src=\"https:\/\/alta.aero\/fuel\/2026\/wp-content\/uploads\/2025\/08\/jw-marriot.jpg\" class=\"attachment-full size-full wp-image-837\" alt=\"\" srcset=\"https:\/\/alta.aero\/fuel\/2026\/wp-content\/uploads\/2025\/08\/jw-marriot.jpg 780w, https:\/\/alta.aero\/fuel\/2026\/wp-content\/uploads\/2025\/08\/jw-marriot-300x140.jpg 300w, https:\/\/alta.aero\/fuel\/2026\/wp-content\/uploads\/2025\/08\/jw-marriot-768x359.jpg 768w\" sizes=\"(max-width: 780px) 100vw, 780px\" \/>\t\t\t\t\t\t\t\t\t\t\t\t\t\t\t<\/div>\n\t\t\t\t<div class=\"elementor-element elementor-element-dd26273 elementor-widget elementor-widget-heading\" data-id=\"dd26273\" data-element_type=\"widget\" data-widget_type=\"heading.default\">\n\t\t\t\t\t<h2 class=\"elementor-heading-title elementor-size-default\">JW Marriott Quito<\/h2>\t\t\t\t<\/div>\n\t\t\t\t<div class=\"elementor-element elementor-element-89892e0 elementor-widget elementor-widget-text-editor\" data-id=\"89892e0\" data-element_type=\"widget\" data-widget_type=\"text-editor.default\">\n\t\t\t\t\t\t\t\t\t<p>En la mitad del mundo, Ecuador le da la bienvenida a su capital, donde la elegancia y la comodidad se unen en el impresionante JW Marriott Quito. Ubicado en el coraz\u00f3n de Quito, nuestro hotel ofrece una experiencia inigualable. Las lujosas habitaciones combinan un estilo elegante con comodidades de primera clase. Del\u00e9itese con los restaurantes de primera categor\u00eda, que ofrecen una variedad de cocina internacional y nacional, y rel\u00e1jese. Recon\u00e9ctese con usted mismo y con los dem\u00e1s en el entorno natural de Quito.<\/p>\t\t\t\t\t\t\t\t<\/div>\n\t\t\t\t<div class=\"elementor-element elementor-element-f24a1f4 elementor-widget elementor-widget-button\" data-id=\"f24a1f4\" data-element_type=\"widget\" data-widget_type=\"button.default\">\n\t\t\t\t\t\t\t\t\t\t<a class=\"elementor-button elementor-button-link elementor-size-sm\" href=\"https:\/\/www.marriott.com\/event-reservations\/reservation-link.mi?guestreslink2=true&#038;id=1754680987893&#038;key=GRP\" target=\"_blank\">\n\t\t\t\t\t\t<span class=\"elementor-button-content-wrapper\">\n\t\t\t\t\t\t\t\t\t<span class=\"elementor-button-text\">RESERVAR HABITACI\u00d3N<\/span>\n\t\t\t\t\t<\/span>\n\t\t\t\t\t<\/a>\n\t\t\t\t\t\t\t\t<\/div>\n\t\t\t\t<\/div>\n\t\t<div class=\"elementor-element elementor-element-1d50351 e-con-full e-flex e-con e-child\" data-id=\"1d50351\" data-element_type=\"container\">\n\t\t\t\t<div class=\"elementor-element elementor-element-ab57a10 elementor-widget elementor-widget-image\" data-id=\"ab57a10\" data-element_type=\"widget\" data-widget_type=\"image.default\">\n\t\t\t\t\t\t\t\t\t\t\t\t\t\t\t<img decoding=\"async\" width=\"1336\" height=\"893\" src=\"https:\/\/alta.aero\/fuel\/2026\/wp-content\/uploads\/2025\/08\/jw-uiodt-exterior-jw-quito-23128-19778_Classic-Hor.jpeg\" class=\"attachment-full size-full wp-image-238\" alt=\"\" srcset=\"https:\/\/alta.aero\/fuel\/2026\/wp-content\/uploads\/2025\/08\/jw-uiodt-exterior-jw-quito-23128-19778_Classic-Hor.jpeg 1336w, https:\/\/alta.aero\/fuel\/2026\/wp-content\/uploads\/2025\/08\/jw-uiodt-exterior-jw-quito-23128-19778_Classic-Hor-300x201.jpeg 300w, https:\/\/alta.aero\/fuel\/2026\/wp-content\/uploads\/2025\/08\/jw-uiodt-exterior-jw-quito-23128-19778_Classic-Hor-1024x684.jpeg 1024w, https:\/\/alta.aero\/fuel\/2026\/wp-content\/uploads\/2025\/08\/jw-uiodt-exterior-jw-quito-23128-19778_Classic-Hor-768x513.jpeg 768w\" sizes=\"(max-width: 1336px) 100vw, 1336px\" \/>\t\t\t\t\t\t\t\t\t\t\t\t\t\t\t<\/div>\n\t\t\t\t<div class=\"elementor-element elementor-element-7e94fcc elementor-widget elementor-widget-image\" data-id=\"7e94fcc\" data-element_type=\"widget\" data-widget_type=\"image.default\">\n\t\t\t\t\t\t\t\t\t\t\t\t\t\t\t<img decoding=\"async\" width=\"1140\" height=\"759\" src=\"https:\/\/alta.aero\/fuel\/2026\/wp-content\/uploads\/2025\/08\/jw-uiodt-guest-room-deluxe-27214_Classic-Hor.jpeg\" class=\"attachment-full size-full wp-image-239\" alt=\"\" srcset=\"https:\/\/alta.aero\/fuel\/2026\/wp-content\/uploads\/2025\/08\/jw-uiodt-guest-room-deluxe-27214_Classic-Hor.jpeg 1140w, https:\/\/alta.aero\/fuel\/2026\/wp-content\/uploads\/2025\/08\/jw-uiodt-guest-room-deluxe-27214_Classic-Hor-300x200.jpeg 300w, https:\/\/alta.aero\/fuel\/2026\/wp-content\/uploads\/2025\/08\/jw-uiodt-guest-room-deluxe-27214_Classic-Hor-1024x682.jpeg 1024w, https:\/\/alta.aero\/fuel\/2026\/wp-content\/uploads\/2025\/08\/jw-uiodt-guest-room-deluxe-27214_Classic-Hor-768x511.jpeg 768w\" sizes=\"(max-width: 1140px) 100vw, 1140px\" \/>\t\t\t\t\t\t\t\t\t\t\t\t\t\t\t<\/div>\n\t\t\t\t<\/div>\n\t\t\t\t\t<\/div>\n\t\t\t\t<\/div>\n\t\t<div class=\"elementor-element elementor-element-b82dc95 e-flex e-con-boxed e-con e-parent\" data-id=\"b82dc95\" data-element_type=\"container\" data-settings=\"{&quot;background_background&quot;:&quot;classic&quot;}\">\n\t\t\t\t\t<div class=\"e-con-inner\">\n\t\t\t\t<div class=\"elementor-element elementor-element-a0b9743 elementor-widget elementor-widget-heading\" data-id=\"a0b9743\" data-element_type=\"widget\" data-widget_type=\"heading.default\">\n\t\t\t\t\t<h2 class=\"elementor-heading-title elementor-size-default\">ALERTA - AGENCIA DE VIAJES FRAUDULENTA PARA RESERVAS DE HOTEL<\/h2>\t\t\t\t<\/div>\n\t\t\t\t<div class=\"elementor-element elementor-element-77c9158 elementor-widget-divider--view-line elementor-widget elementor-widget-divider\" data-id=\"77c9158\" data-element_type=\"widget\" data-widget_type=\"divider.default\">\n\t\t\t\t\t\t\t<div class=\"elementor-divider\">\n\t\t\t<span class=\"elementor-divider-separator\">\n\t\t\t\t\t\t<\/span>\n\t\t<\/div>\n\t\t\t\t\t\t<\/div>\n\t\t\t\t<div class=\"elementor-element elementor-element-f950b45 elementor-widget elementor-widget-text-editor\" data-id=\"f950b45\" data-element_type=\"widget\" data-widget_type=\"text-editor.default\">\n\t\t\t\t\t\t\t\t\t\u00a1No sea v\u00edctima! Se nos ha informado de la existencia de compa\u00f1\u00edas fraudulentas que operan present\u00e1ndose a los participantes y expositores de conferencias como un proveedor preferido o en algunos casos afirmando estar afiliados a ALTA como proveedor de la compa\u00f1\u00eda u hotel del evento\/exhibici\u00f3n. Estas compa\u00f1\u00edas alegan ofrecer tarifas m\u00e1s bajas que el hotel y \u00e1reas de exhibici\u00f3n preferenciales a precios de descuento. ALTA s\u00f3lo trabaja directamente con el hotel y el \u00fanico canal oficial y seguro para procesar sus reservas de hotel y \u00e1reas de exhibici\u00f3n es a trav\u00e9s del enlace incluido en este sitio web. Si tiene alguna pregunta, favor comunicarse con nosotros a trav\u00e9s del e-mail\u00a0<a style=\"color: blue;\" href=\"mailto:conferencesandmeetings@alta.aero\"><strong>conferencesandmeetings@alta.aero<\/strong><\/a>.\t\t\t\t\t\t\t\t<\/div>\n\t\t\t\t\t<\/div>\n\t\t\t\t<\/div>\n\t\t<div class=\"elementor-element elementor-element-ad26de4 e-flex e-con-boxed e-con e-parent\" data-id=\"ad26de4\" data-element_type=\"container\" data-settings=\"{&quot;background_background&quot;:&quot;classic&quot;}\">\n\t\t\t\t\t<div class=\"e-con-inner\">\n\t\t<div class=\"elementor-element elementor-element-fa8945e e-con-full e-flex e-con e-child\" data-id=\"fa8945e\" data-element_type=\"container\">\n\t\t\t\t<div class=\"elementor-element elementor-element-5cbe813 elementor-widget elementor-widget-heading\" data-id=\"5cbe813\" data-element_type=\"widget\" data-widget_type=\"heading.default\">\n\t\t\t\t\t<h2 class=\"elementor-heading-title elementor-size-default\">Quito, Ecuador<\/h2>\t\t\t\t<\/div>\n\t\t\t\t<div class=\"elementor-element elementor-element-b546515 elementor-widget elementor-widget-text-editor\" data-id=\"b546515\" data-element_type=\"widget\" data-widget_type=\"text-editor.default\">\n\t\t\t\t\t\t\t\t\t<p>Quito, la capital de Ecuador, es una ciudad rica en historia y cultura, enclavada en lo alto de la Cordillera de los Andes. Es conocida por su bien conservado centro colonial. Ubicada en las faldas del volc\u00e1n Pichincha, Quito presume de una combinaci\u00f3n \u00fanica de atractivos hist\u00f3ricos y naturales. Tiene la distinci\u00f3n de ser la segunda capital m\u00e1s alta del mundo, situada a una altitud aproximada de 2850 metros (9350 pies) sobre el nivel del mar en la cuenca del r\u00edo Guayllabamba, en la ladera oriental del Pichincha.<\/p>\t\t\t\t\t\t\t\t<\/div>\n\t\t\t\t<\/div>\n\t\t<div class=\"elementor-element elementor-element-ed6ef2f e-con-full e-flex e-con e-child\" data-id=\"ed6ef2f\" data-element_type=\"container\">\n\t\t\t\t<div class=\"elementor-element elementor-element-e382c94 elementor-widget elementor-widget-image\" data-id=\"e382c94\" data-element_type=\"widget\" data-widget_type=\"image.default\">\n\t\t\t\t\t\t\t\t\t\t\t\t\t\t\t<img loading=\"lazy\" decoding=\"async\" width=\"800\" height=\"534\" src=\"https:\/\/alta.aero\/fuel\/2026\/wp-content\/uploads\/2025\/08\/img-450-1024x684.jpg\" class=\"attachment-large size-large wp-image-226\" alt=\"\" srcset=\"https:\/\/alta.aero\/fuel\/2026\/wp-content\/uploads\/2025\/08\/img-450-1024x684.jpg 1024w, https:\/\/alta.aero\/fuel\/2026\/wp-content\/uploads\/2025\/08\/img-450-300x200.jpg 300w, https:\/\/alta.aero\/fuel\/2026\/wp-content\/uploads\/2025\/08\/img-450-768x513.jpg 768w, https:\/\/alta.aero\/fuel\/2026\/wp-content\/uploads\/2025\/08\/img-450.jpg 1325w\" sizes=\"(max-width: 800px) 100vw, 800px\" \/>\t\t\t\t\t\t\t\t\t\t\t\t\t\t\t<\/div>\n\t\t\t\t<\/div>\n\t\t\t\t\t<\/div>\n\t\t\t\t<\/div>\n\t\t\t\t<\/div>\n\t\t","protected":false},"excerpt":{"rendered":"<p>Lugar JW Marriott Quito En la mitad del mundo, Ecuador le da la bienvenida a su capital, donde la elegancia y la comodidad se unen en el impresionante JW Marriott Quito. Ubicado en el coraz\u00f3n de Quito, nuestro hotel ofrece una experiencia inigualable. Las lujosas habitaciones combinan un estilo elegante con comodidades de primera clase. [&hellip;]<\/p>\n","protected":false},"author":1,"featured_media":0,"parent":0,"menu_order":0,"comment_status":"closed","ping_status":"closed","template":"","meta":{"footnotes":""},"class_list":["post-378","page","type-page","status-publish","hentry"],"_links":{"self":[{"href":"https:\/\/alta.aero\/fuel\/2026\/wp-json\/wp\/v2\/pages\/378","targetHints":{"allow":["GET"]}}],"collection":[{"href":"https:\/\/alta.aero\/fuel\/2026\/wp-json\/wp\/v2\/pages"}],"about":[{"href":"https:\/\/alta.aero\/fuel\/2026\/wp-json\/wp\/v2\/types\/page"}],"author":[{"embeddable":true,"href":"https:\/\/alta.aero\/fuel\/2026\/wp-json\/wp\/v2\/users\/1"}],"replies":[{"embeddable":true,"href":"https:\/\/alta.aero\/fuel\/2026\/wp-json\/wp\/v2\/comments?post=378"}],"version-history":[{"count":28,"href":"https:\/\/alta.aero\/fuel\/2026\/wp-json\/wp\/v2\/pages\/378\/revisions"}],"predecessor-version":[{"id":1069,"href":"https:\/\/alta.aero\/fuel\/2026\/wp-json\/wp\/v2\/pages\/378\/revisions\/1069"}],"wp:attachment":[{"href":"https:\/\/alta.aero\/fuel\/2026\/wp-json\/wp\/v2\/media?parent=378"}],"curies":[{"name":"wp","href":"https:\/\/api.w.org\/{rel}","templated":true}]}}