{"id":700,"date":"2025-04-15T18:35:52","date_gmt":"2025-04-15T21:35:52","guid":{"rendered":"https:\/\/alta.aero\/forum\/2025\/?page_id=700"},"modified":"2025-07-01T18:18:56","modified_gmt":"2025-07-01T21:18:56","slug":"local","status":"publish","type":"page","link":"https:\/\/alta.aero\/forum\/2025\/pt\/local\/","title":{"rendered":"Local"},"content":{"rendered":"\t\t<div data-elementor-type=\"wp-page\" data-elementor-id=\"700\" class=\"elementor elementor-700\" data-elementor-post-type=\"page\">\n\t\t\t\t<div class=\"elementor-element elementor-element-e314912 e-con-full e-flex e-con e-parent\" data-id=\"e314912\" data-element_type=\"container\" data-settings=\"{&quot;background_background&quot;:&quot;classic&quot;}\">\n\t\t\t\t<div class=\"elementor-element elementor-element-0f7b488 elementor-widget elementor-widget-heading\" data-id=\"0f7b488\" data-element_type=\"widget\" data-widget_type=\"heading.default\">\n\t\t\t\t<div class=\"elementor-widget-container\">\n\t\t\t\t\t<h2 class=\"elementor-heading-title elementor-size-default\">LOCAL<\/h2>\t\t\t\t<\/div>\n\t\t\t\t<\/div>\n\t\t\t\t<\/div>\n\t\t<div class=\"elementor-element elementor-element-29a42b8 e-flex e-con-boxed e-con e-parent\" data-id=\"29a42b8\" data-element_type=\"container\" data-settings=\"{&quot;background_background&quot;:&quot;classic&quot;}\">\n\t\t\t\t\t<div class=\"e-con-inner\">\n\t\t<div class=\"elementor-element elementor-element-4c93a8d e-con-full e-flex e-con e-child\" data-id=\"4c93a8d\" data-element_type=\"container\">\n\t\t<div class=\"elementor-element elementor-element-a20036c e-con-full e-flex e-con e-child\" data-id=\"a20036c\" data-element_type=\"container\">\n\t\t\t\t<div class=\"elementor-element elementor-element-b5c236c elementor-widget elementor-widget-image\" data-id=\"b5c236c\" data-element_type=\"widget\" data-widget_type=\"image.default\">\n\t\t\t\t<div class=\"elementor-widget-container\">\n\t\t\t\t\t\t\t\t\t\t\t\t\t\t\t<img fetchpriority=\"high\" decoding=\"async\" width=\"492\" height=\"102\" src=\"https:\/\/alta.aero\/forum\/2025\/wp-content\/uploads\/2025\/04\/descarga.png\" class=\"attachment-full size-full wp-image-280\" alt=\"\" srcset=\"https:\/\/alta.aero\/forum\/2025\/wp-content\/uploads\/2025\/04\/descarga.png 492w, https:\/\/alta.aero\/forum\/2025\/wp-content\/uploads\/2025\/04\/descarga-300x62.png 300w\" sizes=\"(max-width: 492px) 100vw, 492px\" \/>\t\t\t\t\t\t\t\t\t\t\t\t\t\t\t<\/div>\n\t\t\t\t<\/div>\n\t\t\t\t<div class=\"elementor-element elementor-element-f4d4cfb elementor-widget elementor-widget-text-editor\" data-id=\"f4d4cfb\" data-element_type=\"widget\" data-widget_type=\"text-editor.default\">\n\t\t\t\t<div class=\"elementor-widget-container\">\n\t\t\t\t\t\t\t\t\t<p>Em 1980, a Swiss\u00f4tel foi fundada por duas empresas su\u00ed\u00e7as, Swissair e Nestl\u00e9. Desde ent\u00e3o, vem crescendo e se expandindo em todo o mundo, e \u00e9 assim que em 16 de setembro de 1996 chegou ao Peru e a Swiss\u00f4tel Lima foi inaugurada. Alguns anos depois, a Swiss\u00f4tel come\u00e7ou a ser gerenciada pela Fairmont Raffles Holding International Inc. e em 2016 foi comprada pela AccorHotels, posicionando-a como l\u00edder global no setor de hospitalidade e um participante importante no mercado de hot\u00e9is de luxo.<\/p><p><br \/>O Swiss\u00f4tel Lima \u00e9 um hotel de cinco estrelas com um toque su\u00ed\u00e7o luxuoso e acomoda\u00e7\u00f5es cl\u00e1ssicas e elegantes. Ele est\u00e1 localizado no cora\u00e7\u00e3o de San Isidro, o bairro cultural, residencial e empresarial mais atraente da capital. O nosso patrim\u00f3nio europeu reflete-se na nossa genu\u00edna hospitalidade, elevada qualidade, cuidado e confian\u00e7a que oferecemos aos nossos h\u00f3spedes.<\/p>\t\t\t\t\t\t\t\t<\/div>\n\t\t\t\t<\/div>\n\t\t\t\t<\/div>\n\t\t\t\t<div class=\"elementor-element elementor-element-c679f96 elementor-align-left elementor-widget elementor-widget-button\" data-id=\"c679f96\" data-element_type=\"widget\" data-widget_type=\"button.default\">\n\t\t\t\t<div class=\"elementor-widget-container\">\n\t\t\t\t\t\t\t\t\t<div class=\"elementor-button-wrapper\">\n\t\t\t\t\t<a class=\"elementor-button elementor-button-link elementor-size-sm\" href=\"https:\/\/all.accor.com\/lien_externe.svlt?goto=rech_resa&#038;destination=A5B8&#038;sourceid=ALTA25&#038;dayIn=18&#038;monthIn=10&#038;yearIn=2025&#038;nightNb=1&#038;preferredCode=ALTA25&#038;merchantid=par-accorEN\" target=\"_blank\">\n\t\t\t\t\t\t<span class=\"elementor-button-content-wrapper\">\n\t\t\t\t\t\t\t\t\t<span class=\"elementor-button-text\">RESERVAR AGORA<\/span>\n\t\t\t\t\t<\/span>\n\t\t\t\t\t<\/a>\n\t\t\t\t<\/div>\n\t\t\t\t\t\t\t\t<\/div>\n\t\t\t\t<\/div>\n\t\t\t\t<\/div>\n\t\t<div class=\"elementor-element elementor-element-aa70ed9 e-con-full e-flex e-con e-child\" data-id=\"aa70ed9\" data-element_type=\"container\">\n\t\t<div class=\"elementor-element elementor-element-471d6a1 e-con-full e-flex e-con e-child\" data-id=\"471d6a1\" data-element_type=\"container\">\n\t\t\t\t<div class=\"elementor-element elementor-element-5d9c91f elementor-widget elementor-widget-image\" data-id=\"5d9c91f\" data-element_type=\"widget\" data-widget_type=\"image.default\">\n\t\t\t\t<div class=\"elementor-widget-container\">\n\t\t\t\t\t\t\t\t\t\t\t\t\t\t\t<img decoding=\"async\" width=\"900\" height=\"600\" src=\"https:\/\/alta.aero\/forum\/2025\/wp-content\/uploads\/2025\/04\/Fachada-Swissotel.png\" class=\"attachment-full size-full wp-image-281\" alt=\"\" srcset=\"https:\/\/alta.aero\/forum\/2025\/wp-content\/uploads\/2025\/04\/Fachada-Swissotel.png 900w, https:\/\/alta.aero\/forum\/2025\/wp-content\/uploads\/2025\/04\/Fachada-Swissotel-300x200.png 300w, https:\/\/alta.aero\/forum\/2025\/wp-content\/uploads\/2025\/04\/Fachada-Swissotel-768x512.png 768w\" sizes=\"(max-width: 900px) 100vw, 900px\" \/>\t\t\t\t\t\t\t\t\t\t\t\t\t\t\t<\/div>\n\t\t\t\t<\/div>\n\t\t\t\t<\/div>\n\t\t<div class=\"elementor-element elementor-element-e4c55bb e-con-full e-flex e-con e-child\" data-id=\"e4c55bb\" data-element_type=\"container\">\n\t\t\t\t<div class=\"elementor-element elementor-element-a1b0ea8 elementor-widget elementor-widget-image\" data-id=\"a1b0ea8\" data-element_type=\"widget\" data-widget_type=\"image.default\">\n\t\t\t\t<div class=\"elementor-widget-container\">\n\t\t\t\t\t\t\t\t\t\t\t\t\t\t\t<img decoding=\"async\" width=\"900\" height=\"600\" src=\"https:\/\/alta.aero\/forum\/2025\/wp-content\/uploads\/2025\/04\/Lobby.png\" class=\"attachment-full size-full wp-image-282\" alt=\"\" srcset=\"https:\/\/alta.aero\/forum\/2025\/wp-content\/uploads\/2025\/04\/Lobby.png 900w, https:\/\/alta.aero\/forum\/2025\/wp-content\/uploads\/2025\/04\/Lobby-300x200.png 300w, https:\/\/alta.aero\/forum\/2025\/wp-content\/uploads\/2025\/04\/Lobby-768x512.png 768w\" sizes=\"(max-width: 900px) 100vw, 900px\" \/>\t\t\t\t\t\t\t\t\t\t\t\t\t\t\t<\/div>\n\t\t\t\t<\/div>\n\t\t\t\t<\/div>\n\t\t\t\t<\/div>\n\t\t\t\t\t<\/div>\n\t\t\t\t<\/div>\n\t\t<div class=\"elementor-element elementor-element-7091be9 e-flex e-con-boxed e-con e-parent\" data-id=\"7091be9\" data-element_type=\"container\" data-settings=\"{&quot;background_background&quot;:&quot;classic&quot;}\">\n\t\t\t\t\t<div class=\"e-con-inner\">\n\t\t<div class=\"elementor-element elementor-element-47c6a4f e-flex e-con-boxed e-con e-child\" data-id=\"47c6a4f\" data-element_type=\"container\">\n\t\t\t\t\t<div class=\"e-con-inner\">\n\t\t\t\t<div class=\"elementor-element elementor-element-efdcc6f elementor-widget elementor-widget-heading\" data-id=\"efdcc6f\" data-element_type=\"widget\" data-widget_type=\"heading.default\">\n\t\t\t\t<div class=\"elementor-widget-container\">\n\t\t\t\t\t<h2 class=\"elementor-heading-title elementor-size-default\">AVISO \u2013 AG\u00caNCIA DE VIAGENS DE RESERVA DE HOTEL FRAUDULENTA<\/h2>\t\t\t\t<\/div>\n\t\t\t\t<\/div>\n\t\t\t\t<div class=\"elementor-element elementor-element-9b9135b elementor-widget-divider--view-line elementor-widget elementor-widget-divider\" data-id=\"9b9135b\" data-element_type=\"widget\" data-widget_type=\"divider.default\">\n\t\t\t\t<div class=\"elementor-widget-container\">\n\t\t\t\t\t\t\t<div class=\"elementor-divider\">\n\t\t\t<span class=\"elementor-divider-separator\">\n\t\t\t\t\t\t<\/span>\n\t\t<\/div>\n\t\t\t\t\t\t<\/div>\n\t\t\t\t<\/div>\n\t\t\t\t<div class=\"elementor-element elementor-element-33992c9 elementor-widget elementor-widget-text-editor\" data-id=\"33992c9\" data-element_type=\"widget\" data-widget_type=\"text-editor.default\">\n\t\t\t\t<div class=\"elementor-widget-container\">\n\t\t\t\t\t\t\t\t\tN\u00e3o se torne uma v\u00edtima! Fomos informados da exist\u00eancia de empresas que fraudam reservas de hot\u00e9is. Elas operam entrando em contato com participantes da confer\u00eancia e expositores, se apresentando como fornecedores preferenciais ou, em alguns casos, alegando ser afiliados \u00e0 ALTA como parceiros da empresa de feiras\/exposi\u00e7\u00f5es ou do hotel. Nesse caso, oferecem tarifas de hotel mais baixas e locais preferenciais da \u00e1rea de exposi\u00e7\u00e3o com desconto, o que n\u00e3o procede.\n\nA ALTA s\u00f3 trabalha diretamente com o hotel e o \u00fanico canal oficial e seguro para processar suas reservas de hotel e \u00e1rea de exposi\u00e7\u00e3o \u00e9 atrav\u00e9s do link inclu\u00eddo neste site.\n\nSe voc\u00ea tiver alguma d\u00favida, entre em contato conosco em\u00a0<a style=\"color:blue\" href=\"mailto:conferencesandmeetings@alta.aero\">conferencesandmeetings@alta.aero<\/a>.\t\t\t\t\t\t\t\t<\/div>\n\t\t\t\t<\/div>\n\t\t<div class=\"elementor-element elementor-element-fa43615 e-grid e-con-boxed e-con e-child\" data-id=\"fa43615\" data-element_type=\"container\">\n\t\t\t\t\t<div class=\"e-con-inner\">\n\t\t<div class=\"elementor-element elementor-element-4925267 e-flex e-con-boxed e-con e-child\" data-id=\"4925267\" data-element_type=\"container\">\n\t\t\t\t\t<div class=\"e-con-inner\">\n\t\t\t\t<div class=\"elementor-element elementor-element-4b64d27 elementor-widget elementor-widget-heading\" data-id=\"4b64d27\" data-element_type=\"widget\" data-widget_type=\"heading.default\">\n\t\t\t\t<div class=\"elementor-widget-container\">\n\t\t\t\t\t<h2 class=\"elementor-heading-title elementor-size-default\">SOBRE LIMA<\/h2>\t\t\t\t<\/div>\n\t\t\t\t<\/div>\n\t\t\t\t<div class=\"elementor-element elementor-element-659dfa9 elementor-widget-divider--view-line elementor-widget elementor-widget-divider\" data-id=\"659dfa9\" data-element_type=\"widget\" data-widget_type=\"divider.default\">\n\t\t\t\t<div class=\"elementor-widget-container\">\n\t\t\t\t\t\t\t<div class=\"elementor-divider\">\n\t\t\t<span class=\"elementor-divider-separator\">\n\t\t\t\t\t\t<\/span>\n\t\t<\/div>\n\t\t\t\t\t\t<\/div>\n\t\t\t\t<\/div>\n\t\t\t\t<div class=\"elementor-element elementor-element-ae01647 elementor-widget elementor-widget-text-editor\" data-id=\"ae01647\" data-element_type=\"widget\" data-widget_type=\"text-editor.default\">\n\t\t\t\t<div class=\"elementor-widget-container\">\n\t\t\t\t\t\t\t\t\t<p>Em Lima tudo est\u00e1 em movimento sem fim, e at\u00e9 mesmo o passado est\u00e1 constantemente sendo redescoberto. Lima oferece uma extraordin\u00e1ria variedade de emo\u00e7\u00f5es, sensa\u00e7\u00f5es, cores e sabores: os viajantes podem visitar a impressionante catedral da cidade, voar sobre o oceano, desfrutar de um p\u00f4r do sol fotog\u00eanico ou saborear uma culin\u00e1ria incompar\u00e1vel.<\/p><p>Lima \u00e9 um lugar de tend\u00eancias convergentes, criado por seu povo e sua cultura viva, onde voc\u00ea encontrar\u00e1 todos os cantos do Peru representados. Uma visita a Lima nunca ser\u00e1 suficiente. Lima, cheia de riquezas da era colonial, \u00e9 a \u00fanica capital da Am\u00e9rica do Sul que enfrenta o mar, e \u00e9 saudada como a capital gastron\u00f4mica da Am\u00e9rica Latina.<\/p>\t\t\t\t\t\t\t\t<\/div>\n\t\t\t\t<\/div>\n\t\t\t\t\t<\/div>\n\t\t\t\t<\/div>\n\t\t<div class=\"elementor-element elementor-element-7c5b662 e-con-full e-flex e-con e-child\" data-id=\"7c5b662\" data-element_type=\"container\">\n\t\t\t\t<div class=\"elementor-element elementor-element-b228fa2 elementor-widget elementor-widget-image\" data-id=\"b228fa2\" data-element_type=\"widget\" data-widget_type=\"image.default\">\n\t\t\t\t<div class=\"elementor-widget-container\">\n\t\t\t\t\t\t\t\t\t\t\t\t\t\t\t<img loading=\"lazy\" decoding=\"async\" width=\"659\" height=\"440\" src=\"https:\/\/alta.aero\/forum\/2025\/wp-content\/uploads\/2025\/04\/photovenue-100.jpg\" class=\"attachment-full size-full wp-image-47\" alt=\"\" srcset=\"https:\/\/alta.aero\/forum\/2025\/wp-content\/uploads\/2025\/04\/photovenue-100.jpg 659w, https:\/\/alta.aero\/forum\/2025\/wp-content\/uploads\/2025\/04\/photovenue-100-300x200.jpg 300w\" sizes=\"(max-width: 659px) 100vw, 659px\" \/>\t\t\t\t\t\t\t\t\t\t\t\t\t\t\t<\/div>\n\t\t\t\t<\/div>\n\t\t\t\t<\/div>\n\t\t\t\t\t<\/div>\n\t\t\t\t<\/div>\n\t\t\t\t\t<\/div>\n\t\t\t\t<\/div>\n\t\t\t\t\t<\/div>\n\t\t\t\t<\/div>\n\t\t\t\t<\/div>\n\t\t","protected":false},"excerpt":{"rendered":"<p>LOCAL Em 1980, a Swiss\u00f4tel foi fundada por duas empresas su\u00ed\u00e7as, Swissair e Nestl\u00e9. Desde ent\u00e3o, vem crescendo e se expandindo em todo o mundo, e \u00e9 assim que em 16 de setembro de 1996 chegou ao Peru e a Swiss\u00f4tel Lima foi inaugurada. Alguns anos depois, a Swiss\u00f4tel come\u00e7ou a ser gerenciada pela Fairmont [&hellip;]<\/p>\n","protected":false},"author":1,"featured_media":0,"parent":0,"menu_order":0,"comment_status":"closed","ping_status":"closed","template":"","meta":{"footnotes":""},"class_list":["post-700","page","type-page","status-publish","hentry"],"_links":{"self":[{"href":"https:\/\/alta.aero\/forum\/2025\/wp-json\/wp\/v2\/pages\/700","targetHints":{"allow":["GET"]}}],"collection":[{"href":"https:\/\/alta.aero\/forum\/2025\/wp-json\/wp\/v2\/pages"}],"about":[{"href":"https:\/\/alta.aero\/forum\/2025\/wp-json\/wp\/v2\/types\/page"}],"author":[{"embeddable":true,"href":"https:\/\/alta.aero\/forum\/2025\/wp-json\/wp\/v2\/users\/1"}],"replies":[{"embeddable":true,"href":"https:\/\/alta.aero\/forum\/2025\/wp-json\/wp\/v2\/comments?post=700"}],"version-history":[{"count":19,"href":"https:\/\/alta.aero\/forum\/2025\/wp-json\/wp\/v2\/pages\/700\/revisions"}],"predecessor-version":[{"id":1760,"href":"https:\/\/alta.aero\/forum\/2025\/wp-json\/wp\/v2\/pages\/700\/revisions\/1760"}],"wp:attachment":[{"href":"https:\/\/alta.aero\/forum\/2025\/wp-json\/wp\/v2\/media?parent=700"}],"curies":[{"name":"wp","href":"https:\/\/api.w.org\/{rel}","templated":true}]}}