{"id":695,"date":"2025-04-15T18:35:20","date_gmt":"2025-04-15T21:35:20","guid":{"rendered":"https:\/\/alta.aero\/forum\/2025\/?page_id=695"},"modified":"2025-07-01T18:19:10","modified_gmt":"2025-07-01T21:19:10","slug":"lugar","status":"publish","type":"page","link":"https:\/\/alta.aero\/forum\/2025\/es\/lugar\/","title":{"rendered":"lugar"},"content":{"rendered":"\t\t<div data-elementor-type=\"wp-page\" data-elementor-id=\"695\" class=\"elementor elementor-695\" data-elementor-post-type=\"page\">\n\t\t\t\t<div class=\"elementor-element elementor-element-e314912 e-con-full e-flex e-con e-parent\" data-id=\"e314912\" data-element_type=\"container\" data-settings=\"{&quot;background_background&quot;:&quot;classic&quot;}\">\n\t\t\t\t<div class=\"elementor-element elementor-element-0f7b488 elementor-widget elementor-widget-heading\" data-id=\"0f7b488\" data-element_type=\"widget\" data-widget_type=\"heading.default\">\n\t\t\t\t<div class=\"elementor-widget-container\">\n\t\t\t\t\t<h2 class=\"elementor-heading-title elementor-size-default\">EL LUGAR<\/h2>\t\t\t\t<\/div>\n\t\t\t\t<\/div>\n\t\t\t\t<\/div>\n\t\t<div class=\"elementor-element elementor-element-29a42b8 e-flex e-con-boxed e-con e-parent\" data-id=\"29a42b8\" data-element_type=\"container\" data-settings=\"{&quot;background_background&quot;:&quot;classic&quot;}\">\n\t\t\t\t\t<div class=\"e-con-inner\">\n\t\t<div class=\"elementor-element elementor-element-4c93a8d e-con-full e-flex e-con e-child\" data-id=\"4c93a8d\" data-element_type=\"container\">\n\t\t<div class=\"elementor-element elementor-element-a20036c e-con-full e-flex e-con e-child\" data-id=\"a20036c\" data-element_type=\"container\">\n\t\t\t\t<div class=\"elementor-element elementor-element-b5c236c elementor-widget elementor-widget-image\" data-id=\"b5c236c\" data-element_type=\"widget\" data-widget_type=\"image.default\">\n\t\t\t\t<div class=\"elementor-widget-container\">\n\t\t\t\t\t\t\t\t\t\t\t\t\t\t\t<img fetchpriority=\"high\" decoding=\"async\" width=\"492\" height=\"102\" src=\"https:\/\/alta.aero\/forum\/2025\/wp-content\/uploads\/2025\/04\/descarga.png\" class=\"attachment-full size-full wp-image-280\" alt=\"\" srcset=\"https:\/\/alta.aero\/forum\/2025\/wp-content\/uploads\/2025\/04\/descarga.png 492w, https:\/\/alta.aero\/forum\/2025\/wp-content\/uploads\/2025\/04\/descarga-300x62.png 300w\" sizes=\"(max-width: 492px) 100vw, 492px\" \/>\t\t\t\t\t\t\t\t\t\t\t\t\t\t\t<\/div>\n\t\t\t\t<\/div>\n\t\t\t\t<div class=\"elementor-element elementor-element-f4d4cfb elementor-widget elementor-widget-text-editor\" data-id=\"f4d4cfb\" data-element_type=\"widget\" data-widget_type=\"text-editor.default\">\n\t\t\t\t<div class=\"elementor-widget-container\">\n\t\t\t\t\t\t\t\t\t<p>En 1980, Swissatel fue fundada por dos empresas suizas, Swissair y Nestl\u00e9. Desde entonces, ha ido creciendo y expandi\u00e9ndose por todo el mundo, y as\u00ed es como el 16 de septiembre de 1996 lleg\u00f3 a Per\u00fa y se inaugur\u00f3 Swissatel Lima. Unos a\u00f1os m\u00e1s tarde, Swissotel comenz\u00f3 a ser administrado por Fairmont Raffles Holding International Inc. y en 2016 fue comprado por AccorHotels, posicion\u00e1ndolo como un l\u00edder mundial en la industria hotelera y un jugador clave en el mercado de hoteles de lujo.<\/p><p>Swissotel Lima es un hotel de cinco estrellas con un lujoso toque suizo y un alojamiento cl\u00e1sico y elegante. Se encuentra en el coraz\u00f3n de San Isidro, el distrito cultural, residencial y de negocios m\u00e1s atractivo de la capital. Nuestro patrimonio europeo se refleja a trav\u00e9s de nuestra genuina hospitalidad, alta calidad, cuidado y confianza que ofrecemos a nuestros hu\u00e9spedes.<\/p>\t\t\t\t\t\t\t\t<\/div>\n\t\t\t\t<\/div>\n\t\t\t\t<\/div>\n\t\t\t\t<div class=\"elementor-element elementor-element-c679f96 elementor-align-left elementor-widget elementor-widget-button\" data-id=\"c679f96\" data-element_type=\"widget\" data-widget_type=\"button.default\">\n\t\t\t\t<div class=\"elementor-widget-container\">\n\t\t\t\t\t\t\t\t\t<div class=\"elementor-button-wrapper\">\n\t\t\t\t\t<a class=\"elementor-button elementor-button-link elementor-size-sm\" href=\"https:\/\/all.accor.com\/lien_externe.svlt?goto=rech_resa&#038;destination=A5B8&#038;sourceid=ALTA25&#038;dayIn=18&#038;monthIn=10&#038;yearIn=2025&#038;nightNb=1&#038;preferredCode=ALTA25&#038;merchantid=par-accorEN\" target=\"_blank\">\n\t\t\t\t\t\t<span class=\"elementor-button-content-wrapper\">\n\t\t\t\t\t\t\t\t\t<span class=\"elementor-button-text\">RESERVAR HABITACI\u00d3N<\/span>\n\t\t\t\t\t<\/span>\n\t\t\t\t\t<\/a>\n\t\t\t\t<\/div>\n\t\t\t\t\t\t\t\t<\/div>\n\t\t\t\t<\/div>\n\t\t\t\t<\/div>\n\t\t<div class=\"elementor-element elementor-element-aa70ed9 e-con-full e-flex e-con e-child\" data-id=\"aa70ed9\" data-element_type=\"container\">\n\t\t<div class=\"elementor-element elementor-element-471d6a1 e-con-full e-flex e-con e-child\" data-id=\"471d6a1\" data-element_type=\"container\">\n\t\t\t\t<div class=\"elementor-element elementor-element-5d9c91f elementor-widget elementor-widget-image\" data-id=\"5d9c91f\" data-element_type=\"widget\" data-widget_type=\"image.default\">\n\t\t\t\t<div class=\"elementor-widget-container\">\n\t\t\t\t\t\t\t\t\t\t\t\t\t\t\t<img decoding=\"async\" width=\"900\" height=\"600\" src=\"https:\/\/alta.aero\/forum\/2025\/wp-content\/uploads\/2025\/04\/Fachada-Swissotel.png\" class=\"attachment-full size-full wp-image-281\" alt=\"\" srcset=\"https:\/\/alta.aero\/forum\/2025\/wp-content\/uploads\/2025\/04\/Fachada-Swissotel.png 900w, https:\/\/alta.aero\/forum\/2025\/wp-content\/uploads\/2025\/04\/Fachada-Swissotel-300x200.png 300w, https:\/\/alta.aero\/forum\/2025\/wp-content\/uploads\/2025\/04\/Fachada-Swissotel-768x512.png 768w\" sizes=\"(max-width: 900px) 100vw, 900px\" \/>\t\t\t\t\t\t\t\t\t\t\t\t\t\t\t<\/div>\n\t\t\t\t<\/div>\n\t\t\t\t<\/div>\n\t\t<div class=\"elementor-element elementor-element-e4c55bb e-con-full e-flex e-con e-child\" data-id=\"e4c55bb\" data-element_type=\"container\">\n\t\t\t\t<div class=\"elementor-element elementor-element-a1b0ea8 elementor-widget elementor-widget-image\" data-id=\"a1b0ea8\" data-element_type=\"widget\" data-widget_type=\"image.default\">\n\t\t\t\t<div class=\"elementor-widget-container\">\n\t\t\t\t\t\t\t\t\t\t\t\t\t\t\t<img decoding=\"async\" width=\"900\" height=\"600\" src=\"https:\/\/alta.aero\/forum\/2025\/wp-content\/uploads\/2025\/04\/Lobby.png\" class=\"attachment-full size-full wp-image-282\" alt=\"\" srcset=\"https:\/\/alta.aero\/forum\/2025\/wp-content\/uploads\/2025\/04\/Lobby.png 900w, https:\/\/alta.aero\/forum\/2025\/wp-content\/uploads\/2025\/04\/Lobby-300x200.png 300w, https:\/\/alta.aero\/forum\/2025\/wp-content\/uploads\/2025\/04\/Lobby-768x512.png 768w\" sizes=\"(max-width: 900px) 100vw, 900px\" \/>\t\t\t\t\t\t\t\t\t\t\t\t\t\t\t<\/div>\n\t\t\t\t<\/div>\n\t\t\t\t<\/div>\n\t\t\t\t<\/div>\n\t\t\t\t\t<\/div>\n\t\t\t\t<\/div>\n\t\t<div class=\"elementor-element elementor-element-7091be9 e-flex e-con-boxed e-con e-parent\" data-id=\"7091be9\" data-element_type=\"container\" data-settings=\"{&quot;background_background&quot;:&quot;classic&quot;}\">\n\t\t\t\t\t<div class=\"e-con-inner\">\n\t\t<div class=\"elementor-element elementor-element-47c6a4f e-flex e-con-boxed e-con e-child\" data-id=\"47c6a4f\" data-element_type=\"container\">\n\t\t\t\t\t<div class=\"e-con-inner\">\n\t\t\t\t<div class=\"elementor-element elementor-element-efdcc6f elementor-widget elementor-widget-heading\" data-id=\"efdcc6f\" data-element_type=\"widget\" data-widget_type=\"heading.default\">\n\t\t\t\t<div class=\"elementor-widget-container\">\n\t\t\t\t\t<h2 class=\"elementor-heading-title elementor-size-default\">ALERTA - AGENCIA DE VIAJES FRAUDULENTA PARA RESERVAS DE HOTEL<\/h2>\t\t\t\t<\/div>\n\t\t\t\t<\/div>\n\t\t\t\t<div class=\"elementor-element elementor-element-9b9135b elementor-widget-divider--view-line elementor-widget elementor-widget-divider\" data-id=\"9b9135b\" data-element_type=\"widget\" data-widget_type=\"divider.default\">\n\t\t\t\t<div class=\"elementor-widget-container\">\n\t\t\t\t\t\t\t<div class=\"elementor-divider\">\n\t\t\t<span class=\"elementor-divider-separator\">\n\t\t\t\t\t\t<\/span>\n\t\t<\/div>\n\t\t\t\t\t\t<\/div>\n\t\t\t\t<\/div>\n\t\t\t\t<div class=\"elementor-element elementor-element-33992c9 elementor-widget elementor-widget-text-editor\" data-id=\"33992c9\" data-element_type=\"widget\" data-widget_type=\"text-editor.default\">\n\t\t\t\t<div class=\"elementor-widget-container\">\n\t\t\t\t\t\t\t\t\t\u00a1No sea v\u00edctima! Se nos ha informado de la existencia de compa\u00f1\u00edas fraudulentas que operan present\u00e1ndose a los participantes y expositores de conferencias como un proveedor preferido o en algunos casos afirmando estar afiliados a ALTA como proveedor de la compa\u00f1\u00eda u hotel del evento\/exhibici\u00f3n. Estas compa\u00f1\u00edas alegan ofrecer tarifas m\u00e1s bajas que el hotel y \u00e1reas de exhibici\u00f3n preferenciales a precios de descuento. ALTA s\u00f3lo trabaja directamente con el hotel y el \u00fanico canal oficial y seguro para procesar sus reservas de hotel y \u00e1reas de exhibici\u00f3n es a trav\u00e9s del enlace incluido en este sitio web.\n\nSi tiene alguna pregunta, favor comunicarse con nosotros a trav\u00e9s del e-mail\u00a0<a style=\"color: blue\" href=\"mailto:conferencesandmeetings@alta.aero\"><strong>conferencesandmeetings@alta.aero<\/strong><\/a>.\t\t\t\t\t\t\t\t<\/div>\n\t\t\t\t<\/div>\n\t\t<div class=\"elementor-element elementor-element-fa43615 e-grid e-con-boxed e-con e-child\" data-id=\"fa43615\" data-element_type=\"container\">\n\t\t\t\t\t<div class=\"e-con-inner\">\n\t\t<div class=\"elementor-element elementor-element-4925267 e-flex e-con-boxed e-con e-child\" data-id=\"4925267\" data-element_type=\"container\">\n\t\t\t\t\t<div class=\"e-con-inner\">\n\t\t\t\t<div class=\"elementor-element elementor-element-4b64d27 elementor-widget elementor-widget-heading\" data-id=\"4b64d27\" data-element_type=\"widget\" data-widget_type=\"heading.default\">\n\t\t\t\t<div class=\"elementor-widget-container\">\n\t\t\t\t\t<h2 class=\"elementor-heading-title elementor-size-default\">SOBRE LIMA<\/h2>\t\t\t\t<\/div>\n\t\t\t\t<\/div>\n\t\t\t\t<div class=\"elementor-element elementor-element-659dfa9 elementor-widget-divider--view-line elementor-widget elementor-widget-divider\" data-id=\"659dfa9\" data-element_type=\"widget\" data-widget_type=\"divider.default\">\n\t\t\t\t<div class=\"elementor-widget-container\">\n\t\t\t\t\t\t\t<div class=\"elementor-divider\">\n\t\t\t<span class=\"elementor-divider-separator\">\n\t\t\t\t\t\t<\/span>\n\t\t<\/div>\n\t\t\t\t\t\t<\/div>\n\t\t\t\t<\/div>\n\t\t\t\t<div class=\"elementor-element elementor-element-ae01647 elementor-widget elementor-widget-text-editor\" data-id=\"ae01647\" data-element_type=\"widget\" data-widget_type=\"text-editor.default\">\n\t\t\t\t<div class=\"elementor-widget-container\">\n\t\t\t\t\t\t\t\t\t<p>En Lima todo est\u00e1 en movimiento sin fin, e incluso el pasado est\u00e1 siendo redescubierto constantemente. Lima ofrece una extraordinaria variedad de emociones, sensaciones, colores y sabores: los viajeros pueden visitar la impresionante catedral de la ciudad, volar sobre el oc\u00e9ano, disfrutar de una puesta de sol fotog\u00e9nica o saborear una cocina inigualable.<\/p><p>Lima es un lugar de tendencias convergentes, creado por su gente y su cultura viva, donde encontrar\u00e1 todos los rincones del Per\u00fa representados. Una visita a Lima nunca puede ser suficiente. Lima, llena de riquezas de la era colonial, es la \u00fanica capital de Am\u00e9rica del Sur que se enfrenta al mar, y es aclamada como la capital gastron\u00f3mica de Am\u00e9rica Latina.<\/p>\t\t\t\t\t\t\t\t<\/div>\n\t\t\t\t<\/div>\n\t\t\t\t\t<\/div>\n\t\t\t\t<\/div>\n\t\t<div class=\"elementor-element elementor-element-7c5b662 e-con-full e-flex e-con e-child\" data-id=\"7c5b662\" data-element_type=\"container\">\n\t\t\t\t<div class=\"elementor-element elementor-element-b228fa2 elementor-widget elementor-widget-image\" data-id=\"b228fa2\" data-element_type=\"widget\" data-widget_type=\"image.default\">\n\t\t\t\t<div class=\"elementor-widget-container\">\n\t\t\t\t\t\t\t\t\t\t\t\t\t\t\t<img loading=\"lazy\" decoding=\"async\" width=\"659\" height=\"440\" src=\"https:\/\/alta.aero\/forum\/2025\/wp-content\/uploads\/2025\/04\/photovenue-100.jpg\" class=\"attachment-full size-full wp-image-47\" alt=\"\" srcset=\"https:\/\/alta.aero\/forum\/2025\/wp-content\/uploads\/2025\/04\/photovenue-100.jpg 659w, https:\/\/alta.aero\/forum\/2025\/wp-content\/uploads\/2025\/04\/photovenue-100-300x200.jpg 300w\" sizes=\"(max-width: 659px) 100vw, 659px\" \/>\t\t\t\t\t\t\t\t\t\t\t\t\t\t\t<\/div>\n\t\t\t\t<\/div>\n\t\t\t\t<\/div>\n\t\t\t\t\t<\/div>\n\t\t\t\t<\/div>\n\t\t\t\t\t<\/div>\n\t\t\t\t<\/div>\n\t\t\t\t\t<\/div>\n\t\t\t\t<\/div>\n\t\t\t\t<\/div>\n\t\t","protected":false},"excerpt":{"rendered":"<p>EL LUGAR En 1980, Swissatel fue fundada por dos empresas suizas, Swissair y Nestl\u00e9. Desde entonces, ha ido creciendo y expandi\u00e9ndose por todo el mundo, y as\u00ed es como el 16 de septiembre de 1996 lleg\u00f3 a Per\u00fa y se inaugur\u00f3 Swissatel Lima. Unos a\u00f1os m\u00e1s tarde, Swissotel comenz\u00f3 a ser administrado por Fairmont Raffles [&hellip;]<\/p>\n","protected":false},"author":1,"featured_media":0,"parent":0,"menu_order":0,"comment_status":"closed","ping_status":"closed","template":"","meta":{"footnotes":""},"class_list":["post-695","page","type-page","status-publish","hentry"],"_links":{"self":[{"href":"https:\/\/alta.aero\/forum\/2025\/wp-json\/wp\/v2\/pages\/695","targetHints":{"allow":["GET"]}}],"collection":[{"href":"https:\/\/alta.aero\/forum\/2025\/wp-json\/wp\/v2\/pages"}],"about":[{"href":"https:\/\/alta.aero\/forum\/2025\/wp-json\/wp\/v2\/types\/page"}],"author":[{"embeddable":true,"href":"https:\/\/alta.aero\/forum\/2025\/wp-json\/wp\/v2\/users\/1"}],"replies":[{"embeddable":true,"href":"https:\/\/alta.aero\/forum\/2025\/wp-json\/wp\/v2\/comments?post=695"}],"version-history":[{"count":22,"href":"https:\/\/alta.aero\/forum\/2025\/wp-json\/wp\/v2\/pages\/695\/revisions"}],"predecessor-version":[{"id":1766,"href":"https:\/\/alta.aero\/forum\/2025\/wp-json\/wp\/v2\/pages\/695\/revisions\/1766"}],"wp:attachment":[{"href":"https:\/\/alta.aero\/forum\/2025\/wp-json\/wp\/v2\/media?parent=695"}],"curies":[{"name":"wp","href":"https:\/\/api.w.org\/{rel}","templated":true}]}}