{"id":1271,"date":"2025-05-08T18:29:32","date_gmt":"2025-05-08T21:29:32","guid":{"rendered":"https:\/\/alta.aero\/forum\/2025\/?page_id=1271"},"modified":"2025-05-08T18:31:40","modified_gmt":"2025-05-08T21:31:40","slug":"area-de-exposicao","status":"publish","type":"page","link":"https:\/\/alta.aero\/forum\/2025\/pt\/area-de-exposicao\/","title":{"rendered":"area de exposicao"},"content":{"rendered":"\t\t<div data-elementor-type=\"wp-page\" data-elementor-id=\"1271\" class=\"elementor elementor-1271\" data-elementor-post-type=\"page\">\n\t\t\t\t<div class=\"elementor-element elementor-element-800bca4 e-con-full e-flex e-con e-parent\" data-id=\"800bca4\" data-element_type=\"container\" data-settings=\"{&quot;background_background&quot;:&quot;classic&quot;}\">\n\t\t\t\t<div class=\"elementor-element elementor-element-219fa89 elementor-widget elementor-widget-heading\" data-id=\"219fa89\" data-element_type=\"widget\" data-widget_type=\"heading.default\">\n\t\t\t\t<div class=\"elementor-widget-container\">\n\t\t\t\t\t<h2 class=\"elementor-heading-title elementor-size-default\">area de exposicao<\/h2>\t\t\t\t<\/div>\n\t\t\t\t<\/div>\n\t\t\t\t<\/div>\n\t\t<div class=\"elementor-element elementor-element-256ab3b e-flex e-con-boxed e-con e-parent\" data-id=\"256ab3b\" data-element_type=\"container\" data-settings=\"{&quot;background_background&quot;:&quot;classic&quot;}\">\n\t\t\t\t\t<div class=\"e-con-inner\">\n\t\t\t\t<div class=\"elementor-element elementor-element-42b83fd elementor-widget elementor-widget-text-editor\" data-id=\"42b83fd\" data-element_type=\"widget\" data-widget_type=\"text-editor.default\">\n\t\t\t\t<div class=\"elementor-widget-container\">\n\t\t\t\t\t\t\t\t\t<p>Todos os espa\u00e7os de exposi\u00e7\u00e3o ser\u00e3o semelhantes aos dos anos anteriores e contar\u00e3o com locais dedicados para o estande ou exposi\u00e7\u00e3o da sua empresa. Ambas as medidas s\u00e3o 10 p\u00e9s x 8 p\u00e9s.\u00a0N\u00e3o s\u00e3o poss\u00edveis paredes laterais ou estruturas grandes, especialmente aquelas que bloqueiam o estande pr\u00f3ximo ao seu. Os estandes da exposi\u00e7\u00e3o n\u00e3o incluem inscri\u00e7\u00f5es gratuitas.<\/p>\t\t\t\t\t\t\t\t<\/div>\n\t\t\t\t<\/div>\n\t\t\t\t<div class=\"elementor-element elementor-element-179f8e0 elementor-widget elementor-widget-heading\" data-id=\"179f8e0\" data-element_type=\"widget\" data-widget_type=\"heading.default\">\n\t\t\t\t<div class=\"elementor-widget-container\">\n\t\t\t\t\t<h2 class=\"elementor-heading-title elementor-size-default\">Estandes Dispon\u00edveis<\/h2>\t\t\t\t<\/div>\n\t\t\t\t<\/div>\n\t\t\t\t<div class=\"elementor-element elementor-element-96ea14a elementor-widget elementor-widget-image\" data-id=\"96ea14a\" data-element_type=\"widget\" data-widget_type=\"image.default\">\n\t\t\t\t<div class=\"elementor-widget-container\">\n\t\t\t\t\t\t\t\t\t\t\t\t\t\t\t<img fetchpriority=\"high\" decoding=\"async\" width=\"1002\" height=\"1134\" src=\"https:\/\/alta.aero\/forum\/2025\/wp-content\/uploads\/2025\/05\/ExhibitionArea@2x-100.jpg\" class=\"attachment-full size-full wp-image-1262\" alt=\"\" srcset=\"https:\/\/alta.aero\/forum\/2025\/wp-content\/uploads\/2025\/05\/ExhibitionArea@2x-100.jpg 1002w, https:\/\/alta.aero\/forum\/2025\/wp-content\/uploads\/2025\/05\/ExhibitionArea@2x-100-265x300.jpg 265w, https:\/\/alta.aero\/forum\/2025\/wp-content\/uploads\/2025\/05\/ExhibitionArea@2x-100-905x1024.jpg 905w, https:\/\/alta.aero\/forum\/2025\/wp-content\/uploads\/2025\/05\/ExhibitionArea@2x-100-768x869.jpg 768w\" sizes=\"(max-width: 1002px) 100vw, 1002px\" \/>\t\t\t\t\t\t\t\t\t\t\t\t\t\t\t<\/div>\n\t\t\t\t<\/div>\n\t\t\t\t\t<\/div>\n\t\t\t\t<\/div>\n\t\t\t\t<\/div>\n\t\t","protected":false},"excerpt":{"rendered":"<p>area de exposicao Todos os espa\u00e7os de exposi\u00e7\u00e3o ser\u00e3o semelhantes aos dos anos anteriores e contar\u00e3o com locais dedicados para o estande ou exposi\u00e7\u00e3o da sua empresa. Ambas as medidas s\u00e3o 10 p\u00e9s x 8 p\u00e9s.\u00a0N\u00e3o s\u00e3o poss\u00edveis paredes laterais ou estruturas grandes, especialmente aquelas que bloqueiam o estande pr\u00f3ximo ao seu. Os estandes da [&hellip;]<\/p>\n","protected":false},"author":1,"featured_media":0,"parent":0,"menu_order":0,"comment_status":"closed","ping_status":"closed","template":"","meta":{"footnotes":""},"class_list":["post-1271","page","type-page","status-publish","hentry"],"_links":{"self":[{"href":"https:\/\/alta.aero\/forum\/2025\/wp-json\/wp\/v2\/pages\/1271","targetHints":{"allow":["GET"]}}],"collection":[{"href":"https:\/\/alta.aero\/forum\/2025\/wp-json\/wp\/v2\/pages"}],"about":[{"href":"https:\/\/alta.aero\/forum\/2025\/wp-json\/wp\/v2\/types\/page"}],"author":[{"embeddable":true,"href":"https:\/\/alta.aero\/forum\/2025\/wp-json\/wp\/v2\/users\/1"}],"replies":[{"embeddable":true,"href":"https:\/\/alta.aero\/forum\/2025\/wp-json\/wp\/v2\/comments?post=1271"}],"version-history":[{"count":7,"href":"https:\/\/alta.aero\/forum\/2025\/wp-json\/wp\/v2\/pages\/1271\/revisions"}],"predecessor-version":[{"id":1281,"href":"https:\/\/alta.aero\/forum\/2025\/wp-json\/wp\/v2\/pages\/1271\/revisions\/1281"}],"wp:attachment":[{"href":"https:\/\/alta.aero\/forum\/2025\/wp-json\/wp\/v2\/media?parent=1271"}],"curies":[{"name":"wp","href":"https:\/\/api.w.org\/{rel}","templated":true}]}}