{"id":1266,"date":"2025-05-08T18:28:27","date_gmt":"2025-05-08T21:28:27","guid":{"rendered":"https:\/\/alta.aero\/forum\/2025\/?page_id=1266"},"modified":"2025-05-08T18:30:46","modified_gmt":"2025-05-08T21:30:46","slug":"area-de-exhibicion","status":"publish","type":"page","link":"https:\/\/alta.aero\/forum\/2025\/es\/area-de-exhibicion\/","title":{"rendered":"area de exhibicion"},"content":{"rendered":"\t\t<div data-elementor-type=\"wp-page\" data-elementor-id=\"1266\" class=\"elementor elementor-1266\" data-elementor-post-type=\"page\">\n\t\t\t\t<div class=\"elementor-element elementor-element-800bca4 e-con-full e-flex e-con e-parent\" data-id=\"800bca4\" data-element_type=\"container\" data-settings=\"{&quot;background_background&quot;:&quot;classic&quot;}\">\n\t\t\t\t<div class=\"elementor-element elementor-element-219fa89 elementor-widget elementor-widget-heading\" data-id=\"219fa89\" data-element_type=\"widget\" data-widget_type=\"heading.default\">\n\t\t\t\t<div class=\"elementor-widget-container\">\n\t\t\t\t\t<h2 class=\"elementor-heading-title elementor-size-default\">AREA DE EXHIBICI\u00d3N<\/h2>\t\t\t\t<\/div>\n\t\t\t\t<\/div>\n\t\t\t\t<\/div>\n\t\t<div class=\"elementor-element elementor-element-256ab3b e-flex e-con-boxed e-con e-parent\" data-id=\"256ab3b\" data-element_type=\"container\" data-settings=\"{&quot;background_background&quot;:&quot;classic&quot;}\">\n\t\t\t\t\t<div class=\"e-con-inner\">\n\t\t\t\t<div class=\"elementor-element elementor-element-42b83fd elementor-widget elementor-widget-text-editor\" data-id=\"42b83fd\" data-element_type=\"widget\" data-widget_type=\"text-editor.default\">\n\t\t\t\t<div class=\"elementor-widget-container\">\n\t\t\t\t\t\t\t\t\t<p>Todos los espacios de exhibici\u00f3n ser\u00e1n similares a los de a\u00f1os anteriores y contar\u00e1n con ubicaciones dedicadas para el stand o exhibici\u00f3n de su empresa. Ambas medidas son de 10 pies x 8 pies.\u00a0 No se permiten paredes laterales ni estructuras grandes, especialmente aquellas que bloquean la cabina contigua a la suya. Los puestos de exhibici\u00f3n no incluyen registros de cortes\u00eda.<\/p>\t\t\t\t\t\t\t\t<\/div>\n\t\t\t\t<\/div>\n\t\t\t\t<div class=\"elementor-element elementor-element-179f8e0 elementor-widget elementor-widget-heading\" data-id=\"179f8e0\" data-element_type=\"widget\" data-widget_type=\"heading.default\">\n\t\t\t\t<div class=\"elementor-widget-container\">\n\t\t\t\t\t<h2 class=\"elementor-heading-title elementor-size-default\">Espacios Disponibles<\/h2>\t\t\t\t<\/div>\n\t\t\t\t<\/div>\n\t\t\t\t<div class=\"elementor-element elementor-element-96ea14a elementor-widget elementor-widget-image\" data-id=\"96ea14a\" data-element_type=\"widget\" data-widget_type=\"image.default\">\n\t\t\t\t<div class=\"elementor-widget-container\">\n\t\t\t\t\t\t\t\t\t\t\t\t\t\t\t<img fetchpriority=\"high\" decoding=\"async\" width=\"1002\" height=\"1134\" src=\"https:\/\/alta.aero\/forum\/2025\/wp-content\/uploads\/2025\/05\/ExhibitionArea@2x-100.jpg\" class=\"attachment-full size-full wp-image-1262\" alt=\"\" srcset=\"https:\/\/alta.aero\/forum\/2025\/wp-content\/uploads\/2025\/05\/ExhibitionArea@2x-100.jpg 1002w, https:\/\/alta.aero\/forum\/2025\/wp-content\/uploads\/2025\/05\/ExhibitionArea@2x-100-265x300.jpg 265w, https:\/\/alta.aero\/forum\/2025\/wp-content\/uploads\/2025\/05\/ExhibitionArea@2x-100-905x1024.jpg 905w, https:\/\/alta.aero\/forum\/2025\/wp-content\/uploads\/2025\/05\/ExhibitionArea@2x-100-768x869.jpg 768w\" sizes=\"(max-width: 1002px) 100vw, 1002px\" \/>\t\t\t\t\t\t\t\t\t\t\t\t\t\t\t<\/div>\n\t\t\t\t<\/div>\n\t\t\t\t\t<\/div>\n\t\t\t\t<\/div>\n\t\t\t\t<\/div>\n\t\t","protected":false},"excerpt":{"rendered":"<p>AREA DE EXHIBICI\u00d3N Todos los espacios de exhibici\u00f3n ser\u00e1n similares a los de a\u00f1os anteriores y contar\u00e1n con ubicaciones dedicadas para el stand o exhibici\u00f3n de su empresa. Ambas medidas son de 10 pies x 8 pies.\u00a0 No se permiten paredes laterales ni estructuras grandes, especialmente aquellas que bloquean la cabina contigua a la suya. [&hellip;]<\/p>\n","protected":false},"author":1,"featured_media":0,"parent":0,"menu_order":0,"comment_status":"closed","ping_status":"closed","template":"","meta":{"footnotes":""},"class_list":["post-1266","page","type-page","status-publish","hentry"],"_links":{"self":[{"href":"https:\/\/alta.aero\/forum\/2025\/wp-json\/wp\/v2\/pages\/1266","targetHints":{"allow":["GET"]}}],"collection":[{"href":"https:\/\/alta.aero\/forum\/2025\/wp-json\/wp\/v2\/pages"}],"about":[{"href":"https:\/\/alta.aero\/forum\/2025\/wp-json\/wp\/v2\/types\/page"}],"author":[{"embeddable":true,"href":"https:\/\/alta.aero\/forum\/2025\/wp-json\/wp\/v2\/users\/1"}],"replies":[{"embeddable":true,"href":"https:\/\/alta.aero\/forum\/2025\/wp-json\/wp\/v2\/comments?post=1266"}],"version-history":[{"count":7,"href":"https:\/\/alta.aero\/forum\/2025\/wp-json\/wp\/v2\/pages\/1266\/revisions"}],"predecessor-version":[{"id":1278,"href":"https:\/\/alta.aero\/forum\/2025\/wp-json\/wp\/v2\/pages\/1266\/revisions\/1278"}],"wp:attachment":[{"href":"https:\/\/alta.aero\/forum\/2025\/wp-json\/wp\/v2\/media?parent=1266"}],"curies":[{"name":"wp","href":"https:\/\/api.w.org\/{rel}","templated":true}]}}