{"id":969,"date":"2025-11-27T14:59:48","date_gmt":"2025-11-27T14:59:48","guid":{"rendered":"https:\/\/alta.aero\/ccma\/2026\/?page_id=969"},"modified":"2026-01-15T21:16:51","modified_gmt":"2026-01-15T21:16:51","slug":"lugar","status":"publish","type":"page","link":"https:\/\/alta.aero\/ccma\/2026\/es\/lugar\/","title":{"rendered":"Lugar"},"content":{"rendered":"\t\t<div data-elementor-type=\"wp-page\" data-elementor-id=\"969\" class=\"elementor elementor-969\" data-elementor-post-type=\"page\">\n\t\t\t\t<div class=\"elementor-element elementor-element-ea23a7c e-con-full e-flex e-con e-parent\" data-id=\"ea23a7c\" data-element_type=\"container\" data-e-type=\"container\" data-settings=\"{&quot;background_background&quot;:&quot;classic&quot;}\">\n\t\t<div class=\"elementor-element elementor-element-ff489a0 e-con-full e-flex e-con e-child\" data-id=\"ff489a0\" data-element_type=\"container\" data-e-type=\"container\">\n\t\t\t\t<div class=\"elementor-element elementor-element-a839317 elementor-widget elementor-widget-heading\" data-id=\"a839317\" data-element_type=\"widget\" data-e-type=\"widget\" data-widget_type=\"heading.default\">\n\t\t\t\t\t<h2 class=\"elementor-heading-title elementor-size-default\">EL LUGAR<\/h2>\t\t\t\t<\/div>\n\t\t\t\t<\/div>\n\t\t\t\t<\/div>\n\t\t<div class=\"elementor-element elementor-element-9cdbe06 e-flex e-con-boxed e-con e-parent\" data-id=\"9cdbe06\" data-element_type=\"container\" data-e-type=\"container\" data-settings=\"{&quot;background_background&quot;:&quot;classic&quot;}\">\n\t\t\t\t\t<div class=\"e-con-inner\">\n\t\t\t\t<div class=\"elementor-element elementor-element-c3eaab6 elementor-widget elementor-widget-heading\" data-id=\"c3eaab6\" data-element_type=\"widget\" data-e-type=\"widget\" data-widget_type=\"heading.default\">\n\t\t\t\t\t<h2 class=\"elementor-heading-title elementor-size-default\">Hotel Alternativo<\/h2>\t\t\t\t<\/div>\n\t\t\t\t\t<\/div>\n\t\t\t\t<\/div>\n\t\t<div class=\"elementor-element elementor-element-427ff23 e-flex e-con-boxed e-con e-parent\" data-id=\"427ff23\" data-element_type=\"container\" data-e-type=\"container\" data-settings=\"{&quot;background_background&quot;:&quot;classic&quot;}\">\n\t\t\t\t\t<div class=\"e-con-inner\">\n\t\t<div class=\"elementor-element elementor-element-cfc378a e-con-full e-flex e-con e-child\" data-id=\"cfc378a\" data-element_type=\"container\" data-e-type=\"container\">\n\t\t\t\t<div class=\"elementor-element elementor-element-33d9197 elementor-widget elementor-widget-image\" data-id=\"33d9197\" data-element_type=\"widget\" data-e-type=\"widget\" data-widget_type=\"image.default\">\n\t\t\t\t\t\t\t\t\t\t\t\t\t\t\t<img fetchpriority=\"high\" decoding=\"async\" width=\"900\" height=\"434\" src=\"https:\/\/alta.aero\/ccma\/2026\/wp-content\/uploads\/2026\/01\/Logo-Intercontinental-Cartagena.png.webp\" class=\"attachment-full size-full wp-image-2082\" alt=\"\" srcset=\"https:\/\/alta.aero\/ccma\/2026\/wp-content\/uploads\/2026\/01\/Logo-Intercontinental-Cartagena.png.webp 900w, https:\/\/alta.aero\/ccma\/2026\/wp-content\/uploads\/2026\/01\/Logo-Intercontinental-Cartagena.png-300x145.webp 300w, https:\/\/alta.aero\/ccma\/2026\/wp-content\/uploads\/2026\/01\/Logo-Intercontinental-Cartagena.png-768x370.webp 768w\" sizes=\"(max-width: 900px) 100vw, 900px\" \/>\t\t\t\t\t\t\t\t\t\t\t\t\t\t\t<\/div>\n\t\t\t\t<div class=\"elementor-element elementor-element-cec0766 elementor-widget elementor-widget-heading\" data-id=\"cec0766\" data-element_type=\"widget\" data-e-type=\"widget\" data-widget_type=\"heading.default\">\n\t\t\t\t\t<h2 class=\"elementor-heading-title elementor-size-default\">Intercontinental Cartagena<\/h2>\t\t\t\t<\/div>\n\t\t\t\t<div class=\"elementor-element elementor-element-dc620a4 elementor-widget elementor-widget-text-editor\" data-id=\"dc620a4\" data-element_type=\"widget\" data-e-type=\"widget\" data-widget_type=\"text-editor.default\">\n\t\t\t\t\t\t\t\t\t<p class=\"p1\">Al\u00f3jese en el Hotel InterContinental\u00ae Cartagena de Indias y disfrute del Caribe con un confort exquisito. A pocos pasos del centro hist\u00f3rico, nuestro hotel frente al mar combina el lujo de IHG con la esencia costera de Cartagena. Nuestro hotel se inspira en estos matices culturales y en su rica historia. Nuestra propuesta culinaria reinventa la cocina internacional a trav\u00e9s de los sabores caribe\u00f1os. Cada plato es un viaje sensorial cuidadosamente elaborado, donde la t\u00e9cnica refinada y la riqueza regional se fusionan.<\/p>\t\t\t\t\t\t\t\t<\/div>\n\t\t\t\t<div class=\"elementor-element elementor-element-14ee960 elementor-widget elementor-widget-button\" data-id=\"14ee960\" data-element_type=\"widget\" data-e-type=\"widget\" data-widget_type=\"button.default\">\n\t\t\t\t\t\t\t\t\t\t<a class=\"elementor-button elementor-button-link elementor-size-sm\" href=\"https:\/\/book.passkey.com\/go\/ICORPORATE\" target=\"_blank\">\n\t\t\t\t\t\t<span class=\"elementor-button-content-wrapper\">\n\t\t\t\t\t\t<span class=\"elementor-button-icon\">\n\t\t\t\t<svg aria-hidden=\"true\" class=\"e-font-icon-svg e-fas-arrow-right\" viewBox=\"0 0 448 512\" xmlns=\"http:\/\/www.w3.org\/2000\/svg\"><path d=\"M190.5 66.9l22.2-22.2c9.4-9.4 24.6-9.4 33.9 0L441 239c9.4 9.4 9.4 24.6 0 33.9L246.6 467.3c-9.4 9.4-24.6 9.4-33.9 0l-22.2-22.2c-9.5-9.5-9.3-25 .4-34.3L311.4 296H24c-13.3 0-24-10.7-24-24v-32c0-13.3 10.7-24 24-24h287.4L190.9 101.2c-9.8-9.3-10-24.8-.4-34.3z\"><\/path><\/svg>\t\t\t<\/span>\n\t\t\t\t\t\t\t\t\t<span class=\"elementor-button-text\">RESERVAR HOTEL<\/span>\n\t\t\t\t\t<\/span>\n\t\t\t\t\t<\/a>\n\t\t\t\t\t\t\t\t<\/div>\n\t\t\t\t<\/div>\n\t\t<div class=\"elementor-element elementor-element-5f7f512 e-con-full e-flex e-con e-child\" data-id=\"5f7f512\" data-element_type=\"container\" data-e-type=\"container\">\n\t\t\t\t<div class=\"elementor-element elementor-element-f8d818b elementor-widget elementor-widget-image\" data-id=\"f8d818b\" data-element_type=\"widget\" data-e-type=\"widget\" data-widget_type=\"image.default\">\n\t\t\t\t\t\t\t\t\t\t\t\t\t\t\t<img decoding=\"async\" width=\"500\" height=\"333\" src=\"https:\/\/alta.aero\/ccma\/2026\/wp-content\/uploads\/2026\/01\/53643ac2d0ce82efca8ec50bfb15fa4.jpg\" class=\"attachment-large size-large wp-image-2080\" alt=\"\" srcset=\"https:\/\/alta.aero\/ccma\/2026\/wp-content\/uploads\/2026\/01\/53643ac2d0ce82efca8ec50bfb15fa4.jpg 500w, https:\/\/alta.aero\/ccma\/2026\/wp-content\/uploads\/2026\/01\/53643ac2d0ce82efca8ec50bfb15fa4-300x200.jpg 300w\" sizes=\"(max-width: 500px) 100vw, 500px\" \/>\t\t\t\t\t\t\t\t\t\t\t\t\t\t\t<\/div>\n\t\t\t\t<div class=\"elementor-element elementor-element-461ab7c elementor-widget elementor-widget-image\" data-id=\"461ab7c\" data-element_type=\"widget\" data-e-type=\"widget\" data-widget_type=\"image.default\">\n\t\t\t\t\t\t\t\t\t\t\t\t\t\t\t<img decoding=\"async\" width=\"500\" height=\"329\" src=\"https:\/\/alta.aero\/ccma\/2026\/wp-content\/uploads\/2026\/01\/e675a7c7d2ca698d311004bc70dce5c8.jpg\" class=\"attachment-large size-large wp-image-2081\" alt=\"\" srcset=\"https:\/\/alta.aero\/ccma\/2026\/wp-content\/uploads\/2026\/01\/e675a7c7d2ca698d311004bc70dce5c8.jpg 500w, https:\/\/alta.aero\/ccma\/2026\/wp-content\/uploads\/2026\/01\/e675a7c7d2ca698d311004bc70dce5c8-300x197.jpg 300w\" sizes=\"(max-width: 500px) 100vw, 500px\" \/>\t\t\t\t\t\t\t\t\t\t\t\t\t\t\t<\/div>\n\t\t\t\t<\/div>\n\t\t\t\t\t<\/div>\n\t\t\t\t<\/div>\n\t\t<div class=\"elementor-element elementor-element-3e28c6a e-flex e-con-boxed e-con e-parent\" data-id=\"3e28c6a\" data-element_type=\"container\" data-e-type=\"container\">\n\t\t\t\t\t<div class=\"e-con-inner\">\n\t\t<div class=\"elementor-element elementor-element-b0934b2 e-con-full e-flex e-con e-child\" data-id=\"b0934b2\" data-element_type=\"container\" data-e-type=\"container\">\n\t\t\t\t<div class=\"elementor-element elementor-element-8740e98 elementor-widget elementor-widget-image\" data-id=\"8740e98\" data-element_type=\"widget\" data-e-type=\"widget\" data-widget_type=\"image.default\">\n\t\t\t\t\t\t\t\t\t\t\t\t\t\t\t<img loading=\"lazy\" decoding=\"async\" width=\"860\" height=\"398\" src=\"https:\/\/alta.aero\/ccma\/2026\/wp-content\/uploads\/2025\/10\/Hilton_HHR_LOGO_Hilton-Blue_RGB.webp\" class=\"attachment-full size-full wp-image-820\" alt=\"\" srcset=\"https:\/\/alta.aero\/ccma\/2026\/wp-content\/uploads\/2025\/10\/Hilton_HHR_LOGO_Hilton-Blue_RGB.webp 860w, https:\/\/alta.aero\/ccma\/2026\/wp-content\/uploads\/2025\/10\/Hilton_HHR_LOGO_Hilton-Blue_RGB-300x139.webp 300w, https:\/\/alta.aero\/ccma\/2026\/wp-content\/uploads\/2025\/10\/Hilton_HHR_LOGO_Hilton-Blue_RGB-768x355.webp 768w\" sizes=\"(max-width: 860px) 100vw, 860px\" \/>\t\t\t\t\t\t\t\t\t\t\t\t\t\t\t<\/div>\n\t\t\t\t<div class=\"elementor-element elementor-element-16c0f7e elementor-widget elementor-widget-heading\" data-id=\"16c0f7e\" data-element_type=\"widget\" data-e-type=\"widget\" data-widget_type=\"heading.default\">\n\t\t\t\t\t<h2 class=\"elementor-heading-title elementor-size-default\">Hilton Cartagena hotel<\/h2>\t\t\t\t<\/div>\n\t\t\t\t<div class=\"elementor-element elementor-element-408e6f8 elementor-widget elementor-widget-text-editor\" data-id=\"408e6f8\" data-element_type=\"widget\" data-e-type=\"widget\" data-widget_type=\"text-editor.default\">\n\t\t\t\t\t\t\t\t\t<p class=\"p1\">Disfruta de un servicio personalizado y de nuestras instalaciones, que incluyen un gimnasio abierto las 24 horas, canchas de tenis al aire libre y un complejo de piscinas. Tambi\u00e9n contamos con un centro de convenciones para eventos.<\/p><p class=\"p1\">Favoritos internacionales al estilo colombiano. Explora una variedad de sabores en nuestro restaurante principal, que ofrece buffet de desayuno y almuerzo, adem\u00e1s de opciones a la carta. Nuestros bares del lobby, la playa y la piscina sirven bebidas y comidas ligeras.<\/p>\t\t\t\t\t\t\t\t<\/div>\n\t\t\t\t<div class=\"elementor-element elementor-element-8ff3958 elementor-widget elementor-widget-heading\" data-id=\"8ff3958\" data-element_type=\"widget\" data-e-type=\"widget\" data-widget_type=\"heading.default\">\n\t\t\t\t\t<h4 class=\"elementor-heading-title elementor-size-default\">AGOTADO!<\/h4>\t\t\t\t<\/div>\n\t\t<div class=\"elementor-element elementor-element-b756efb e-con-full elementor-hidden-desktop elementor-hidden-tablet elementor-hidden-mobile e-flex e-con e-child\" data-id=\"b756efb\" data-element_type=\"container\" data-e-type=\"container\" data-settings=\"{&quot;background_background&quot;:&quot;classic&quot;}\">\n\t\t\t\t<div class=\"elementor-element elementor-element-af4b1c6 elementor-widget elementor-widget-text-editor\" data-id=\"af4b1c6\" data-element_type=\"widget\" data-e-type=\"widget\" data-widget_type=\"text-editor.default\">\n\t\t\t\t\t\t\t\t\t<p class=\"p1\">El Hilton Cartagena solo est\u00e1 disponible desde el domingo 17 de mayo hasta el mi\u00e9rcoles 20 de mayo. Si los hu\u00e9spedes llegan antes del domingo, el Hotel Intercontinental Cartagena ser\u00e1 la opci\u00f3n de alojamiento alternativa.<br>Vea la informaci\u00f3n detallada m\u00e1s abajo.\t\t\t\t\t\t\t\t<\/div>\n\t\t\t\t<\/div>\n\t\t\t\t<\/div>\n\t\t<div class=\"elementor-element elementor-element-830a2e1 e-con-full e-flex e-con e-child\" data-id=\"830a2e1\" data-element_type=\"container\" data-e-type=\"container\">\n\t\t\t\t<div class=\"elementor-element elementor-element-ba7513e elementor-widget elementor-widget-image\" data-id=\"ba7513e\" data-element_type=\"widget\" data-e-type=\"widget\" data-widget_type=\"image.default\">\n\t\t\t\t\t\t\t\t\t\t\t\t\t\t\t<img loading=\"lazy\" decoding=\"async\" width=\"800\" height=\"529\" src=\"https:\/\/alta.aero\/ccma\/2026\/wp-content\/uploads\/2025\/10\/Facade_Pool_Complex.webp\" class=\"attachment-large size-large wp-image-819\" alt=\"\" srcset=\"https:\/\/alta.aero\/ccma\/2026\/wp-content\/uploads\/2025\/10\/Facade_Pool_Complex.webp 956w, https:\/\/alta.aero\/ccma\/2026\/wp-content\/uploads\/2025\/10\/Facade_Pool_Complex-300x198.webp 300w, https:\/\/alta.aero\/ccma\/2026\/wp-content\/uploads\/2025\/10\/Facade_Pool_Complex-768x508.webp 768w\" sizes=\"(max-width: 800px) 100vw, 800px\" \/>\t\t\t\t\t\t\t\t\t\t\t\t\t\t\t<\/div>\n\t\t\t\t<div class=\"elementor-element elementor-element-243f641 elementor-widget elementor-widget-image\" data-id=\"243f641\" data-element_type=\"widget\" data-e-type=\"widget\" data-widget_type=\"image.default\">\n\t\t\t\t\t\t\t\t\t\t\t\t\t\t\t<img loading=\"lazy\" decoding=\"async\" width=\"800\" height=\"529\" src=\"https:\/\/alta.aero\/ccma\/2026\/wp-content\/uploads\/2025\/10\/DUF_1399__v_ok.webp\" class=\"attachment-large size-large wp-image-818\" alt=\"\" srcset=\"https:\/\/alta.aero\/ccma\/2026\/wp-content\/uploads\/2025\/10\/DUF_1399__v_ok.webp 956w, https:\/\/alta.aero\/ccma\/2026\/wp-content\/uploads\/2025\/10\/DUF_1399__v_ok-300x198.webp 300w, https:\/\/alta.aero\/ccma\/2026\/wp-content\/uploads\/2025\/10\/DUF_1399__v_ok-768x508.webp 768w\" sizes=\"(max-width: 800px) 100vw, 800px\" \/>\t\t\t\t\t\t\t\t\t\t\t\t\t\t\t<\/div>\n\t\t\t\t<\/div>\n\t\t\t\t\t<\/div>\n\t\t\t\t<\/div>\n\t\t<div class=\"elementor-element elementor-element-b7c767b e-flex e-con-boxed e-con e-parent\" data-id=\"b7c767b\" data-element_type=\"container\" data-e-type=\"container\" data-settings=\"{&quot;background_background&quot;:&quot;classic&quot;}\">\n\t\t\t\t\t<div class=\"e-con-inner\">\n\t\t<div class=\"elementor-element elementor-element-c40c852 e-con-full e-flex e-con e-child\" data-id=\"c40c852\" data-element_type=\"container\" data-e-type=\"container\">\n\t\t\t\t<div class=\"elementor-element elementor-element-0cf9a8f elementor-widget elementor-widget-heading\" data-id=\"0cf9a8f\" data-element_type=\"widget\" data-e-type=\"widget\" data-widget_type=\"heading.default\">\n\t\t\t\t\t<h2 class=\"elementor-heading-title elementor-size-default\">Advertencia \u2013 Agencia fraudulenta de reservas de hotel<\/h2>\t\t\t\t<\/div>\n\t\t\t\t<div class=\"elementor-element elementor-element-5d50032 elementor-widget elementor-widget-text-editor\" data-id=\"5d50032\" data-element_type=\"widget\" data-e-type=\"widget\" data-widget_type=\"text-editor.default\">\n\t\t\t\t\t\t\t\t\t<p class=\"p1\">\u00a1No te conviertas en una v\u00edctima! Hemos sido informados sobre la existencia de empresas fraudulentas de reservas de hotel que contactan a participantes y expositores de conferencias, present\u00e1ndose como proveedores preferidos o, en algunos casos, afirmando estar afiliados a ALTA como proveedor del evento o del hotel, ofreciendo tarifas m\u00e1s bajas y ubicaciones preferenciales en el \u00e1rea de exhibici\u00f3n a precios descontados.<\/p><p class=\"p1\">ALTA solo trabaja directamente con el hotel, y el \u00fanico canal oficial y seguro para gestionar tus reservas de hotel y de \u00e1rea de exhibici\u00f3n es a trav\u00e9s del enlace incluido en este sitio web.<\/p><p class=\"p1\">Si tienes alguna pregunta, cont\u00e1ctanos en <a style=\"color: yellow;\" href=\"mailto:conferencesandmeetings@alta.aero\">conferencesandmeetings@alta.aero<\/a>.<\/p>\t\t\t\t\t\t\t\t<\/div>\n\t\t\t\t<\/div>\n\t\t\t\t\t<\/div>\n\t\t\t\t<\/div>\n\t\t<div class=\"elementor-element elementor-element-36743b5 e-flex e-con-boxed e-con e-parent\" data-id=\"36743b5\" data-element_type=\"container\" data-e-type=\"container\" data-settings=\"{&quot;background_background&quot;:&quot;classic&quot;}\">\n\t\t\t\t\t<div class=\"e-con-inner\">\n\t\t<div class=\"elementor-element elementor-element-cdcbf5f e-con-full e-flex e-con e-child\" data-id=\"cdcbf5f\" data-element_type=\"container\" data-e-type=\"container\">\n\t\t\t\t<div class=\"elementor-element elementor-element-fa3b7a0 elementor-widget elementor-widget-heading\" data-id=\"fa3b7a0\" data-element_type=\"widget\" data-e-type=\"widget\" data-widget_type=\"heading.default\">\n\t\t\t\t\t<h2 class=\"elementor-heading-title elementor-size-default\">About Cartagena<\/h2>\t\t\t\t<\/div>\n\t\t\t\t<div class=\"elementor-element elementor-element-b385930 elementor-widget-divider--view-line elementor-widget elementor-widget-divider\" data-id=\"b385930\" data-element_type=\"widget\" data-e-type=\"widget\" data-widget_type=\"divider.default\">\n\t\t\t\t\t\t\t<div class=\"elementor-divider\">\n\t\t\t<span class=\"elementor-divider-separator\">\n\t\t\t\t\t\t<\/span>\n\t\t<\/div>\n\t\t\t\t\t\t<\/div>\n\t\t\t\t<\/div>\n\t\t<div class=\"elementor-element elementor-element-b5c54ff e-grid e-con-full e-con e-child\" data-id=\"b5c54ff\" data-element_type=\"container\" data-e-type=\"container\">\n\t\t<div class=\"elementor-element elementor-element-39f54c7 e-con-full e-flex e-con e-child\" data-id=\"39f54c7\" data-element_type=\"container\" data-e-type=\"container\">\n\t\t\t\t<div class=\"elementor-element elementor-element-7a2dd9e elementor-widget elementor-widget-image\" data-id=\"7a2dd9e\" data-element_type=\"widget\" data-e-type=\"widget\" data-widget_type=\"image.default\">\n\t\t\t\t\t\t\t\t\t\t\t\t\t\t\t<img loading=\"lazy\" decoding=\"async\" width=\"1328\" height=\"887\" src=\"https:\/\/alta.aero\/ccma\/2026\/wp-content\/uploads\/2025\/10\/VenueCartagena@2x-50.jpg\" class=\"attachment-full size-full wp-image-530\" alt=\"\" srcset=\"https:\/\/alta.aero\/ccma\/2026\/wp-content\/uploads\/2025\/10\/VenueCartagena@2x-50.jpg 1328w, https:\/\/alta.aero\/ccma\/2026\/wp-content\/uploads\/2025\/10\/VenueCartagena@2x-50-300x200.jpg 300w, https:\/\/alta.aero\/ccma\/2026\/wp-content\/uploads\/2025\/10\/VenueCartagena@2x-50-1024x684.jpg 1024w, https:\/\/alta.aero\/ccma\/2026\/wp-content\/uploads\/2025\/10\/VenueCartagena@2x-50-768x513.jpg 768w\" sizes=\"(max-width: 1328px) 100vw, 1328px\" \/>\t\t\t\t\t\t\t\t\t\t\t\t\t\t\t<\/div>\n\t\t\t\t<\/div>\n\t\t<div class=\"elementor-element elementor-element-223898c e-con-full e-flex e-con e-child\" data-id=\"223898c\" data-element_type=\"container\" data-e-type=\"container\">\n\t\t\t\t<div class=\"elementor-element elementor-element-956e459 elementor-widget elementor-widget-text-editor\" data-id=\"956e459\" data-element_type=\"widget\" data-e-type=\"widget\" data-widget_type=\"text-editor.default\">\n\t\t\t\t\t\t\t\t\t<p class=\"p1\">Cartagena de Indias es una ciudad colombiana en la costa del Caribe, famosa por su centro hist\u00f3rico, declarado Patrimonio de la Humanidad por la UNESCO. Es conocida por su encanto colonial, calles empedradas, casas coloridas y un sistema de murallas y fortificaciones que reflejan su importancia estrat\u00e9gica a lo largo de la historia. La ciudad combina su rica historia con playas, una vibrante escena cultural, deliciosa gastronom\u00eda y una excelente infraestructura tur\u00edstica.<\/p>\t\t\t\t\t\t\t\t<\/div>\n\t\t\t\t<\/div>\n\t\t\t\t<\/div>\n\t\t\t\t\t<\/div>\n\t\t\t\t<\/div>\n\t\t\t\t<\/div>\n\t\t","protected":false},"excerpt":{"rendered":"<p>EL LUGAR Hotel Alternativo Intercontinental Cartagena Al\u00f3jese en el Hotel InterContinental\u00ae Cartagena de Indias y disfrute del Caribe con un confort exquisito. A pocos pasos del centro hist\u00f3rico, nuestro hotel frente al mar combina el lujo de IHG con la esencia costera de Cartagena. Nuestro hotel se inspira en estos matices culturales y en su [&hellip;]<\/p>\n","protected":false},"author":1,"featured_media":0,"parent":0,"menu_order":0,"comment_status":"closed","ping_status":"closed","template":"","meta":{"footnotes":""},"class_list":["post-969","page","type-page","status-publish","hentry"],"_links":{"self":[{"href":"https:\/\/alta.aero\/ccma\/2026\/wp-json\/wp\/v2\/pages\/969","targetHints":{"allow":["GET"]}}],"collection":[{"href":"https:\/\/alta.aero\/ccma\/2026\/wp-json\/wp\/v2\/pages"}],"about":[{"href":"https:\/\/alta.aero\/ccma\/2026\/wp-json\/wp\/v2\/types\/page"}],"author":[{"embeddable":true,"href":"https:\/\/alta.aero\/ccma\/2026\/wp-json\/wp\/v2\/users\/1"}],"replies":[{"embeddable":true,"href":"https:\/\/alta.aero\/ccma\/2026\/wp-json\/wp\/v2\/comments?post=969"}],"version-history":[{"count":32,"href":"https:\/\/alta.aero\/ccma\/2026\/wp-json\/wp\/v2\/pages\/969\/revisions"}],"predecessor-version":[{"id":2169,"href":"https:\/\/alta.aero\/ccma\/2026\/wp-json\/wp\/v2\/pages\/969\/revisions\/2169"}],"wp:attachment":[{"href":"https:\/\/alta.aero\/ccma\/2026\/wp-json\/wp\/v2\/media?parent=969"}],"curies":[{"name":"wp","href":"https:\/\/api.w.org\/{rel}","templated":true}]}}