{"id":945,"date":"2025-11-27T14:51:24","date_gmt":"2025-11-27T14:51:24","guid":{"rendered":"https:\/\/alta.aero\/ccma\/2026\/?page_id=945"},"modified":"2025-12-12T16:36:50","modified_gmt":"2025-12-12T16:36:50","slug":"codigo-de-vestimenta","status":"publish","type":"page","link":"https:\/\/alta.aero\/ccma\/2026\/es\/codigo-de-vestimenta\/","title":{"rendered":"C\u00f3digo de Vestimenta"},"content":{"rendered":"\t\t<div data-elementor-type=\"wp-page\" data-elementor-id=\"945\" class=\"elementor elementor-945\" data-elementor-post-type=\"page\">\n\t\t\t\t<div class=\"elementor-element elementor-element-104c3de e-con-full e-flex e-con e-parent\" data-id=\"104c3de\" data-element_type=\"container\" data-e-type=\"container\" data-settings=\"{&quot;background_background&quot;:&quot;classic&quot;}\">\n\t\t<div class=\"elementor-element elementor-element-abc6da4 e-con-full e-flex e-con e-child\" data-id=\"abc6da4\" data-element_type=\"container\" data-e-type=\"container\">\n\t\t\t\t<div class=\"elementor-element elementor-element-a937d02 elementor-widget elementor-widget-heading\" data-id=\"a937d02\" data-element_type=\"widget\" data-e-type=\"widget\" data-widget_type=\"heading.default\">\n\t\t\t\t\t<h2 class=\"elementor-heading-title elementor-size-default\">C\u00d3DIGO DE VESTIMENTA<\/h2>\t\t\t\t<\/div>\n\t\t\t\t<\/div>\n\t\t\t\t<\/div>\n\t\t<div class=\"elementor-element elementor-element-e7c208d e-flex e-con-boxed e-con e-parent\" data-id=\"e7c208d\" data-element_type=\"container\" data-e-type=\"container\" data-settings=\"{&quot;background_background&quot;:&quot;classic&quot;}\">\n\t\t\t\t\t<div class=\"e-con-inner\">\n\t\t<div class=\"elementor-element elementor-element-51042b0 e-con-full e-flex e-con e-child\" data-id=\"51042b0\" data-element_type=\"container\" data-e-type=\"container\">\n\t\t<div class=\"elementor-element elementor-element-f233128 e-grid e-con-full e-con e-child\" data-id=\"f233128\" data-element_type=\"container\" data-e-type=\"container\">\n\t\t<div class=\"elementor-element elementor-element-f2e197f e-con-full e-flex e-con e-child\" data-id=\"f2e197f\" data-element_type=\"container\" data-e-type=\"container\" data-settings=\"{&quot;background_background&quot;:&quot;classic&quot;}\">\n\t\t\t\t<div class=\"elementor-element elementor-element-5aecb4a elementor-widget elementor-widget-heading\" data-id=\"5aecb4a\" data-element_type=\"widget\" data-e-type=\"widget\" data-widget_type=\"heading.default\">\n\t\t\t\t\t<h5 class=\"elementor-heading-title elementor-size-default\">Activitdad<\/h5>\t\t\t\t<\/div>\n\t\t\t\t<\/div>\n\t\t<div class=\"elementor-element elementor-element-882d9d0 e-con-full e-flex e-con e-child\" data-id=\"882d9d0\" data-element_type=\"container\" data-e-type=\"container\" data-settings=\"{&quot;background_background&quot;:&quot;classic&quot;}\">\n\t\t\t\t<div class=\"elementor-element elementor-element-039cf1b elementor-widget elementor-widget-heading\" data-id=\"039cf1b\" data-element_type=\"widget\" data-e-type=\"widget\" data-widget_type=\"heading.default\">\n\t\t\t\t\t<h5 class=\"elementor-heading-title elementor-size-default\">C\u00f3digo de Vestimenta<\/h5>\t\t\t\t<\/div>\n\t\t\t\t<\/div>\n\t\t<div class=\"elementor-element elementor-element-3d34064 e-con-full e-flex e-con e-child\" data-id=\"3d34064\" data-element_type=\"container\" data-e-type=\"container\" data-settings=\"{&quot;background_background&quot;:&quot;classic&quot;}\">\n\t\t\t\t<div class=\"elementor-element elementor-element-b3ecd43 elementor-widget elementor-widget-heading\" data-id=\"b3ecd43\" data-element_type=\"widget\" data-e-type=\"widget\" data-widget_type=\"heading.default\">\n\t\t\t\t\t<h5 class=\"elementor-heading-title elementor-size-default\">Domingo - Actividades deportivas<\/h5>\t\t\t\t<\/div>\n\t\t\t\t<\/div>\n\t\t<div class=\"elementor-element elementor-element-b24a2ea e-con-full e-flex e-con e-child\" data-id=\"b24a2ea\" data-element_type=\"container\" data-e-type=\"container\" data-settings=\"{&quot;background_background&quot;:&quot;classic&quot;}\">\n\t\t\t\t<div class=\"elementor-element elementor-element-37aba3a elementor-widget elementor-widget-heading\" data-id=\"37aba3a\" data-element_type=\"widget\" data-e-type=\"widget\" data-widget_type=\"heading.default\">\n\t\t\t\t\t<h5 class=\"elementor-heading-title elementor-size-default\">Casual.<\/h5>\t\t\t\t<\/div>\n\t\t\t\t<\/div>\n\t\t<div class=\"elementor-element elementor-element-58fd326 e-con-full e-flex e-con e-child\" data-id=\"58fd326\" data-element_type=\"container\" data-e-type=\"container\" data-settings=\"{&quot;background_background&quot;:&quot;classic&quot;}\">\n\t\t\t\t<div class=\"elementor-element elementor-element-688d411 elementor-widget elementor-widget-heading\" data-id=\"688d411\" data-element_type=\"widget\" data-e-type=\"widget\" data-widget_type=\"heading.default\">\n\t\t\t\t\t<h5 class=\"elementor-heading-title elementor-size-default\">Domingo - Coctail de bienvenida<\/h5>\t\t\t\t<\/div>\n\t\t\t\t<\/div>\n\t\t<div class=\"elementor-element elementor-element-c3a7f22 e-con-full e-flex e-con e-child\" data-id=\"c3a7f22\" data-element_type=\"container\" data-e-type=\"container\" data-settings=\"{&quot;background_background&quot;:&quot;classic&quot;}\">\n\t\t\t\t<div class=\"elementor-element elementor-element-d66043b elementor-widget elementor-widget-heading\" data-id=\"d66043b\" data-element_type=\"widget\" data-e-type=\"widget\" data-widget_type=\"heading.default\">\n\t\t\t\t\t<h5 class=\"elementor-heading-title elementor-size-default\">Casual de negocios (sin trajes de ba\u00f1o, shorts de playa ni sandalias).<\/h5>\t\t\t\t<\/div>\n\t\t\t\t<\/div>\n\t\t<div class=\"elementor-element elementor-element-5ebdee9 e-con-full e-flex e-con e-child\" data-id=\"5ebdee9\" data-element_type=\"container\" data-e-type=\"container\" data-settings=\"{&quot;background_background&quot;:&quot;classic&quot;}\">\n\t\t\t\t<div class=\"elementor-element elementor-element-1fa486a elementor-widget elementor-widget-heading\" data-id=\"1fa486a\" data-element_type=\"widget\" data-e-type=\"widget\" data-widget_type=\"heading.default\">\n\t\t\t\t\t<h5 class=\"elementor-heading-title elementor-size-default\">Lunes y martes - Sesi\u00f3n acad\u00e9mica, mini-meetings y Table-tops.<\/h5>\t\t\t\t<\/div>\n\t\t\t\t<\/div>\n\t\t<div class=\"elementor-element elementor-element-903ca0c e-con-full e-flex e-con e-child\" data-id=\"903ca0c\" data-element_type=\"container\" data-e-type=\"container\" data-settings=\"{&quot;background_background&quot;:&quot;classic&quot;}\">\n\t\t\t\t<div class=\"elementor-element elementor-element-b0675b7 elementor-widget elementor-widget-heading\" data-id=\"b0675b7\" data-element_type=\"widget\" data-e-type=\"widget\" data-widget_type=\"heading.default\">\n\t\t\t\t\t<h5 class=\"elementor-heading-title elementor-size-default\">Casual de negocios (sin corbata).<\/h5>\t\t\t\t<\/div>\n\t\t\t\t<\/div>\n\t\t<div class=\"elementor-element elementor-element-a2e5280 e-con-full e-flex e-con e-child\" data-id=\"a2e5280\" data-element_type=\"container\" data-e-type=\"container\" data-settings=\"{&quot;background_background&quot;:&quot;classic&quot;}\">\n\t\t\t\t<div class=\"elementor-element elementor-element-5d5388b elementor-widget elementor-widget-heading\" data-id=\"5d5388b\" data-element_type=\"widget\" data-e-type=\"widget\" data-widget_type=\"heading.default\">\n\t\t\t\t\t<h5 class=\"elementor-heading-title elementor-size-default\">Lunes - Cena de gala con entrega de premios.<\/h5>\t\t\t\t<\/div>\n\t\t\t\t<\/div>\n\t\t<div class=\"elementor-element elementor-element-058ba5c e-con-full e-flex e-con e-child\" data-id=\"058ba5c\" data-element_type=\"container\" data-e-type=\"container\" data-settings=\"{&quot;background_background&quot;:&quot;classic&quot;}\">\n\t\t\t\t<div class=\"elementor-element elementor-element-064f28a elementor-widget elementor-widget-heading\" data-id=\"064f28a\" data-element_type=\"widget\" data-e-type=\"widget\" data-widget_type=\"heading.default\">\n\t\t\t\t\t<h5 class=\"elementor-heading-title elementor-size-default\">Casual de negocios (sin corbata) en tonos blanco\/beige.<\/h5>\t\t\t\t<\/div>\n\t\t\t\t<\/div>\n\t\t\t\t<\/div>\n\t\t\t\t<\/div>\n\t\t\t\t\t<\/div>\n\t\t\t\t<\/div>\n\t\t\t\t<\/div>\n\t\t","protected":false},"excerpt":{"rendered":"<p>C\u00d3DIGO DE VESTIMENTA Activitdad C\u00f3digo de Vestimenta Domingo &#8211; Actividades deportivas Casual. Domingo &#8211; Coctail de bienvenida Casual de negocios (sin trajes de ba\u00f1o, shorts de playa ni sandalias). Lunes y martes &#8211; Sesi\u00f3n acad\u00e9mica, mini-meetings y Table-tops. Casual de negocios (sin corbata). Lunes &#8211; Cena de gala con entrega de premios. Casual de negocios [&hellip;]<\/p>\n","protected":false},"author":1,"featured_media":0,"parent":0,"menu_order":0,"comment_status":"closed","ping_status":"closed","template":"","meta":{"footnotes":""},"class_list":["post-945","page","type-page","status-publish","hentry"],"_links":{"self":[{"href":"https:\/\/alta.aero\/ccma\/2026\/wp-json\/wp\/v2\/pages\/945","targetHints":{"allow":["GET"]}}],"collection":[{"href":"https:\/\/alta.aero\/ccma\/2026\/wp-json\/wp\/v2\/pages"}],"about":[{"href":"https:\/\/alta.aero\/ccma\/2026\/wp-json\/wp\/v2\/types\/page"}],"author":[{"embeddable":true,"href":"https:\/\/alta.aero\/ccma\/2026\/wp-json\/wp\/v2\/users\/1"}],"replies":[{"embeddable":true,"href":"https:\/\/alta.aero\/ccma\/2026\/wp-json\/wp\/v2\/comments?post=945"}],"version-history":[{"count":13,"href":"https:\/\/alta.aero\/ccma\/2026\/wp-json\/wp\/v2\/pages\/945\/revisions"}],"predecessor-version":[{"id":1810,"href":"https:\/\/alta.aero\/ccma\/2026\/wp-json\/wp\/v2\/pages\/945\/revisions\/1810"}],"wp:attachment":[{"href":"https:\/\/alta.aero\/ccma\/2026\/wp-json\/wp\/v2\/media?parent=945"}],"curies":[{"name":"wp","href":"https:\/\/api.w.org\/{rel}","templated":true}]}}