{"id":927,"date":"2025-11-27T14:42:13","date_gmt":"2025-11-27T14:42:13","guid":{"rendered":"https:\/\/alta.aero\/ccma\/2026\/?page_id=927"},"modified":"2025-12-12T11:42:01","modified_gmt":"2025-12-12T11:42:01","slug":"politica-de-cancelacion","status":"publish","type":"page","link":"https:\/\/alta.aero\/ccma\/2026\/es\/politica-de-cancelacion\/","title":{"rendered":"Pol\u00edtica de Cancelaci\u00f3n"},"content":{"rendered":"\t\t<div data-elementor-type=\"wp-page\" data-elementor-id=\"927\" class=\"elementor elementor-927\" data-elementor-post-type=\"page\">\n\t\t\t\t<div class=\"elementor-element elementor-element-f10d699 e-con-full e-flex e-con e-parent\" data-id=\"f10d699\" data-element_type=\"container\" data-e-type=\"container\" data-settings=\"{&quot;background_background&quot;:&quot;classic&quot;}\">\n\t\t<div class=\"elementor-element elementor-element-48a25ec e-con-full e-flex e-con e-child\" data-id=\"48a25ec\" data-element_type=\"container\" data-e-type=\"container\">\n\t\t\t\t<div class=\"elementor-element elementor-element-e0f098b elementor-widget elementor-widget-heading\" data-id=\"e0f098b\" data-element_type=\"widget\" data-e-type=\"widget\" data-widget_type=\"heading.default\">\n\t\t\t\t\t<h2 class=\"elementor-heading-title elementor-size-default\">POL\u00cdTICA DE CANCELACI\u00d3N Y TRANSFERENCIA<\/h2>\t\t\t\t<\/div>\n\t\t\t\t<\/div>\n\t\t\t\t<\/div>\n\t\t<div class=\"elementor-element elementor-element-c97dda7 e-flex e-con-boxed e-con e-parent\" data-id=\"c97dda7\" data-element_type=\"container\" data-e-type=\"container\" data-settings=\"{&quot;background_background&quot;:&quot;classic&quot;}\">\n\t\t\t\t\t<div class=\"e-con-inner\">\n\t\t<div class=\"elementor-element elementor-element-ad79642 e-con-full e-flex e-con e-child\" data-id=\"ad79642\" data-element_type=\"container\" data-e-type=\"container\">\n\t\t<div class=\"elementor-element elementor-element-64c49f6 e-con-full e-flex e-con e-child\" data-id=\"64c49f6\" data-element_type=\"container\" data-e-type=\"container\">\n\t\t<div class=\"elementor-element elementor-element-0064c1e e-con-full e-flex e-con e-child\" data-id=\"0064c1e\" data-element_type=\"container\" data-e-type=\"container\">\n\t\t\t\t<div class=\"elementor-element elementor-element-ac0e9d9 elementor-widget elementor-widget-heading\" data-id=\"ac0e9d9\" data-element_type=\"widget\" data-e-type=\"widget\" data-widget_type=\"heading.default\">\n\t\t\t\t\t<h3 class=\"elementor-heading-title elementor-size-default\">Aplicaci\u00f3n de la Pol\u00edtica<\/h3>\t\t\t\t<\/div>\n\t\t\t\t<\/div>\n\t\t\t\t<div class=\"elementor-element elementor-element-2181731 elementor-widget elementor-widget-text-editor\" data-id=\"2181731\" data-element_type=\"widget\" data-e-type=\"widget\" data-widget_type=\"text-editor.default\">\n\t\t\t\t\t\t\t\t\t<p class=\"p1\">Los derechos de cancelaci\u00f3n y transferencia descritos en este documento aplican \u00fanicamente y exclusivamente a los participantes que adquirieron un seguro de cancelaci\u00f3n al momento de su registro (\u201cParticipantes Asegurados\u201d). Los participantes que no adquirieron dicho seguro (\u201cParticipantes No Asegurados\u201d) est\u00e1n expresamente excluidos de los beneficios de esta pol\u00edtica<\/p><p class=\"p1\">Todas las solicitudes de cancelaci\u00f3n o transferencia de registro deben enviarse por escrito por correo electr\u00f3nico a <a href=\"mailto:conferencesandmeetings@alta.aero\"><strong>conferencesandmeetings@alta.aero <\/strong><\/a>y ser\u00e1n efectivas \u00fanicamente tras la confirmaci\u00f3n por escrito de ALTA.<\/p>\t\t\t\t\t\t\t\t<\/div>\n\t\t\t\t<div class=\"elementor-element elementor-element-273d1f5 elementor-widget elementor-widget-heading\" data-id=\"273d1f5\" data-element_type=\"widget\" data-e-type=\"widget\" data-widget_type=\"heading.default\">\n\t\t\t\t\t<h3 class=\"elementor-heading-title elementor-size-default\">Participantes Asegurados (Seguro de Cancelaci\u00f3n Adquirido)<\/h3>\t\t\t\t<\/div>\n\t\t\t\t<div class=\"elementor-element elementor-element-625d44c elementor-widget elementor-widget-heading\" data-id=\"625d44c\" data-element_type=\"widget\" data-e-type=\"widget\" data-widget_type=\"heading.default\">\n\t\t\t\t\t<h4 class=\"elementor-heading-title elementor-size-default\">Transferencias de Registro<\/h4>\t\t\t\t<\/div>\n\t\t\t\t<div class=\"elementor-element elementor-element-720dc06 elementor-widget elementor-widget-text-editor\" data-id=\"720dc06\" data-element_type=\"widget\" data-e-type=\"widget\" data-widget_type=\"text-editor.default\">\n\t\t\t\t\t\t\t\t\t<ul><li>No Miembros: Se permiten transferencias de registro con una tarifa de USD 150.<\/li><li>Miembros de ALTA: Se permiten transferencias de registro sin cargo.<\/li><\/ul>\t\t\t\t\t\t\t\t<\/div>\n\t\t\t\t<div class=\"elementor-element elementor-element-61ffc2e elementor-widget elementor-widget-heading\" data-id=\"61ffc2e\" data-element_type=\"widget\" data-e-type=\"widget\" data-widget_type=\"heading.default\">\n\t\t\t\t\t<h4 class=\"elementor-heading-title elementor-size-default\">Cancelaciones y Reembolsos<\/h4>\t\t\t\t<\/div>\n\t\t\t\t<div class=\"elementor-element elementor-element-81679f2 elementor-widget elementor-widget-text-editor\" data-id=\"81679f2\" data-element_type=\"widget\" data-e-type=\"widget\" data-widget_type=\"text-editor.default\">\n\t\t\t\t\t\t\t\t\t<ul><li>Las solicitudes de cancelaci\u00f3n enviadas por escrito el <strong>15 de marzo de 2026 o antes<\/strong> son elegibles para un reembolso, menos una tarifa administrativa de USD 100 para no miembros.<\/li><li>Los Miembros de ALTA son elegibles para un reembolso total sin tarifa administrativa, siempre que soliciten la cancelaci\u00f3n el <strong>15 de marzo de 2026 o antes<\/strong>.<\/li><li>No se emitir\u00e1n reembolsos ni cr\u00e9ditos de ning\u00fan tipo despu\u00e9s del <strong>15 de marzo de 2026<\/strong>, sin importar el motivo.<\/li><\/ul>\t\t\t\t\t\t\t\t<\/div>\n\t\t\t\t<div class=\"elementor-element elementor-element-9c2c2ef elementor-widget elementor-widget-heading\" data-id=\"9c2c2ef\" data-element_type=\"widget\" data-e-type=\"widget\" data-widget_type=\"heading.default\">\n\t\t\t\t\t<h3 class=\"elementor-heading-title elementor-size-default\">Participantes No Asegurados (Sin Seguro de Cancelaci\u00f3n)<\/h3>\t\t\t\t<\/div>\n\t\t\t\t<div class=\"elementor-element elementor-element-0224ba3 elementor-widget elementor-widget-text-editor\" data-id=\"0224ba3\" data-element_type=\"widget\" data-e-type=\"widget\" data-widget_type=\"text-editor.default\">\n\t\t\t\t\t\t\t\t\t<p class=\"p1\">Todas las inscripciones son finales, no reembolsables y no transferibles, sin excepci\u00f3n, independientemente del motivo de cancelaci\u00f3n, inasistencia, fuerza mayor, conflictos de agenda o circunstancias personales.<\/p>\t\t\t\t\t\t\t\t<\/div>\n\t\t\t\t<div class=\"elementor-element elementor-element-af99ba6 elementor-widget elementor-widget-heading\" data-id=\"af99ba6\" data-element_type=\"widget\" data-e-type=\"widget\" data-widget_type=\"heading.default\">\n\t\t\t\t\t<h4 class=\"elementor-heading-title elementor-size-default\">Cancelaciones y Reembolsos<\/h4>\t\t\t\t<\/div>\n\t\t\t\t<div class=\"elementor-element elementor-element-29f52f0 elementor-widget elementor-widget-text-editor\" data-id=\"29f52f0\" data-element_type=\"widget\" data-e-type=\"widget\" data-widget_type=\"text-editor.default\">\n\t\t\t\t\t\t\t\t\t<ul><li><p class=\"p1\">Las tarifas de cancelaci\u00f3n o transferencia para no miembros <span class=\"s1\"><b>no son eximibles<\/b><\/span> bajo ninguna circunstancia.<\/p><\/li><li><p class=\"p1\">ALTA se reserva el derecho absoluto de cancelar, modificar, posponer o reprogramar cualquier programa a su exclusiva discreci\u00f3n.<\/p><\/li><li><p class=\"p1\">ALTA no ser\u00e1 responsable y rechaza expresamente toda responsabilidad por cualquier gasto personal, de viaje, alojamiento u otros incurridos por los participantes en relaci\u00f3n con el evento, incluidos, entre otros, pasajes a\u00e9reos, hospedaje o costos incidentales.<\/p><\/li><li><p class=\"p1\">La participaci\u00f3n en el evento constituye <span class=\"s1\"><b>reconocimiento y aceptaci\u00f3n<\/b><\/span> de esta Pol\u00edtica de Cancelaci\u00f3n y Transferencia.<\/p><\/li><\/ul>\t\t\t\t\t\t\t\t<\/div>\n\t\t\t\t<\/div>\n\t\t\t\t<\/div>\n\t\t\t\t\t<\/div>\n\t\t\t\t<\/div>\n\t\t\t\t<\/div>\n\t\t","protected":false},"excerpt":{"rendered":"<p>POL\u00cdTICA DE CANCELACI\u00d3N Y TRANSFERENCIA Aplicaci\u00f3n de la Pol\u00edtica Los derechos de cancelaci\u00f3n y transferencia descritos en este documento aplican \u00fanicamente y exclusivamente a los participantes que adquirieron un seguro de cancelaci\u00f3n al momento de su registro (\u201cParticipantes Asegurados\u201d). Los participantes que no adquirieron dicho seguro (\u201cParticipantes No Asegurados\u201d) est\u00e1n expresamente excluidos de los beneficios [&hellip;]<\/p>\n","protected":false},"author":1,"featured_media":0,"parent":0,"menu_order":0,"comment_status":"closed","ping_status":"closed","template":"","meta":{"footnotes":""},"class_list":["post-927","page","type-page","status-publish","hentry"],"_links":{"self":[{"href":"https:\/\/alta.aero\/ccma\/2026\/wp-json\/wp\/v2\/pages\/927","targetHints":{"allow":["GET"]}}],"collection":[{"href":"https:\/\/alta.aero\/ccma\/2026\/wp-json\/wp\/v2\/pages"}],"about":[{"href":"https:\/\/alta.aero\/ccma\/2026\/wp-json\/wp\/v2\/types\/page"}],"author":[{"embeddable":true,"href":"https:\/\/alta.aero\/ccma\/2026\/wp-json\/wp\/v2\/users\/1"}],"replies":[{"embeddable":true,"href":"https:\/\/alta.aero\/ccma\/2026\/wp-json\/wp\/v2\/comments?post=927"}],"version-history":[{"count":16,"href":"https:\/\/alta.aero\/ccma\/2026\/wp-json\/wp\/v2\/pages\/927\/revisions"}],"predecessor-version":[{"id":1613,"href":"https:\/\/alta.aero\/ccma\/2026\/wp-json\/wp\/v2\/pages\/927\/revisions\/1613"}],"wp:attachment":[{"href":"https:\/\/alta.aero\/ccma\/2026\/wp-json\/wp\/v2\/media?parent=927"}],"curies":[{"name":"wp","href":"https:\/\/api.w.org\/{rel}","templated":true}]}}