{"id":1072,"date":"2025-12-02T14:08:35","date_gmt":"2025-12-02T14:08:35","guid":{"rendered":"https:\/\/alta.aero\/ccma\/2026\/?page_id=1072"},"modified":"2026-02-02T20:55:36","modified_gmt":"2026-02-02T20:55:36","slug":"registro","status":"publish","type":"page","link":"https:\/\/alta.aero\/ccma\/2026\/es\/registro\/","title":{"rendered":"Registro"},"content":{"rendered":"\t\t<div data-elementor-type=\"wp-page\" data-elementor-id=\"1072\" class=\"elementor elementor-1072\" data-elementor-post-type=\"page\">\n\t\t\t\t<a class=\"elementor-element elementor-element-aba3360 e-con-full e-flex e-con e-parent\" data-id=\"aba3360\" data-element_type=\"container\" data-e-type=\"container\" data-settings=\"{&quot;background_background&quot;:&quot;classic&quot;}\" href=\"http:\/\/www.atsmro.com\/\" target=\"_blank\">\n\t\t<div class=\"elementor-element elementor-element-855ab7c e-con-full e-flex e-con e-child\" data-id=\"855ab7c\" data-element_type=\"container\" data-e-type=\"container\">\n\t\t\t\t<div class=\"elementor-element elementor-element-0bc3864 elementor-widget elementor-widget-heading\" data-id=\"0bc3864\" data-element_type=\"widget\" data-e-type=\"widget\" data-widget_type=\"heading.default\">\n\t\t\t\t\t<h2 class=\"elementor-heading-title elementor-size-default\">REGISTRO<\/h2>\t\t\t\t<\/div>\n\t\t\t\t<\/div>\n\t\t\t\t<\/a>\n\t\t<div class=\"elementor-element elementor-element-2f99715 e-flex e-con-boxed e-con e-parent\" data-id=\"2f99715\" data-element_type=\"container\" data-e-type=\"container\">\n\t\t\t\t\t<div class=\"e-con-inner\">\n\t\t<div class=\"elementor-element elementor-element-e858f9d e-con-full e-flex e-con e-child\" data-id=\"e858f9d\" data-element_type=\"container\" data-e-type=\"container\">\n\t\t<div class=\"elementor-element elementor-element-fdb4a47 e-con-full e-flex e-con e-child\" data-id=\"fdb4a47\" data-element_type=\"container\" data-e-type=\"container\">\n\t\t\t\t<div class=\"elementor-element elementor-element-3decee5 elementor-widget elementor-widget-heading\" data-id=\"3decee5\" data-element_type=\"widget\" data-e-type=\"widget\" data-widget_type=\"heading.default\">\n\t\t\t\t\t<h3 class=\"elementor-heading-title elementor-size-default\">REGISTRO DE PROVEEDORES<\/h3>\t\t\t\t<\/div>\n\t\t\t\t<div class=\"elementor-element elementor-element-7516f6b elementor-widget-mobile__width-initial elementor-widget elementor-widget-html\" data-id=\"7516f6b\" data-element_type=\"widget\" data-e-type=\"widget\" data-widget_type=\"html.default\">\n\t\t\t\t\t<table>\n            <tr class=\"text-centar\" style=\"background-color:#00a0af; color:white; font-size:16px; font-family: 'Montserrat', sans-serif;\">\n                <th style=\"height: 60px; text-align: center;\">CATEGORIA<\/th>\n                <th style=\"text-align: center;\" >MINI-MEETING<\/th>\n                <th style=\"text-align: center;\">ALTA PARTNERS<\/th>\n               \n                        <th style=\"text-align: center;\">REGISTRO GENERAL<\/th>\n                <th style=\"text-align: center;\">L\u00cdMITE<\/th>\n            <\/tr>\n         \n            <tr style=\"border:1px solid #dddddd; background-color:#ededed; font-size:16px; font-family: 'Montserrat', sans-serif;\">\n                <td rowspan=\"2\" style=\"padding-left:10px; border: 1px solid #dddddd; background-color:#ededed; text-align: LEFT; vertical-align: middle;\">Proveedores<\/td>\n               <td style=\"height: 60px; text-align: center; border:1px solid #dddddd;\">SI<\/td>\n                <td style=\"border: 1px solid #dddddd; color: rgb(98, 98, 98); background-color:#ededed; padding-left: 5px; text-align:center;color:red;\">* AGOTADO<!--Registration for suppliers are currently sold-out, if you wish to add your name to our waiting list please <a style=\"color: white;\" href=\"#elementor-action%3Aaction%3Dpopup%3Aopen%26settings%3DeyJpZCI6IjIyMzgiLCJ0b2dnbGUiOmZhbHNlfQ%3D%3D\"><strong>click here<\/strong><\/a>. Limited number of sponsorship including Mini-meeting are still available. <a style=\"color: white;\" href=\"\/ccma\/2024\/sponsorships\/\"><strong>Click Here<\/strong><\/a> for more information--><\/td>\n\n                <td style=\"border: 1px solid #dddddd; background-color:#ededed; padding-left: 5px; text-align:center;color:red; \">* AGOTADO<\/td>\n                <td style=\"border: 1px solid #dddddd; color: rgb(98, 98, 98); background-color:#ededed; padding-left: 5px; text-align:center;\">200 participantes<\/td>\n            <\/tr>\n            <tr style=\"border:1px solid #dddddd; background-color:#ededed; font-size:16px; font-family: 'Montserrat', sans-serif;\">\n               <td style=\"height: 60px; text-align: center; border:1px solid #dddddd; color: rgb(98, 98, 98); background-color:#ededed;\">NO<\/td>\n                <td style=\"border: 1px solid #dddddd; color: rgb(98, 98, 98); background-color:#ededed; padding-left: 5px; text-align:center;\">U$D 1275<!--Registration for suppliers are currently sold-out, if you wish to add your name to our waiting list please <a style=\"color: white;\" href=\"#elementor-action%3Aaction%3Dpopup%3Aopen%26settings%3DeyJpZCI6IjIyMzgiLCJ0b2dnbGUiOmZhbHNlfQ%3D%3D\"><strong>click here<\/strong><\/a>. Limited number of sponsorship including Mini-meeting are still available. <a style=\"color: white;\" href=\"\/ccma\/2024\/sponsorships\/\"><strong>Click Here<\/strong><\/a> for more information--><\/td>\n            \n                <td style=\"border: 1px solid #dddddd; color: rgb(98, 98, 98); background-color:#ededed; padding-left: 5px; text-align:center;\">U$D 1700<\/td>\n                <td style=\"border: 1px solid #dddddd; color: rgb(98, 98, 98); background-color:#ededed; padding-left: 5px; text-align:center;\">200 participantes<\/td>\n            <\/tr>\n                <tr style=\"border:1px solid #dddddd; background-color:#f8f8f8; font-size:16px; font-family: 'Montserrat', sans-serif;\">\n                <td style=\"padding-left:10px; padding-top:20px; padding-bottom:20px; border: 1px solid #dddddd; background-color:#f8f8f8;\">Acompan\u00f1ante No-commercial<\/td>\n                <td colspan=\"3\" style=\"border: 1px solid #dddddd; color: rgb(98, 98, 98); background-color:#f8f8f8; padding-left: 5px; text-align:center;vertical-align: middle;\">U$D 700<\/td>\n                <td style=\"border: 1px solid #dddddd; color: rgb(98, 98, 98); background-color:#f8f8f8; padding-left: 5px; text-align:center; vertical-align: middle;\">25 participantes<\/td>\n            <\/tr>\n            <tr style=\"border:1px solid #dddddd; background-color:#ededed; font-size:16px; font-family: 'Montserrat', sans-serif;;\">\n                <td style=\"padding-left:10px; padding-top:20px; padding-bottom:20px; border: 1px solid #dddddd; background-color:#ededed;\">Registro On Site<br>(No Mini-Meeting)<\/td>\n                <td style=\"border: 1px solid #dddddd; color: rgb(98, 98, 98); background-color:#ededed; padding-left: 5px; text-align:center;\">-<\/td>\n                <td style=\"border: 1px solid #dddddd; color: rgb(98, 98, 98); background-color:#ededed; padding-left: 5px; text-align:center;\">U$D 1750 <\/td>\n                <td style=\"border: 1px solid #dddddd; color: rgb(98, 98, 98); background-color:#ededed; padding-left: 5px; text-align:center;\">U$D 3200<\/td>\n                <td style=\"border: 1px solid #dddddd; color: rgb(98, 98, 98); background-color:#ededed; padding-left: 5px; text-align:center;\">Subjeto a disponibilidad<\/td>\n            <\/tr>\n                \n                <\/table>\n            \t\t\t\t<\/div>\n\t\t\t\t<div class=\"elementor-element elementor-element-956c2b2 elementor-widget elementor-widget-text-editor\" data-id=\"956c2b2\" data-element_type=\"widget\" data-e-type=\"widget\" data-widget_type=\"text-editor.default\">\n\t\t\t\t\t\t\t\t\t*Puede unirse a nuestra lista de espera envi\u00e1ndonos un correo a\u00a0<a href=\"mailto:conferencesandmeetings@alta.aero?subject=ALTA%20CCMA%202026%20lista%20de%20espera\">conferencesandmeetings@alta.aero<\/a>, y con gusto le avisaremos en cuanto se liberen cupos adicionales. Para ser considerado en la lista de espera, aseg\u00farese primero de registrarse en la categor\u00eda <span class=\"s1\"><b>No Mini-Meeting<\/b><\/span>. La lista de espera se gestionar\u00e1 por orden de llegada.\n<p class=\"p1\">Si le interesan las inscripciones con mini-meetings, a\u00fan est\u00e1n disponibles a trav\u00e9s de paquetes de patrocinio. Para m\u00e1s informaci\u00f3n, no dude en contactar a <a href=\"mailto:alexandra.ortiz@icorporateevents.com?subject=ALTA%20CCMA%202026\">alexandra.ortiz@icorporateevents.com.<\/a> Estaremos encantados de ayudarle.<\/p>\t\t\t\t\t\t\t\t<\/div>\n\t\t\t\t<div class=\"elementor-element elementor-element-31a659c elementor-align-left elementor-widget elementor-widget-button\" data-id=\"31a659c\" data-element_type=\"widget\" data-e-type=\"widget\" data-widget_type=\"button.default\">\n\t\t\t\t\t\t\t\t\t\t<a class=\"elementor-button elementor-button-link elementor-size-sm\" href=\"https:\/\/alta.aero\/ccma\/2026\/es\/registro-proveedores\/\">\n\t\t\t\t\t\t<span class=\"elementor-button-content-wrapper\">\n\t\t\t\t\t\t<span class=\"elementor-button-icon\">\n\t\t\t\t<svg aria-hidden=\"true\" class=\"e-font-icon-svg e-fas-arrow-right\" viewBox=\"0 0 448 512\" xmlns=\"http:\/\/www.w3.org\/2000\/svg\"><path d=\"M190.5 66.9l22.2-22.2c9.4-9.4 24.6-9.4 33.9 0L441 239c9.4 9.4 9.4 24.6 0 33.9L246.6 467.3c-9.4 9.4-24.6 9.4-33.9 0l-22.2-22.2c-9.5-9.5-9.3-25 .4-34.3L311.4 296H24c-13.3 0-24-10.7-24-24v-32c0-13.3 10.7-24 24-24h287.4L190.9 101.2c-9.8-9.3-10-24.8-.4-34.3z\"><\/path><\/svg>\t\t\t<\/span>\n\t\t\t\t\t\t\t\t\t<span class=\"elementor-button-text\">REGITRESE AHORA<\/span>\n\t\t\t\t\t<\/span>\n\t\t\t\t\t<\/a>\n\t\t\t\t\t\t\t\t<\/div>\n\t\t\t\t<\/div>\n\t\t\t\t<\/div>\n\t\t\t\t\t<\/div>\n\t\t\t\t<\/div>\n\t\t<div class=\"elementor-element elementor-element-2fba86d e-flex e-con-boxed e-con e-parent\" data-id=\"2fba86d\" data-element_type=\"container\" data-e-type=\"container\">\n\t\t\t\t\t<div class=\"e-con-inner\">\n\t\t<div class=\"elementor-element elementor-element-c1d8cd4 e-con-full e-flex e-con e-child\" data-id=\"c1d8cd4\" data-element_type=\"container\" data-e-type=\"container\">\n\t\t<div class=\"elementor-element elementor-element-fe159ce e-con-full e-flex e-con e-child\" data-id=\"fe159ce\" data-element_type=\"container\" data-e-type=\"container\">\n\t\t\t\t<div class=\"elementor-element elementor-element-14cb4e5 elementor-widget elementor-widget-heading\" data-id=\"14cb4e5\" data-element_type=\"widget\" data-e-type=\"widget\" data-widget_type=\"heading.default\">\n\t\t\t\t\t<h3 class=\"elementor-heading-title elementor-size-default\">REGISTRO DE AEROL\u00cdNEAS<\/h3>\t\t\t\t<\/div>\n\t\t\t\t<div class=\"elementor-element elementor-element-67357b1 elementor-hidden-desktop elementor-hidden-tablet elementor-hidden-mobile elementor-widget elementor-widget-text-editor\" data-id=\"67357b1\" data-element_type=\"widget\" data-e-type=\"widget\" data-widget_type=\"text-editor.default\">\n\t\t\t\t\t\t\t\t\t<p>Airlines registration will be released on January XX, 2025 at 12:00 PM Eastern Time.<\/p>\t\t\t\t\t\t\t\t<\/div>\n\t\t\t\t<div class=\"elementor-element elementor-element-4c0f0c7 elementor-widget elementor-widget-html\" data-id=\"4c0f0c7\" data-element_type=\"widget\" data-e-type=\"widget\" data-widget_type=\"html.default\">\n\t\t\t\t\t<table>\n   <tbody style=\"color:black;\">\n   <tr style=\"background-color:#00a0af; border:1px solid #00a0af; color:white; font-size:16px;\">\n   <th height=60px style=\"text-align: center; padding-left:5px; font-size:16px\" width=\"40%\">REPRESENTATE DE AEROLI\u00cdNEA<\/th>\n   <th style=\"text-align: center; padding-left:5px; font-size:16px\" width=\"30%\">PRECIO<\/th>\n\n   \n   <tr height=60px style=\"border:1px solid #dddddd; background-color:#ededed; font-size:16px;\">\n       <td style=\"padding-left:5px; border:1px solid #dddddd;\">Aerol\u00edneas miembro de ALTA *hasta 3 inscripciones<\/td>\n           <td  style=\"text-align: center; padding-left:5px; border:1px solid #dddddd;\">GRATIS<\/td>\n\n       <\/tr>\n  \n       <tr height=60px style=\"border:1px solid #dddddd; background-color:#ffffff; font-size:16px;\">\n           <td style=\"padding-left:5px; border:1px solid #dddddd;\">Aerol\u00edneas No Miembro de ALTA<\/td>\n           <td style=\"text-align: center; padding-left:5px; border:1px solid #dddddd; \">USD 500<\/td>\n\n       <\/tr>\n       \n       <tr height=60px style=\"border:1px solid #dddddd; background-color:#ededed; font-size:16px;\">\n        <td style=\"padding-left:5px; border:1px solid #dddddd;\">Acompa\u00f1ante de Aerol\u00edneas<\/td>\n\n        <td  style=\"text-align: center; padding-left:5px; border:1px solid #dddddd;\">USD 300<\/td>\n        <\/tr>\n\n       \n   <\/table>\t\t\t\t<\/div>\n\t\t\t\t<div class=\"elementor-element elementor-element-2c2d395 elementor-align-left elementor-widget elementor-widget-button\" data-id=\"2c2d395\" data-element_type=\"widget\" data-e-type=\"widget\" data-widget_type=\"button.default\">\n\t\t\t\t\t\t\t\t\t\t<a class=\"elementor-button elementor-button-link elementor-size-sm\" href=\"https:\/\/alta.aero\/ccma\/2026\/es\/registro-aerolineas\/\">\n\t\t\t\t\t\t<span class=\"elementor-button-content-wrapper\">\n\t\t\t\t\t\t<span class=\"elementor-button-icon\">\n\t\t\t\t<svg aria-hidden=\"true\" class=\"e-font-icon-svg e-fas-arrow-right\" viewBox=\"0 0 448 512\" xmlns=\"http:\/\/www.w3.org\/2000\/svg\"><path d=\"M190.5 66.9l22.2-22.2c9.4-9.4 24.6-9.4 33.9 0L441 239c9.4 9.4 9.4 24.6 0 33.9L246.6 467.3c-9.4 9.4-24.6 9.4-33.9 0l-22.2-22.2c-9.5-9.5-9.3-25 .4-34.3L311.4 296H24c-13.3 0-24-10.7-24-24v-32c0-13.3 10.7-24 24-24h287.4L190.9 101.2c-9.8-9.3-10-24.8-.4-34.3z\"><\/path><\/svg>\t\t\t<\/span>\n\t\t\t\t\t\t\t\t\t<span class=\"elementor-button-text\">REGITRESE AHORA<\/span>\n\t\t\t\t\t<\/span>\n\t\t\t\t\t<\/a>\n\t\t\t\t\t\t\t\t<\/div>\n\t\t\t\t<div class=\"elementor-element elementor-element-8f15011 elementor-hidden-desktop elementor-hidden-tablet elementor-hidden-mobile elementor-widget elementor-widget-text-editor\" data-id=\"8f15011\" data-element_type=\"widget\" data-e-type=\"widget\" data-widget_type=\"text-editor.default\">\n\t\t\t\t\t\t\t\t\t<p>*If you are a Purchasing Senior Executive please contact Santiago Valencia through <a href=\"mailto:svalencia@alta.aero\">svalencia@alta.aero<\/a> to validate if you apply for a free registration.<\/p><p>** Registration cost varies based on the airlines\u2019 number of attendees already registered at the Technical Committee. Please contact Santiago Valencia through <a href=\"mailto:svalencia@alta.aero\">svalencia@alta.aero<\/a> to confirm your free registration.<\/p>\t\t\t\t\t\t\t\t<\/div>\n\t\t\t\t<div class=\"elementor-element elementor-element-09c3dd3 elementor-widget elementor-widget-heading\" data-id=\"09c3dd3\" data-element_type=\"widget\" data-e-type=\"widget\" data-widget_type=\"heading.default\">\n\t\t\t\t\t<h3 class=\"elementor-heading-title elementor-size-default\">CONSIDERACIONES:<\/h3>\t\t\t\t<\/div>\n\t\t\t\t<div class=\"elementor-element elementor-element-f70a582 elementor-widget elementor-widget-text-editor\" data-id=\"f70a582\" data-element_type=\"widget\" data-e-type=\"widget\" data-widget_type=\"text-editor.default\">\n\t\t\t\t\t\t\t\t\t<ul><li>Airline registrations may qualify for complimentary conference registration, subject to the following conditions:<ul><li>ALTA members airline: Up to three (3) complimentary registrations per airline participating in mini meetings and up to one (1) complimentary registrations per airline participating in Technical Committee. If more than three participants are registered, ALTA reserves the right to approve further complimentary registrations.<\/li><li>Non-ALTA airlines: Up to one (1) complimentary registration per airline. If more than one participant is registered, ALTA reserves the right to approve further complimentary registrations.<\/li><\/ul><\/li><li>Complimentary registrations are conditional upon participation during the entire event agenda, including but not limited to:<ul><li>100% attendance at mini-meeting activities (if applicable),<\/li><li>Supplier Airlines Club attendance<\/li><li>Mandatory airline closed meetings,<\/li><li>Supply Chain and Technical Committee meetings.<\/li><\/ul><\/li><\/ul><ul><li>Airline participants may qualify for complimentary and\/or discounted hotel accommodation, subject to the date of registration confirmation and the type of registration selected, as outlined below.<\/li><\/ul><p><strong><br \/>Additional Hotel incentives for ALTA Members<\/strong><\/p><ul><li>Supply-chain attending Mini-meetings<ul><li>Airline participants registered before March 10 receive 3 complimentary nights.<\/li><li>Airline participants registered before April 2 receive 2 complimentary nights.<\/li><li>Airline participants registered before April 30 receive 1 complimentary night.<\/li><\/ul><\/li><li><span data-ogsc=\"rgb(84, 89, 95)\">Maintenance<\/span><span data-ogsc=\"rgb(84, 89, 95)\"> participants<\/span><ul><li>Airline participants registered before April 2 receive 2 complimentary nights.<\/li><li>Airline participants registered before April 30 receive 1 complimentary night.<\/li><\/ul><\/li><\/ul><p><strong><br \/>Non-member airlines:<\/strong><\/p><ul><li>Supply-chain attending Mini-meetings<ul><li>Airline participants registered before March 10 receive 3 complimentary nights.<\/li><li>Airline participants registered before April 2 receive 2 complimentary nights.<\/li><li>Airline participants registered before April 30 receive 1 complimentary night.<\/li><\/ul><\/li><\/ul>\t\t\t\t\t\t\t\t<\/div>\n\t\t\t\t<div class=\"elementor-element elementor-element-4d52e6d elementor-widget elementor-widget-heading\" data-id=\"4d52e6d\" data-element_type=\"widget\" data-e-type=\"widget\" data-widget_type=\"heading.default\">\n\t\t\t\t\t<h3 class=\"elementor-heading-title elementor-size-default\">IMPORTANT NOTES:<\/h3>\t\t\t\t<\/div>\n\t\t\t\t<div class=\"elementor-element elementor-element-c3ecba3 elementor-widget elementor-widget-text-editor\" data-id=\"c3ecba3\" data-element_type=\"widget\" data-e-type=\"widget\" data-widget_type=\"text-editor.default\">\n\t\t\t\t\t\t\t\t\t<ul><li>Airline\/MRO participants attending mini-meetings as buyers must register under \u201cAirline Buyer with Mini-Meetings.\u201d<\/li><li>Airline\/MRO participants attending as service providers must register as \u201cSuppliers.\u201d<\/li><li>Technical Committees reserve the right to restrict access to closed-door airline meetings.<\/li><li>Suppliers may attend mini-meetings as business companions of another\u00a0registered supplier (maximum two representatives per supplier).<\/li><\/ul><p>Participants who receive complimentary benefits and do not comply with these conditions\u00a0will be required to pay the full registration fee.<\/p><p>If you are unsure which category applies to you, please do not hesitate to <a href=\"https:\/\/alta.aero\/ccma\/2026\/contact\/\">contact us<\/a>.<\/p><ul><li style=\"list-style-type: none;\">\u00a0<\/li><\/ul>\t\t\t\t\t\t\t\t<\/div>\n\t\t\t\t<div class=\"elementor-element elementor-element-ddd91f9 elementor-widget elementor-widget-html\" data-id=\"ddd91f9\" data-element_type=\"widget\" data-e-type=\"widget\" data-widget_type=\"html.default\">\n\t\t\t\t\t<table>\n    \n      <tr style=\"background-color: #00a0af; border: 1px solid #00a0af; color:white; font-size:16px;\">\n      <th style=\"padding-left: 5px; font-size:16px\" height=\"50px\">LA CUOTA DE REGISTRO INCLUYE<br>LAS SIGUIENTES ACTIVIDADES<\/th>\n      <th style=\"padding-left: 5px; border: 1px solid #00a0af; font-size:16px\">DELEGADO DE LA EMPRESA<\/th>\n      <th style=\"padding-left: 5px; border: 1px solid #00a0af; font-size:16px\">ACOMPA\u00d1ANTE NO COMERCIAL<\/th>\n      <\/tr>\n      <tr style=\" background-color: #ececec; font-size:16px;\">\n      <td style=\"padding-left: 5px; border: 1px solid #dddddd;\" height=\"50px\">Actividades deportivas y sociales<\/td>\n      <td style=\"padding-left: 5px; border: 1px solid #dddddd;\">SI<\/td>\n      <td style=\"padding-left: 5px; border: 1px solid #dddddd;\">SI<\/td>\n      <\/tr>\n      \n      <tr style=\"border: 1px solid #AAE7F1; font-size:16px;\">\n      <td style=\"padding-left: 5px; border: 1px solid #dddddd;vertical-align: middle;\" height=\"50px\">Comidas incluidas en la agenda<\/td>\n      <td style=\"padding-left: 5px; border: 1px solid #dddddd;\">SI<\/td>\n      <td style=\"padding-left: 5px; border: 1px solid #dddddd;\">SI<\/td>\n      <\/tr>\n      \n      <tr style=\"border: 1px solid #AAE7F1; background-color: #ececec;font-size:16px;\">\n      <td style=\"padding-left: 5px; border: 1px solid #dddddd;\" height=\"50px\">Coffee Breaks \/ Networking Breaks<\/td>\n      <td style=\"padding-left: 5px; border: 1px solid #dddddd;;\">SI<\/td>\n      <td style=\"padding-left: 5px; border: 1px solid #dddddd;;\">No<\/td>\n      <\/tr>\n      \n      <tr style=\"border: 1px solid #AAE7F1; font-size:16px;;\">\n      <td style=\"padding-left: 5px; border: 1px solid #dddddd;;\" height=\"50px\">Todos los paneles de la conferencia \/ Sesiones abiertas<\/td>\n      <td style=\"padding-left: 5px; border: 1px solid #dddddd;;\">SI<\/td>\n      <td style=\"padding-left: 5px; border: 1px solid #dddddd;;\">No<\/td>\n      <\/tr>\n      \n      <tr style=\"border: 1px solid #AAE7F1; background-color: #ececec; font-size:16px;\">\n      <td style=\"padding-left: 5px; border: 1px solid #dddddd;;\" height=\"50px\">Mini-Meetings (excepto para quienes se registren sin mini-meetings)<\/td>\n      <td style=\"padding-left: 5px; border: 1px solid #dddddd;;\">SI<\/td>\n      <td style=\"padding-left: 5px; border: 1px solid #dddddd;;\">No<\/td>\n      <\/tr>\n      \n      <tr style=\"border: 1px solid #AAE7F1; font-size:16px;\">\n      <td style=\"padding-left: 5px; border: 1px solid #dddddd;;\" height=\"50px\">Acceso al \u00e1rea de exhibici\u00f3n<\/td>\n      <td style=\"padding-left: 5px; border: 1px solid #dddddd;;\">SI<\/td>\n      <td style=\"padding-left: 5px; border: 1px solid #dddddd;;\">No<\/td>\n      <\/tr>\n      \n      <tr style=\"border: 1px solid #AAE7F1; background-color: #ececec; font-size:16px;\">\n      <td style=\"padding-left: 5px; border: 1px solid #dddddd;;\" height=\"50px\">Acceso al \u00e1rea de Table-Tops<\/td>\n      <td style=\"padding-left: 5px; border: 1px solid #dddddd;;\">SI<\/td>\n      <td style=\"padding-left: 5px; border: 1px solid #dddddd;;\">No<\/td>\n      <\/tr>\n     \n      <\/table>\n\t\t\t\t<\/div>\n\t\t\t\t<\/div>\n\t\t\t\t<\/div>\n\t\t\t\t\t<\/div>\n\t\t\t\t<\/div>\n\t\t<div class=\"elementor-element elementor-element-1587de5 e-con-full e-flex e-con e-parent\" data-id=\"1587de5\" data-element_type=\"container\" data-e-type=\"container\">\n\t\t\t\t<div class=\"elementor-element elementor-element-1214dde elementor-widget-divider--view-line elementor-widget elementor-widget-divider\" data-id=\"1214dde\" data-element_type=\"widget\" data-e-type=\"widget\" data-widget_type=\"divider.default\">\n\t\t\t\t\t\t\t<div class=\"elementor-divider\">\n\t\t\t<span class=\"elementor-divider-separator\">\n\t\t\t\t\t\t<\/span>\n\t\t<\/div>\n\t\t\t\t\t\t<\/div>\n\t\t\t\t<\/div>\n\t\t\t\t<\/div>\n\t\t","protected":false},"excerpt":{"rendered":"<p>REGISTRO REGISTRO DE PROVEEDORES CATEGORIA MINI-MEETING ALTA PARTNERS REGISTRO GENERAL L\u00cdMITE Proveedores SI * AGOTADO * AGOTADO 200 participantes NO U$D 1275 U$D 1700 200 participantes Acompan\u00f1ante No-commercial U$D 700 25 participantes Registro On Site(No Mini-Meeting) &#8211; U$D 1750 U$D 3200 Subjeto a disponibilidad *Puede unirse a nuestra lista de espera envi\u00e1ndonos un correo a\u00a0conferencesandmeetings@alta.aero, [&hellip;]<\/p>\n","protected":false},"author":1,"featured_media":0,"parent":0,"menu_order":0,"comment_status":"closed","ping_status":"closed","template":"","meta":{"footnotes":""},"class_list":["post-1072","page","type-page","status-publish","hentry"],"_links":{"self":[{"href":"https:\/\/alta.aero\/ccma\/2026\/wp-json\/wp\/v2\/pages\/1072","targetHints":{"allow":["GET"]}}],"collection":[{"href":"https:\/\/alta.aero\/ccma\/2026\/wp-json\/wp\/v2\/pages"}],"about":[{"href":"https:\/\/alta.aero\/ccma\/2026\/wp-json\/wp\/v2\/types\/page"}],"author":[{"embeddable":true,"href":"https:\/\/alta.aero\/ccma\/2026\/wp-json\/wp\/v2\/users\/1"}],"replies":[{"embeddable":true,"href":"https:\/\/alta.aero\/ccma\/2026\/wp-json\/wp\/v2\/comments?post=1072"}],"version-history":[{"count":151,"href":"https:\/\/alta.aero\/ccma\/2026\/wp-json\/wp\/v2\/pages\/1072\/revisions"}],"predecessor-version":[{"id":2269,"href":"https:\/\/alta.aero\/ccma\/2026\/wp-json\/wp\/v2\/pages\/1072\/revisions\/2269"}],"wp:attachment":[{"href":"https:\/\/alta.aero\/ccma\/2026\/wp-json\/wp\/v2\/media?parent=1072"}],"curies":[{"name":"wp","href":"https:\/\/api.w.org\/{rel}","templated":true}]}}