{"id":840,"date":"2024-11-26T17:31:02","date_gmt":"2024-11-26T17:31:02","guid":{"rendered":"https:\/\/alta.aero\/ccma\/2025\/?page_id=840"},"modified":"2025-01-17T14:27:44","modified_gmt":"2025-01-17T14:27:44","slug":"codigo-de-conducta","status":"publish","type":"page","link":"https:\/\/alta.aero\/ccma\/2025\/es\/codigo-de-conducta\/","title":{"rendered":"Codigo de conducta"},"content":{"rendered":"\t\t<div data-elementor-type=\"wp-page\" data-elementor-id=\"840\" class=\"elementor elementor-840\" data-elementor-post-type=\"page\">\n\t\t\t\t<div class=\"elementor-element elementor-element-6a97887 e-con-full e-flex e-con e-parent\" data-id=\"6a97887\" data-element_type=\"container\">\n\t\t\t\t<div class=\"elementor-element elementor-element-8067669 elementor--h-position-center elementor--v-position-middle elementor-widget elementor-widget-slides\" data-id=\"8067669\" data-element_type=\"widget\" data-settings=\"{&quot;navigation&quot;:&quot;none&quot;,&quot;transition&quot;:&quot;slide&quot;,&quot;transition_speed&quot;:500}\" data-widget_type=\"slides.default\">\n\t\t\t\t<div class=\"elementor-widget-container\">\n\t\t\t\t\t\t\t\t\t<div class=\"elementor-swiper\">\n\t\t\t\t\t<div class=\"elementor-slides-wrapper elementor-main-swiper swiper\" role=\"region\" aria-roledescription=\"carousel\" aria-label=\"Slides\" dir=\"ltr\" data-animation=\"fadeInUp\">\n\t\t\t\t<div class=\"swiper-wrapper elementor-slides\">\n\t\t\t\t\t\t\t\t\t\t<div class=\"elementor-repeater-item-8b7ffa2 swiper-slide\" role=\"group\" aria-roledescription=\"slide\"><div class=\"swiper-slide-bg\" role=\"img\"><\/div><a class=\"swiper-slide-inner\" href=\"https:\/\/www.atsmro.com\"><div class=\"swiper-slide-contents\"><div class=\"elementor-slide-heading\">C\u00d3DIGO DE CONDUCTA<\/div><\/div><\/a><\/div>\t\t\t\t<\/div>\n\t\t\t\t\t\t\t<\/div>\n\t\t\t\t<\/div>\n\t\t\t\t\t\t\t\t<\/div>\n\t\t\t\t<\/div>\n\t\t\t\t<\/div>\n\t\t<div class=\"elementor-element elementor-element-04fb80b e-flex e-con-boxed e-con e-parent\" data-id=\"04fb80b\" data-element_type=\"container\">\n\t\t\t\t\t<div class=\"e-con-inner\">\n\t\t<div class=\"elementor-element elementor-element-6c19dc5 e-con-full e-flex e-con e-child\" data-id=\"6c19dc5\" data-element_type=\"container\">\n\t\t\t\t<div class=\"elementor-element elementor-element-feca5a1 elementor-widget elementor-widget-heading\" data-id=\"feca5a1\" data-element_type=\"widget\" data-widget_type=\"heading.default\">\n\t\t\t\t<div class=\"elementor-widget-container\">\n\t\t\t\t\t<h3 class=\"elementor-heading-title elementor-size-default\">C\u00d3DIGO DE CONDUCTA<\/h3>\t\t\t\t<\/div>\n\t\t\t\t<\/div>\n\t\t\t\t<div class=\"elementor-element elementor-element-2a0a068 elementor-widget elementor-widget-text-editor\" data-id=\"2a0a068\" data-element_type=\"widget\" data-widget_type=\"text-editor.default\">\n\t\t\t\t<div class=\"elementor-widget-container\">\n\t\t\t\t\t\t\t\t\t<ul>\n \t<li>Ning\u00fan proveedor, en ning\u00fan momento, podr\u00e1 invitar a o retirar al personal de la aerol\u00ednea de los actos organizados durante el transcurso programado de la conferencia. Los proveedores deber\u00e1n esperar a que finalicen todos los actos organizados seg\u00fan el orden del d\u00eda\/programa de la conferencia para organizar cualquier entretenimiento o reuni\u00f3n fuera del recinto.<\/li>\n<\/ul>\n<ul>\n \t<li>Los proveedores deber\u00e1n respetar la se\u00f1al de \u00abRESERVADO\u00bb en todas las mesas\/sillas establecidas durante un evento y no las retirar\u00e1n.<\/li>\n<\/ul>\n<ul>\n \t<li>Todos los proveedores deber\u00e1n asistir a todas los mini-meetings programadas para las que se hayan inscrito. Un \u00abno-show\u00bb injustificado es una se\u00f1al de falta de respeto y podr\u00eda resultar en la p\u00e9rdida de cualquier reuni\u00f3n futura.<\/li>\n<\/ul>\n<ul>\n \t<li>Cualquier sugerencia o comentario que contribuya a mejorar la conferencia debe enviarse a la atenci\u00f3n del Presidente del Comit\u00e9 Directivo de Proveedores del CCMA, Lee Kapel, <a href=\"mailto:lee@tsiaviation.com\">lee@tsiaviation.com<\/a> \u00a0con copia al Director de Mantenimiento y Abastecimiento T\u00e9cnico, Santiago Valencia, en\u00a0<a href=\"mailto:svalencia@alta.aero,\u00a0\">svalencia@alta.aero,\u00a0<\/a>para su revisi\u00f3n y consideraci\u00f3n.<\/li>\n<\/ul>\n<ul>\n \t<li>Los proveedores podr\u00e1n inscribir a una persona como \u00abAcompa\u00f1ante No-Comercial\u00bb s\u00f3lo si se trata de un c\u00f3nyuge, un pariente cercano o un amigo que no trabaje en el sector de las aerol\u00edneas y que no vaya a realizar negocios durante el evento. Los acompa\u00f1antes no tienen acceso a ning\u00fan mini-meeting, zona de exposici\u00f3n o sesiones de table-tops.<\/li>\n<\/ul>\n<ul>\n \t<li>Se ha establecido un c\u00f3digo de vestimenta para todos los eventos y se espera que los Proveedores lo cumplan. V\u00e9ase el c\u00f3digo de vestimenta en el siguiente link: <a href=\"https:\/\/alta.aero\/ccma\/2025\/es\/codigo-de-vestimenta\/\">Ver c\u00f3digo de vestimenta<\/a><\/li>\n<\/ul>\n<ul>\n \t<li>Los proveedores deben recordar siempre que su participaci\u00f3n queda a discreci\u00f3n de ALTA y de las compa\u00f1\u00edas a\u00e9reas, por lo que su conducta debe regirse por ello.<\/li>\n<\/ul>\n<ul>\n \t<li>Cualquier Proveedor que desee ser considerado para un puesto en el Comit\u00e9 Directivo de Proveedores del CCMA &amp; MRO Conference debe presentar una solicitud al presidente del Comit\u00e9 Directivo con un breve curr\u00edculum que indique sus objetivos y su participaci\u00f3n anterior en la CCMA. Todas las solicitudes ser\u00e1n revisadas por el Comit\u00e9 Directivo y luego enviadas a ALTA para su consideraci\u00f3n. Los lineamientos y requisitos para ser parte del Comit\u00e9 Directivo de Proveedores del CCMA ser\u00e1n compartidos por el presidente de dicho Comit\u00e9 seg\u00fan le sea solicitado, y se encuentran en la siguiente secci\u00f3n:<\/li>\n<\/ul>\t\t\t\t\t\t\t\t<\/div>\n\t\t\t\t<\/div>\n\t\t\t\t<\/div>\n\t\t\t\t\t<\/div>\n\t\t\t\t<\/div>\n\t\t\t\t<\/div>\n\t\t","protected":false},"excerpt":{"rendered":"<p>C\u00d3DIGO DE CONDUCTA C\u00d3DIGO DE CONDUCTA Ning\u00fan proveedor, en ning\u00fan momento, podr\u00e1 invitar a o retirar al personal de la aerol\u00ednea de los actos organizados durante el transcurso programado de la conferencia. Los proveedores deber\u00e1n esperar a que finalicen todos los actos organizados seg\u00fan el orden del d\u00eda\/programa de la conferencia para organizar cualquier entretenimiento [&hellip;]<\/p>\n","protected":false},"author":1,"featured_media":0,"parent":0,"menu_order":0,"comment_status":"closed","ping_status":"closed","template":"elementor_header_footer","meta":{"footnotes":""},"class_list":["post-840","page","type-page","status-publish","hentry"],"_links":{"self":[{"href":"https:\/\/alta.aero\/ccma\/2025\/wp-json\/wp\/v2\/pages\/840","targetHints":{"allow":["GET"]}}],"collection":[{"href":"https:\/\/alta.aero\/ccma\/2025\/wp-json\/wp\/v2\/pages"}],"about":[{"href":"https:\/\/alta.aero\/ccma\/2025\/wp-json\/wp\/v2\/types\/page"}],"author":[{"embeddable":true,"href":"https:\/\/alta.aero\/ccma\/2025\/wp-json\/wp\/v2\/users\/1"}],"replies":[{"embeddable":true,"href":"https:\/\/alta.aero\/ccma\/2025\/wp-json\/wp\/v2\/comments?post=840"}],"version-history":[{"count":19,"href":"https:\/\/alta.aero\/ccma\/2025\/wp-json\/wp\/v2\/pages\/840\/revisions"}],"predecessor-version":[{"id":1789,"href":"https:\/\/alta.aero\/ccma\/2025\/wp-json\/wp\/v2\/pages\/840\/revisions\/1789"}],"wp:attachment":[{"href":"https:\/\/alta.aero\/ccma\/2025\/wp-json\/wp\/v2\/media?parent=840"}],"curies":[{"name":"wp","href":"https:\/\/api.w.org\/{rel}","templated":true}]}}