{"id":832,"date":"2024-11-26T14:39:44","date_gmt":"2024-11-26T14:39:44","guid":{"rendered":"https:\/\/alta.aero\/ccma\/2025\/?page_id=832"},"modified":"2025-05-05T21:51:38","modified_gmt":"2025-05-05T21:51:38","slug":"lugar","status":"publish","type":"page","link":"https:\/\/alta.aero\/ccma\/2025\/es\/lugar\/","title":{"rendered":"Lugar"},"content":{"rendered":"\t\t<div data-elementor-type=\"wp-page\" data-elementor-id=\"832\" class=\"elementor elementor-832\" data-elementor-post-type=\"page\">\n\t\t\t\t<div class=\"elementor-element elementor-element-d248bd6 e-con-full e-flex e-con e-parent\" data-id=\"d248bd6\" data-element_type=\"container\">\n\t\t\t\t<div class=\"elementor-element elementor-element-0ea0eed elementor--h-position-center elementor--v-position-middle elementor-widget elementor-widget-slides\" data-id=\"0ea0eed\" data-element_type=\"widget\" data-settings=\"{&quot;navigation&quot;:&quot;none&quot;,&quot;transition&quot;:&quot;slide&quot;,&quot;transition_speed&quot;:500}\" data-widget_type=\"slides.default\">\n\t\t\t\t<div class=\"elementor-widget-container\">\n\t\t\t\t\t\t\t\t\t<div class=\"elementor-swiper\">\n\t\t\t\t\t<div class=\"elementor-slides-wrapper elementor-main-swiper swiper\" role=\"region\" aria-roledescription=\"carousel\" aria-label=\"Slides\" dir=\"ltr\" data-animation=\"fadeInUp\">\n\t\t\t\t<div class=\"swiper-wrapper elementor-slides\">\n\t\t\t\t\t\t\t\t\t\t<div class=\"elementor-repeater-item-8b7ffa2 swiper-slide\" role=\"group\" aria-roledescription=\"slide\"><div class=\"swiper-slide-bg\" role=\"img\"><\/div><a class=\"swiper-slide-inner\" href=\"https:\/\/www.atsmro.com\"><div class=\"swiper-slide-contents\"><div class=\"elementor-slide-heading\">EL LUGAR<\/div><\/div><\/a><\/div>\t\t\t\t<\/div>\n\t\t\t\t\t\t\t<\/div>\n\t\t\t\t<\/div>\n\t\t\t\t\t\t\t\t<\/div>\n\t\t\t\t<\/div>\n\t\t\t\t<\/div>\n\t\t<div class=\"elementor-element elementor-element-a10432d e-flex e-con-boxed e-con e-parent\" data-id=\"a10432d\" data-element_type=\"container\">\n\t\t\t\t\t<div class=\"e-con-inner\">\n\t\t\t\t<div class=\"elementor-element elementor-element-0af5435 elementor-widget elementor-widget-text-editor\" data-id=\"0af5435\" data-element_type=\"widget\" data-widget_type=\"text-editor.default\">\n\t\t\t\t<div class=\"elementor-widget-container\">\n\t\t\t\t\t\t\t\t\t<p>Estimado participante, le recordamos que el Hilton Canc\u00fan es un resort todo incluido y el hotel cobra una tarifa de pase diario para los visitantes que no se hospeden en la sede oficial. El costo preferencial del pase diario es de $75 USD por d\u00eda y solo est\u00e1 disponible para 30 participantes. Este pase diario debe solicitarse y pagarse por adelantado directamente contactando a <a href=\"mailto:dlopez@icorporateevents.com\">dlopez@icorporateevents.com<\/a> Todos los pases diarios deben emitirse antes del 18\/MAY\/2025, ya que el hotel no autorizar\u00e1 la entrada de ning\u00fan hu\u00e9sped sin \u00e9l.<\/p><p>Como los taxis en Canc\u00fan son caros y los servicios de Uber son limitados, le recomendamos encarecidamente que se hospede en el hotel oficial, donde ofrecemos tarifas especiales para los participantes de la conferencia. Sin embargo, si decide hospedarse en una propiedad diferente, recuerde esta informaci\u00f3n.<\/p><p>Gracias por su comprensi\u00f3n y cooperaci\u00f3n. Esperamos verlo en la conferencia.<\/p>\t\t\t\t\t\t\t\t<\/div>\n\t\t\t\t<\/div>\n\t\t\t\t\t<\/div>\n\t\t\t\t<\/div>\n\t\t<div class=\"elementor-element elementor-element-fb78708 e-flex e-con-boxed e-con e-parent\" data-id=\"fb78708\" data-element_type=\"container\">\n\t\t\t\t\t<div class=\"e-con-inner\">\n\t\t<div class=\"elementor-element elementor-element-bb4eafe e-con-full e-flex e-con e-child\" data-id=\"bb4eafe\" data-element_type=\"container\">\n\t\t<div class=\"elementor-element elementor-element-7399c20 e-con-full e-flex e-con e-child\" data-id=\"7399c20\" data-element_type=\"container\">\n\t\t\t\t<div class=\"elementor-element elementor-element-f360582 elementor-widget elementor-widget-image\" data-id=\"f360582\" data-element_type=\"widget\" data-widget_type=\"image.default\">\n\t\t\t\t<div class=\"elementor-widget-container\">\n\t\t\t\t\t\t\t\t\t\t\t\t\t\t\t<img fetchpriority=\"high\" decoding=\"async\" width=\"700\" height=\"394\" src=\"https:\/\/alta.aero\/ccma\/2025\/wp-content\/uploads\/2024\/11\/Hilton-Hotels-Resorts-Logo-2010-present-700x394-1.webp\" class=\"attachment-full size-full wp-image-834\" alt=\"\" srcset=\"https:\/\/alta.aero\/ccma\/2025\/wp-content\/uploads\/2024\/11\/Hilton-Hotels-Resorts-Logo-2010-present-700x394-1.webp 700w, https:\/\/alta.aero\/ccma\/2025\/wp-content\/uploads\/2024\/11\/Hilton-Hotels-Resorts-Logo-2010-present-700x394-1-300x169.webp 300w\" sizes=\"(max-width: 700px) 100vw, 700px\" \/>\t\t\t\t\t\t\t\t\t\t\t\t\t\t\t<\/div>\n\t\t\t\t<\/div>\n\t\t\t\t<div class=\"elementor-element elementor-element-a866a27 elementor-widget elementor-widget-heading\" data-id=\"a866a27\" data-element_type=\"widget\" data-widget_type=\"heading.default\">\n\t\t\t\t<div class=\"elementor-widget-container\">\n\t\t\t\t\t<h2 class=\"elementor-heading-title elementor-size-default\">Hilton Cancun, An All-Inclusive Resort<\/h2>\t\t\t\t<\/div>\n\t\t\t\t<\/div>\n\t\t\t\t<div class=\"elementor-element elementor-element-cf7a20d elementor-widget elementor-widget-text-editor\" data-id=\"cf7a20d\" data-element_type=\"widget\" data-widget_type=\"text-editor.default\">\n\t\t\t\t<div class=\"elementor-widget-container\">\n\t\t\t\t\t\t\t\t\t<p>Ubicado detr\u00e1s de una reserva de manglares y en 100 acres de costa maya, nuestro apartado resort cuenta con 12 experiencias gastron\u00f3micas, incluidos 5 restaurantes de especialidades, un centro de convenciones interior y exterior de 68,000 pies cuadrados, un club de salud y ofertas de spa. Disfrute de las vistas al mar desde nuestras suites y pase las tardes soleadas en nuestras dos piscinas. El aeropuerto y la zona hotelera de Canc\u00fan est\u00e1n a 20 minutos. Amplias y modernas, nuestras habitaciones y suites ofrecen varias opciones ideales para escapadas familiares, retiros rom\u00e1nticos, reuniones con amigos, as\u00ed como eventos y celebraciones de todo tipo.<\/p><p>Ascienda de categor\u00eda a una suite para disfrutar de vistas panor\u00e1micas al mar y amplias salas de estar y comedor, o elija una habitaci\u00f3n con balc\u00f3n con acceso a la piscina.<\/p>\t\t\t\t\t\t\t\t<\/div>\n\t\t\t\t<\/div>\n\t\t\t\t<\/div>\n\t\t\t\t<div class=\"elementor-element elementor-element-f4e5631 elementor-hidden-desktop elementor-hidden-tablet elementor-hidden-mobile elementor-widget elementor-widget-shortcode\" data-id=\"f4e5631\" data-element_type=\"widget\" data-widget_type=\"shortcode.default\">\n\t\t\t\t<div class=\"elementor-widget-container\">\n\t\t\t\t\t\t\t<div class=\"elementor-shortcode\">[event_manager_hotel_signin-BORRADO]<\/div>\n\t\t\t\t\t\t<\/div>\n\t\t\t\t<\/div>\n\t\t\t\t<div class=\"elementor-element elementor-element-16e9748 elementor-widget elementor-widget-text-editor\" data-id=\"16e9748\" data-element_type=\"widget\" data-widget_type=\"text-editor.default\">\n\t\t\t\t<div class=\"elementor-widget-container\">\n\t\t\t\t\t\t\t\t\t<p>Estimado participante, para reservas de hotel, p\u00f3ngase en contacto con el hotel directamente haciendo <a style=\"color: blue;\" href=\"mailto:cunqr_reservations@hilton.com?subject=ALTA CCMA 2025 - Reserva de hotel\">clic aqu\u00ed<\/a>. Si necesita ayuda adicional, no dude en contactarnos haciendo <a style=\"color: blue;\" href=\"https:\/\/alta.aero\/ccma\/2025\/es\/contacto\/\">clic aqu\u00ed.<\/a><\/p>\t\t\t\t\t\t\t\t<\/div>\n\t\t\t\t<\/div>\n\t\t\t\t<\/div>\n\t\t<div class=\"elementor-element elementor-element-bb12fbf e-con-full e-flex e-con e-child\" data-id=\"bb12fbf\" data-element_type=\"container\">\n\t\t<div class=\"elementor-element elementor-element-cd3cbf7 e-con-full e-flex e-con e-child\" data-id=\"cd3cbf7\" data-element_type=\"container\">\n\t\t\t\t<div class=\"elementor-element elementor-element-9e5ac7e elementor-widget elementor-widget-image\" data-id=\"9e5ac7e\" data-element_type=\"widget\" data-widget_type=\"image.default\">\n\t\t\t\t<div class=\"elementor-widget-container\">\n\t\t\t\t\t\t\t\t\t\t\t\t\t\t\t<img decoding=\"async\" width=\"1920\" height=\"1080\" src=\"https:\/\/alta.aero\/ccma\/2025\/wp-content\/uploads\/2024\/11\/CUNQR_Chill_Pool_01.webp\" class=\"attachment-full size-full wp-image-854\" alt=\"\" srcset=\"https:\/\/alta.aero\/ccma\/2025\/wp-content\/uploads\/2024\/11\/CUNQR_Chill_Pool_01.webp 1920w, https:\/\/alta.aero\/ccma\/2025\/wp-content\/uploads\/2024\/11\/CUNQR_Chill_Pool_01-300x169.webp 300w, https:\/\/alta.aero\/ccma\/2025\/wp-content\/uploads\/2024\/11\/CUNQR_Chill_Pool_01-1024x576.webp 1024w, https:\/\/alta.aero\/ccma\/2025\/wp-content\/uploads\/2024\/11\/CUNQR_Chill_Pool_01-768x432.webp 768w, https:\/\/alta.aero\/ccma\/2025\/wp-content\/uploads\/2024\/11\/CUNQR_Chill_Pool_01-1536x864.webp 1536w\" sizes=\"(max-width: 1920px) 100vw, 1920px\" \/>\t\t\t\t\t\t\t\t\t\t\t\t\t\t\t<\/div>\n\t\t\t\t<\/div>\n\t\t\t\t<div class=\"elementor-element elementor-element-bdf4ed9 elementor-widget elementor-widget-image\" data-id=\"bdf4ed9\" data-element_type=\"widget\" data-widget_type=\"image.default\">\n\t\t\t\t<div class=\"elementor-widget-container\">\n\t\t\t\t\t\t\t\t\t\t\t\t\t\t\t<img decoding=\"async\" width=\"1920\" height=\"1080\" src=\"https:\/\/alta.aero\/ccma\/2025\/wp-content\/uploads\/2024\/11\/CUNQR_Ocean_Front_One_Bedroom_Parlor_Suite_King_Bed_02.webp\" class=\"attachment-full size-full wp-image-855\" alt=\"\" srcset=\"https:\/\/alta.aero\/ccma\/2025\/wp-content\/uploads\/2024\/11\/CUNQR_Ocean_Front_One_Bedroom_Parlor_Suite_King_Bed_02.webp 1920w, https:\/\/alta.aero\/ccma\/2025\/wp-content\/uploads\/2024\/11\/CUNQR_Ocean_Front_One_Bedroom_Parlor_Suite_King_Bed_02-300x169.webp 300w, https:\/\/alta.aero\/ccma\/2025\/wp-content\/uploads\/2024\/11\/CUNQR_Ocean_Front_One_Bedroom_Parlor_Suite_King_Bed_02-1024x576.webp 1024w, https:\/\/alta.aero\/ccma\/2025\/wp-content\/uploads\/2024\/11\/CUNQR_Ocean_Front_One_Bedroom_Parlor_Suite_King_Bed_02-768x432.webp 768w, https:\/\/alta.aero\/ccma\/2025\/wp-content\/uploads\/2024\/11\/CUNQR_Ocean_Front_One_Bedroom_Parlor_Suite_King_Bed_02-1536x864.webp 1536w\" sizes=\"(max-width: 1920px) 100vw, 1920px\" \/>\t\t\t\t\t\t\t\t\t\t\t\t\t\t\t<\/div>\n\t\t\t\t<\/div>\n\t\t\t\t<\/div>\n\t\t\t\t<\/div>\n\t\t\t\t\t<\/div>\n\t\t\t\t<\/div>\n\t\t<div class=\"elementor-element elementor-element-d87cd06 e-flex e-con-boxed e-con e-parent\" data-id=\"d87cd06\" data-element_type=\"container\" data-settings=\"{&quot;background_background&quot;:&quot;classic&quot;}\">\n\t\t\t\t\t<div class=\"e-con-inner\">\n\t\t<div class=\"elementor-element elementor-element-2f2810e e-con-full e-flex e-con e-child\" data-id=\"2f2810e\" data-element_type=\"container\">\n\t\t\t\t<div class=\"elementor-element elementor-element-7d0448b elementor-widget elementor-widget-heading\" data-id=\"7d0448b\" data-element_type=\"widget\" data-widget_type=\"heading.default\">\n\t\t\t\t<div class=\"elementor-widget-container\">\n\t\t\t\t\t<h3 class=\"elementor-heading-title elementor-size-default\">ALERTA \u2013 AGENCIA DE VIAJES FRAUDULENTA PARA RESERVAS DE HOTEL<\/h3>\t\t\t\t<\/div>\n\t\t\t\t<\/div>\n\t\t\t\t<div class=\"elementor-element elementor-element-7c4cada elementor-widget elementor-widget-text-editor\" data-id=\"7c4cada\" data-element_type=\"widget\" data-widget_type=\"text-editor.default\">\n\t\t\t\t<div class=\"elementor-widget-container\">\n\t\t\t\t\t\t\t\t\t\u00a1No seas v\u00edctima! Se nos ha informado de la existencia de compa\u00f1\u00edas fraudulentas, que operan present\u00e1ndose a los participantes y expositores de conferencias como un proveedor preferido o, en algunos casos, afirmando estar afiliados a ALTA como proveedor de la compa\u00f1\u00eda u hotel del evento\/exhibici\u00f3n. Estas compa\u00f1\u00edas alegan ofrecer tarifas de hotel m\u00e1s bajas que el hotel y \u00e1reas de exhibici\u00f3n preferenciales a precios de descuento. ALTA solo trabaja directamente con el hotel y el \u00fanico canal oficial y seguro para procesar sus reservas de hotel y \u00e1reas de exhibici\u00f3n es a trav\u00e9s del enlace incluido en este sitio web. Si tiene alguna pregunta, por favor cont\u00e1ctenos a trav\u00e9s del correo\u00a0<a style=\"color: yellow;\" href=\"mailto:conferencesandmeetings@alta.aero\">conferencesandmeetings@alta.aero<\/a>.\t\t\t\t\t\t\t\t<\/div>\n\t\t\t\t<\/div>\n\t\t\t\t<\/div>\n\t\t\t\t\t<\/div>\n\t\t\t\t<\/div>\n\t\t<div class=\"elementor-element elementor-element-53f73ac elementor-hidden-desktop elementor-hidden-tablet e-flex e-con-boxed e-con e-parent\" data-id=\"53f73ac\" data-element_type=\"container\" data-settings=\"{&quot;background_background&quot;:&quot;classic&quot;}\">\n\t\t\t\t\t<div class=\"e-con-inner\">\n\t\t<div class=\"elementor-element elementor-element-8b36960 e-con-full e-flex e-con e-child\" data-id=\"8b36960\" data-element_type=\"container\">\n\t\t<div class=\"elementor-element elementor-element-fa25bc2 e-con-full e-flex e-con e-child\" data-id=\"fa25bc2\" data-element_type=\"container\">\n\t\t<div class=\"elementor-element elementor-element-4b0980d e-con-full e-flex e-con e-child\" data-id=\"4b0980d\" data-element_type=\"container\" data-settings=\"{&quot;background_background&quot;:&quot;classic&quot;}\">\n\t\t\t\t<\/div>\n\t\t\t\t<\/div>\n\t\t\t\t<\/div>\n\t\t<div class=\"elementor-element elementor-element-3ba1cbc e-con-full e-flex e-con e-child\" data-id=\"3ba1cbc\" data-element_type=\"container\">\n\t\t<div class=\"elementor-element elementor-element-04a483c e-con-full e-flex e-con e-child\" data-id=\"04a483c\" data-element_type=\"container\">\n\t\t<div class=\"elementor-element elementor-element-e6228d6 e-con-full e-flex e-con e-child\" data-id=\"e6228d6\" data-element_type=\"container\">\n\t\t\t\t<div class=\"elementor-element elementor-element-5155975 elementor-widget elementor-widget-heading\" data-id=\"5155975\" data-element_type=\"widget\" data-widget_type=\"heading.default\">\n\t\t\t\t<div class=\"elementor-widget-container\">\n\t\t\t\t\t<h2 class=\"elementor-heading-title elementor-size-default\">CANC\u00daN<\/h2>\t\t\t\t<\/div>\n\t\t\t\t<\/div>\n\t\t\t\t<div class=\"elementor-element elementor-element-f40b948 elementor-widget elementor-widget-text-editor\" data-id=\"f40b948\" data-element_type=\"widget\" data-widget_type=\"text-editor.default\">\n\t\t\t\t<div class=\"elementor-widget-container\">\n\t\t\t\t\t\t\t\t\t<p style=\"font-weight: 400;\">Canc\u00fan es la ciudad m\u00e1s poblada del estado mexicano de Quintana Roo, ubicado en el sureste de M\u00e9xico, en la costa noreste de la pen\u00ednsula de Yucat\u00e1n.<\/p><p style=\"font-weight: 400;\">Canc\u00fan es conocida por sus playas, sus numerosos centros tur\u00edsticos y su vida nocturna. Est\u00e1 compuesta por dos zonas diferenciadas: la zona c\u00e9ntrica m\u00e1s tradicional, El Centro, y la Zona Hotelera, una larga franja frente al mar con hoteles de gran altura, clubes nocturnos, tiendas y restaurantes. Canc\u00fan tambi\u00e9n es un destino famoso para los estudiantes durante el per\u00edodo de vacaciones de primavera de las universidades.<\/p>\t\t\t\t\t\t\t\t<\/div>\n\t\t\t\t<\/div>\n\t\t\t\t<\/div>\n\t\t\t\t<\/div>\n\t\t\t\t<\/div>\n\t\t\t\t\t<\/div>\n\t\t\t\t<\/div>\n\t\t<div class=\"elementor-element elementor-element-6934a5a e-con-full elementor-hidden-mobile e-flex e-con e-parent\" data-id=\"6934a5a\" data-element_type=\"container\" data-settings=\"{&quot;background_background&quot;:&quot;classic&quot;}\">\n\t\t<div class=\"elementor-element elementor-element-c81bd99 e-con-full e-flex e-con e-child\" data-id=\"c81bd99\" data-element_type=\"container\">\n\t\t<div class=\"elementor-element elementor-element-db72f8f e-flex e-con-boxed e-con e-child\" data-id=\"db72f8f\" data-element_type=\"container\" data-settings=\"{&quot;background_background&quot;:&quot;classic&quot;}\">\n\t\t\t\t\t<div class=\"e-con-inner\">\n\t\t<div class=\"elementor-element elementor-element-8eb1eb3 e-flex e-con-boxed e-con e-child\" data-id=\"8eb1eb3\" data-element_type=\"container\">\n\t\t\t\t\t<div class=\"e-con-inner\">\n\t\t\t\t<div class=\"elementor-element elementor-element-1865909 elementor-widget elementor-widget-heading\" data-id=\"1865909\" data-element_type=\"widget\" data-widget_type=\"heading.default\">\n\t\t\t\t<div class=\"elementor-widget-container\">\n\t\t\t\t\t<h2 class=\"elementor-heading-title elementor-size-default\">CANC\u00daN<\/h2>\t\t\t\t<\/div>\n\t\t\t\t<\/div>\n\t\t\t\t<div class=\"elementor-element elementor-element-457d1ba elementor-widget elementor-widget-text-editor\" data-id=\"457d1ba\" data-element_type=\"widget\" data-widget_type=\"text-editor.default\">\n\t\t\t\t<div class=\"elementor-widget-container\">\n\t\t\t\t\t\t\t\t\t<p style=\"font-weight: 400;\">Canc\u00fan es la ciudad m\u00e1s poblada del estado mexicano de Quintana Roo, ubicado en el sureste de M\u00e9xico, en la costa noreste de la pen\u00ednsula de Yucat\u00e1n.<\/p><p style=\"font-weight: 400;\">Canc\u00fan es conocida por sus playas, sus numerosos centros tur\u00edsticos y su vida nocturna. Est\u00e1 compuesta por dos zonas diferenciadas: la zona c\u00e9ntrica m\u00e1s tradicional, El Centro, y la Zona Hotelera, una larga franja frente al mar con hoteles de gran altura, clubes nocturnos, tiendas y restaurantes. Canc\u00fan tambi\u00e9n es un destino famoso para los estudiantes durante el per\u00edodo de vacaciones de primavera de las universidades.<\/p>\t\t\t\t\t\t\t\t<\/div>\n\t\t\t\t<\/div>\n\t\t\t\t\t<\/div>\n\t\t\t\t<\/div>\n\t\t\t\t\t<\/div>\n\t\t\t\t<\/div>\n\t\t\t\t<\/div>\n\t\t<div class=\"elementor-element elementor-element-808ae75 e-con-full e-flex e-con e-child\" data-id=\"808ae75\" data-element_type=\"container\" data-settings=\"{&quot;background_background&quot;:&quot;classic&quot;}\">\n\t\t\t\t<\/div>\n\t\t\t\t<\/div>\n\t\t\t\t<\/div>\n\t\t","protected":false},"excerpt":{"rendered":"<p>EL LUGAR Estimado participante, le recordamos que el Hilton Canc\u00fan es un resort todo incluido y el hotel cobra una tarifa de pase diario para los visitantes que no se hospeden en la sede oficial. El costo preferencial del pase diario es de $75 USD por d\u00eda y solo est\u00e1 disponible para 30 participantes. Este [&hellip;]<\/p>\n","protected":false},"author":1,"featured_media":0,"parent":0,"menu_order":0,"comment_status":"closed","ping_status":"closed","template":"elementor_header_footer","meta":{"footnotes":""},"class_list":["post-832","page","type-page","status-publish","hentry"],"_links":{"self":[{"href":"https:\/\/alta.aero\/ccma\/2025\/wp-json\/wp\/v2\/pages\/832","targetHints":{"allow":["GET"]}}],"collection":[{"href":"https:\/\/alta.aero\/ccma\/2025\/wp-json\/wp\/v2\/pages"}],"about":[{"href":"https:\/\/alta.aero\/ccma\/2025\/wp-json\/wp\/v2\/types\/page"}],"author":[{"embeddable":true,"href":"https:\/\/alta.aero\/ccma\/2025\/wp-json\/wp\/v2\/users\/1"}],"replies":[{"embeddable":true,"href":"https:\/\/alta.aero\/ccma\/2025\/wp-json\/wp\/v2\/comments?post=832"}],"version-history":[{"count":79,"href":"https:\/\/alta.aero\/ccma\/2025\/wp-json\/wp\/v2\/pages\/832\/revisions"}],"predecessor-version":[{"id":2677,"href":"https:\/\/alta.aero\/ccma\/2025\/wp-json\/wp\/v2\/pages\/832\/revisions\/2677"}],"wp:attachment":[{"href":"https:\/\/alta.aero\/ccma\/2025\/wp-json\/wp\/v2\/media?parent=832"}],"curies":[{"name":"wp","href":"https:\/\/api.w.org\/{rel}","templated":true}]}}