{"id":801,"date":"2024-11-26T13:42:36","date_gmt":"2024-11-26T13:42:36","guid":{"rendered":"https:\/\/alta.aero\/ccma\/2025\/?page_id=801"},"modified":"2025-05-19T20:18:24","modified_gmt":"2025-05-19T20:18:24","slug":"programa","status":"publish","type":"page","link":"https:\/\/alta.aero\/ccma\/2025\/es\/programa\/","title":{"rendered":"Agenda"},"content":{"rendered":"\t\t<div data-elementor-type=\"wp-page\" data-elementor-id=\"801\" class=\"elementor elementor-801\" data-elementor-post-type=\"page\">\n\t\t\t\t<div class=\"elementor-element elementor-element-840d827 e-con-full e-flex e-con e-parent\" data-id=\"840d827\" data-element_type=\"container\">\n\t\t\t\t<div class=\"elementor-element elementor-element-22b1c70 elementor--h-position-center elementor--v-position-middle elementor-widget elementor-widget-slides\" data-id=\"22b1c70\" data-element_type=\"widget\" data-settings=\"{&quot;navigation&quot;:&quot;none&quot;,&quot;transition&quot;:&quot;slide&quot;,&quot;transition_speed&quot;:500}\" data-widget_type=\"slides.default\">\n\t\t\t\t<div class=\"elementor-widget-container\">\n\t\t\t\t\t\t\t\t\t<div class=\"elementor-swiper\">\n\t\t\t\t\t<div class=\"elementor-slides-wrapper elementor-main-swiper swiper\" role=\"region\" aria-roledescription=\"carousel\" aria-label=\"Slides\" dir=\"ltr\" data-animation=\"fadeInUp\">\n\t\t\t\t<div class=\"swiper-wrapper elementor-slides\">\n\t\t\t\t\t\t\t\t\t\t<div class=\"elementor-repeater-item-8b7ffa2 swiper-slide\" role=\"group\" aria-roledescription=\"slide\"><div class=\"swiper-slide-bg\" role=\"img\"><\/div><a class=\"swiper-slide-inner\" href=\"https:\/\/www.atsmro.com\"><div class=\"swiper-slide-contents\"><div class=\"elementor-slide-heading\">AGENDA<\/div><\/div><\/a><\/div>\t\t\t\t<\/div>\n\t\t\t\t\t\t\t<\/div>\n\t\t\t\t<\/div>\n\t\t\t\t\t\t\t\t<\/div>\n\t\t\t\t<\/div>\n\t\t\t\t<\/div>\n\t\t\t\t<section class=\"elementor-section elementor-top-section elementor-element elementor-element-458201f elementor-section-boxed elementor-section-height-default elementor-section-height-default\" data-id=\"458201f\" data-element_type=\"section\" data-settings=\"{&quot;background_background&quot;:&quot;classic&quot;}\">\n\t\t\t\t\t\t\t<div class=\"elementor-background-overlay\"><\/div>\n\t\t\t\t\t\t\t<div class=\"elementor-container elementor-column-gap-default\">\n\t\t\t\t\t<div class=\"elementor-column elementor-col-100 elementor-top-column elementor-element elementor-element-af4a54f\" data-id=\"af4a54f\" data-element_type=\"column\" data-settings=\"{&quot;background_background&quot;:&quot;classic&quot;}\">\n\t\t\t<div class=\"elementor-widget-wrap elementor-element-populated\">\n\t\t\t\t\t<div class=\"elementor-background-overlay\"><\/div>\n\t\t\t\t\t\t<div class=\"elementor-element elementor-element-e9cfcc0 elementor-tabs-view-horizontal elementor-widget elementor-widget-tabs\" data-id=\"e9cfcc0\" data-element_type=\"widget\" data-widget_type=\"tabs.default\">\n\t\t\t\t<div class=\"elementor-widget-container\">\n\t\t\t\t\t\t\t<div class=\"elementor-tabs\">\n\t\t\t<div class=\"elementor-tabs-wrapper\" role=\"tablist\" >\n\t\t\t\t\t\t\t\t\t<div id=\"elementor-tab-title-2451\" class=\"elementor-tab-title elementor-tab-desktop-title\" aria-selected=\"true\" data-tab=\"1\" role=\"tab\" tabindex=\"0\" aria-controls=\"elementor-tab-content-2451\" aria-expanded=\"false\">Sabado 17 de mayo, 2025<\/div>\n\t\t\t\t\t\t\t\t\t<div id=\"elementor-tab-title-2452\" class=\"elementor-tab-title elementor-tab-desktop-title\" aria-selected=\"false\" data-tab=\"2\" role=\"tab\" tabindex=\"-1\" aria-controls=\"elementor-tab-content-2452\" aria-expanded=\"false\">Domingo 18 de mayo, 2025<\/div>\n\t\t\t\t\t\t\t\t\t<div id=\"elementor-tab-title-2453\" class=\"elementor-tab-title elementor-tab-desktop-title\" aria-selected=\"false\" data-tab=\"3\" role=\"tab\" tabindex=\"-1\" aria-controls=\"elementor-tab-content-2453\" aria-expanded=\"false\">Lunes 19 de mayo, 2025<\/div>\n\t\t\t\t\t\t\t\t\t<div id=\"elementor-tab-title-2454\" class=\"elementor-tab-title elementor-tab-desktop-title\" aria-selected=\"false\" data-tab=\"4\" role=\"tab\" tabindex=\"-1\" aria-controls=\"elementor-tab-content-2454\" aria-expanded=\"false\">Martes 20 de mayo, 2025<\/div>\n\t\t\t\t\t\t\t<\/div>\n\t\t\t<div class=\"elementor-tabs-content-wrapper\" role=\"tablist\" aria-orientation=\"vertical\">\n\t\t\t\t\t\t\t\t\t<div class=\"elementor-tab-title elementor-tab-mobile-title\" aria-selected=\"true\" data-tab=\"1\" role=\"tab\" tabindex=\"0\" aria-controls=\"elementor-tab-content-2451\" aria-expanded=\"false\">Sabado 17 de mayo, 2025<\/div>\n\t\t\t\t\t<div id=\"elementor-tab-content-2451\" class=\"elementor-tab-content elementor-clearfix\" data-tab=\"1\" role=\"tabpanel\" aria-labelledby=\"elementor-tab-title-2451\" tabindex=\"0\" hidden=\"false\"><table>\n<tbody style=\"color: #000000;\">\n<tr style=\"border-top: solid 1px #00a0af;\">\n<td width=\"200px\" height=\"80px\">14:00 &#8211; 18:00<\/td>\n<td>Registro Asistentes<br><i>Lugar:<\/i><i style=\"font-size: 14.4px;\">Ballroom&nbsp;<\/i><i style=\"font-size: 0.9em;\">Foyer<\/i><i><br><\/i><\/td>\n<\/tr>\n<tr style=\"border-top: solid 1px #00a0af;\">\n<td width=\"200px\" height=\"80px\">14:00 &#8211; 18:00<\/td>\n<td>Registro Eventos Deportivos<br><i>Lugar:<\/i><i style=\"font-size: 14.4px;\">Ballroom&nbsp;<\/i><i style=\"background-color: transparent; font-size: 0.9em;\">Foyer<\/i><i><br><\/i><\/td>\n<\/tr>\n<\/tbody>\n<\/table><\/div>\n\t\t\t\t\t\t\t\t\t<div class=\"elementor-tab-title elementor-tab-mobile-title\" aria-selected=\"false\" data-tab=\"2\" role=\"tab\" tabindex=\"-1\" aria-controls=\"elementor-tab-content-2452\" aria-expanded=\"false\">Domingo 18 de mayo, 2025<\/div>\n\t\t\t\t\t<div id=\"elementor-tab-content-2452\" class=\"elementor-tab-content elementor-clearfix\" data-tab=\"2\" role=\"tabpanel\" aria-labelledby=\"elementor-tab-title-2452\" tabindex=\"0\" hidden=\"hidden\"><table>\n<tbody style=\"color: #000000;\">\n<tr style=\"border-top: solid 1px #00a0af;\">\n<td width=\"200px\" height=\"80px\">07:00 &#8211; 12:00<\/td>\n<td>Evento Deportivo: Golf <br>Re\u00fanase en el Lobby del Convention Center a las 6:15 am. El traslado saldr\u00e1 a las 6:30 am.<br>\n<br>Lugar: Iberostar Golf Courts <br>    <i>Patrocinado por 630 Aerospace<\/i>\n<\/td>\n<\/tr>\n<tr style=\"border-top: solid 1px #00a0af;\">\n<td width=\"200px\" height=\"80px\">07:00 &#8211; 08:30<\/td>\n<td>Evento Deportivo: Yoga<br>Lugar: Dunes<\/td>\n<\/tr>\n<tr style=\"border-top: solid 1px #00a0af;\">\n<td width=\"200px\" height=\"80px\">08:00 &#8211; 19:00<\/td>\n<td>Inscripci\u00f3n al Evento<br>Lugar: Ballroom Foyer<br><i>Patrocinado por B&amp;W Brakes &amp; Wheels<\/i>\n<\/td>\n<\/tr>\n<tr style=\"border-top: solid 1px #00a0af;\">\n<td width=\"200px\" height=\"80px\">08:00 &#8211; 13:00<\/td>\n<td>Evento Deportivo: Futbol Playa <br>Lugar: Courts en la playa <br><i>Patrocinado por Zulu Aerospace<\/i><\/td>\n<\/tr>\n<tr style=\"border-top: solid 1px #00a0af;\">\n<td width=\"200px\" height=\"80px\">08:30 &#8211; 13:00<\/td>\n<td>Evento Deportivo: Volleyball Playa<br>Lugar: Courts en la playa <br><i>Patrocinado por HEICO<\/i><\/td>\n<\/tr>\n<tr style=\"border-top: solid 1px #00a0af;\">\n<td width=\"200px\" height=\"80px\">14:00 &#8211; 15:30<\/td>\n<td>Almuerzo familiar<br>Lugar: Arena Ballroom <br><i>Patrocinado por Hansair<\/i><\/td>\n<\/tr>\n<tr style=\"border-top: solid 1px #00a0af;\">\n<td width=\"200px\" height=\"80px\">15:45 &#8211; 16:30<\/td>\n<td>Girls with Goals: Encuentro Equipo Voluntario, Mujeres Becarias y Patrocinadores<br>Lugar: Indigo\/Celeste Ballroom <br><\/td>\n<\/tr>\n<tr style=\"border-top: solid 1px #00a0af;\">\n<td width=\"200px\" height=\"80px\">16:30 &#8211; 17:30<\/td>\n<td>C\u00edrculo de Bienvenida<br>Si esta es tu primera vez en el evento, \u00fanete a nosotros en C\u00edrculo de Bienvenida para recibir una c\u00e1lida acogida de quienes llevan asistiendo varios a\u00f1os. \u00a1Nos encantar\u00eda conocerte!<br>\n<br>Lugar: Azul Ballroom<\/td>\n<\/tr>\n<tr style=\"border-top: solid 1px #00a0af;\">\n<td width=\"200px\" height=\"80px\">17:30 &#8211; 18:30<\/td>\n<td>Briefing a Proveedores <br>Lugar: Azul Ballroom<\/td>\n<\/tr>\n<tr style=\"border-top: solid 1px #00a0af;\">\n<td width=\"200px\" height=\"80px\">18:00 &#8211; 19:30<\/td>\n<td>Briefing a Aerol\u00edneas<br>Lugar: Cielo Junior Meeting Room <br><i>Patrocinado por HEICO<\/i><\/td>\n<\/tr>\n<tr style=\"border-top: solid 1px #00a0af;\">\n<td width=\"200px\" height=\"80px\">19:30 &#8211; 22:00<\/td>\n<td>Coct\u00e9l de Bienvenida<br>Lugar: Ballroom Arena <br><i>Patrocinado por Senta IO \/ Zulu Global<\/i><\/td>\n<\/tr>\n<\/tbody>\n<\/table><\/div>\n\t\t\t\t\t\t\t\t\t<div class=\"elementor-tab-title elementor-tab-mobile-title\" aria-selected=\"false\" data-tab=\"3\" role=\"tab\" tabindex=\"-1\" aria-controls=\"elementor-tab-content-2453\" aria-expanded=\"false\">Lunes 19 de mayo, 2025<\/div>\n\t\t\t\t\t<div id=\"elementor-tab-content-2453\" class=\"elementor-tab-content elementor-clearfix\" data-tab=\"3\" role=\"tabpanel\" aria-labelledby=\"elementor-tab-title-2453\" tabindex=\"0\" hidden=\"hidden\"><table><tbody style=\"color: #000000;\"><tr style=\"border-top: solid 1px #00a0af;\"><td width=\"200px\" height=\"80px\">07:30 &#8211; 18:00<\/td><td>Inscripci\u00f3n al Evento <br \/>Lugar:\u00a0Ballroom\u00a0Foyer<br \/><i>Patrocinado por B&amp;W Brakes &amp; Wheels<\/i><\/td><\/tr><tr style=\"border-top: solid 1px #00a0af;\"><td width=\"200px\" height=\"80px\">08:00 &#8211; 09:05<\/td><td>Desayuno Comit\u00e9 T\u00e9cnico y Comit\u00e9 Abastecimiento T\u00e9cnico (solo aerol\u00edneas)<br \/><br \/>Lugar: Ballroom Arena<\/td><\/tr><tr style=\"border-top: solid 1px #00a0af;\"><td width=\"200px\" height=\"80px\">09:15 &#8211; 09:25<\/td><td><p>Apertura Oficial<\/p><ul><li>Jorge J\u00e1come &#8211; SVP Corporativo de Mantenimiento e Ingenier\u00eda \u2013 Aerom\u00e9xico<\/li><\/ul><p>Lugar: Azul Ballroom <br \/><i>Patrocinado por SETNA IO<\/i><br \/><i>Traduccion Patrocinada por 630 Aerospace<\/i><\/p><\/td><\/tr><tr style=\"border-top: solid 1px #00a0af;\"><td width=\"200px\" height=\"80px\">09:25 &#8211; 09:35<\/td><td><p>Palabras de Apertura del CEO y Director Ejecutivo de ALTA y del Chairman de la Conferencia CCMA &amp; MRO<\/p><ul><li>Peter Cerd\u00e1, CEO &amp; Director Ejecutivo, ALTA<\/li><li>Santiago Valencia, Director Mantenimiento y Abastecimiento T\u00e9cnico, ALTA<\/li><\/ul><p>Lugar: Azul Ballroom<br \/><i>Traducci\u00f3n Patrocinada por 630 Aerospace<\/i><\/p><\/td><\/tr><tr style=\"border-top: solid 1px #00a0af;\"><td width=\"200px\" height=\"80px\">09:35 &#8211; 10:05<\/td><td><p>Navegando el sector de MRO en Am\u00e9rica Latina y el Caribe: Pron\u00f3stico Regional de Alton<\/p><ul><li>Jonathan Berger, Director General, Alton Aviation Consultancy<\/li><\/ul><p>Lugar: Azul Ballroom<br \/><i>Patrocinado por HONEYWELL<\/i><br \/><i>Traducci\u00f3n Patrocinada por 630 Aerospace<\/i><\/p><\/td><\/tr><tr style=\"border-top: solid 1px #00a0af;\"><td width=\"200px\" height=\"80px\">10:05 &#8211; 10:35<\/td><td><p>Impulso Digital: Breve y Preciso \u2013 \u00c9xitos en la Cadena de Suministro Impulsados por la Tecnolog\u00eda<\/p><ul><li>Jeroen Van Duren &#8211; VP Operaciones e Implementaciones &#8211; SkySelect<\/li><li>Michael James &#8211; SVP de Alianzas con Proveedores y Experiencia del Cliente &#8211; Airline MRO Parts (AMP)<\/li><li>Moderador: Santiago Valencia, Head of Maintenance and Technical Procurement, ALTA<\/li><\/ul><p>Lugar: Azul Ballroom<br \/><i>Patrocinado por HONEYWELL<\/i><br \/><i>Traducci\u00f3n Patrocinada por 630 Aerospace<\/i><\/p><\/td><\/tr><tr style=\"border-top: solid 1px #00a0af;\"><td width=\"200px\" height=\"80px\">10:35 &#8211; 11:05<\/td><td>Break para caf\u00e9 <br \/>Lugar: Exhibition Area <br \/><i>Patrocinado por AvAir<\/i><\/td><\/tr><tr style=\"border-top: solid 1px #00a0af;\"><td width=\"200px\" height=\"80px\">11:05 &#8211; 11:55<\/td><td><p>PMAs en Acci\u00f3n: Aliviando la Tensi\u00f3n en la Cadena de Suministro<\/p><ul><li>Rafael Samudio &#8211; VP of Technical Operations &amp; Presidente de Comit\u00e9 T\u00e9cnico de ALTA &#8211; Copa Airlines<\/li><li>Brandi Dague, VP Ventas y Servicio al Cliente, HEICO Corporation<\/li><li>Tony Mueller, Director Ingenier\u00eda, Delta Airlines<\/li><li>Jason Dickstein, Presidente, MARPA<\/li><li>Moderador: Nicol\u00e1s Ulloa &#8211; Senior Procurement Manager &amp; Presidente de Comit\u00e9 de Abastecimiento de ALTA \u2013 LATAM<\/li><\/ul><p>Lugar: Azul Ballroom<br \/><i>Traducci\u00f3n Patrocinada por 630 Aerospace<\/i><\/p><\/td><\/tr><tr style=\"border-top: solid 1px #00a0af;\"><td width=\"200px\" height=\"80px\">11:55 &#8211; 12:45<\/td><td><p>El Desaf\u00edo de los MROs: Presi\u00f3n a Corto Plazo, Visi\u00f3n a Largo Plazo<\/p><ul><li>Francisco Lalinde &#8211; Vicepresidente Senior de Ingenier\u00eda y Mantenimiento &#8211; Avianca<\/li><li>Rimsky Buitrago &#8211; CEO \u2013 COOPESA<\/li><li>Ernesto Ruiz &#8211; Ex-CEO &#8211; Aeroman (MRO Holdings)<\/li><li>Sebastian Perkun &#8211; Director de Servicios de Mantenimiento de Aeronaves para Am\u00e9rica &#8211; LHT Puerto Rico<\/li><li>Andre Chater &#8211; Director de Ventas &#8211; Etihad Engineering<\/li><li>Moderaror: Carlos Garc\u00eda, Socio, Oliver Wyman<\/li><\/ul><p>Lugar: Azul Ballroom<br \/><i>Patrocinado por HONEYWELL<\/i><br \/><i>Traducci\u00f3n Patrocinada por 630 Aerospace<\/i><\/p><\/td><\/tr><tr style=\"border-top: solid 1px #00a0af;\"><td width=\"200px\" height=\"80px\">12:45 &#8211; 14:15<\/td><td>Almuerzo <br \/>Lugar: Ballroom Arena<br \/><i>Patrocinado por HANSAIR<\/i><\/td><\/tr><tr style=\"border-top: solid 1px #00a0af;\"><td width=\"200px\" height=\"80px\">14:15 &#8211; 16:00<\/td><td>Mini-meetings <br \/>Lugar: Azul Ballroom<br \/><i>Patrocinado por Next Level Aviation<\/i><\/td><\/tr><tr style=\"border-top: solid 1px #00a0af;\"><td width=\"200px\" height=\"80px\">16:00 &#8211; 16:30<\/td><td>Break para caf\u00e9 &#8211; Mini-meetings <br \/>Lugar: \u00c1rea de Exhibici\u00f3n<br \/><i>Patrocinado por Hansair<\/i><\/td><\/tr><tr style=\"border-top: solid 1px #00a0af;\"><td width=\"200px\" height=\"80px\">16:30 &#8211; 18:25<\/td><td>Mini-meetings <br \/>Lugar: Azul Ballroom<br \/><i>Patrocinado por Next Level Aviation<\/i><\/td><\/tr><tr style=\"border-top: solid 1px #00a0af;\"><td width=\"200px\" height=\"80px\">14:15 &#8211; 16:00<\/td><td>Comit\u00e9 T\u00e9cnico (sesi\u00f3n a puerta cerrada)<br \/>Lugar: Indigo\/Celeste Meeting Room<\/td><\/tr><tr style=\"border-top: solid 1px #00a0af;\"><td width=\"200px\" height=\"80px\">16:00 &#8211; 16:30<\/td><td>Break para caf\u00e9 &#8211; Comit\u00e9 T\u00e9cnico <br \/>Lugar: Area de Exhibici\u00f3n<\/td><\/tr><tr style=\"border-top: solid 1px #00a0af;\"><td width=\"200px\" height=\"80px\">16:30 &#8211; 18:00<\/td><td>Comit\u00e9 T\u00e9cnico (sesi\u00f3n a puerta cerrada) <br \/>Lugar: Indigo\/Celeste\u00a0Meeting Room<\/td><\/tr><tr style=\"border-top: solid 1px #00a0af;\"><td width=\"200px\" height=\"80px\">19:30 &#8211; 20:30<\/td><td>Coct\u00e9l \u00abSuppliers&#8217; Airline Club\u00bb <br \/>Lugar: Cielo Meeting Room<\/td><\/tr><tr style=\"border-top: solid 1px #00a0af;\"><td width=\"200px\" height=\"80px\">20:30 &#8211; 23:00<\/td><td>Noche Blanca: Premios de Eventos Deportivos <br \/>Lugar: Ballroom Arena <br \/><i>Patrocinado por Collins Aerospace<\/i><\/td><\/tr><\/tbody><\/table><\/div>\n\t\t\t\t\t\t\t\t\t<div class=\"elementor-tab-title elementor-tab-mobile-title\" aria-selected=\"false\" data-tab=\"4\" role=\"tab\" tabindex=\"-1\" aria-controls=\"elementor-tab-content-2454\" aria-expanded=\"false\">Martes 20 de mayo, 2025<\/div>\n\t\t\t\t\t<div id=\"elementor-tab-content-2454\" class=\"elementor-tab-content elementor-clearfix\" data-tab=\"4\" role=\"tabpanel\" aria-labelledby=\"elementor-tab-title-2454\" tabindex=\"0\" hidden=\"hidden\"><table>\n    <tbody style=\"color: #000000;\">\n    <tr style=\"border-top: solid 1px #00a0af;\">\n    <td width=\"200px\" height=\"80px\">07:30 &#8211; 18:00<\/td>\n    <td>Inscripci\u00f3n al Evento <br>\n        Lugar:\u00a0Ballroom\u00a0Foyer<br>\n        <i>Patrocinado por B&#038;W Brakes &#038; Wheels<\/i><\/td>\n    <\/tr>\n    <tr style=\"border-top: solid 1px #00a0af;\">\n    <td width=\"200px\" height=\"80px\">08:00 &#8211; 09:15<\/td>\n    <td>Desayuno Comit\u00e9 Abastecimiento T\u00e9cnico (solo aerol\u00edneas) <br>\n    Lugar: Ballroom Arena <br>\n    <i>Patrocinado por OWL Aerospace Inc.<\/i><\/td>\n    <\/tr>\n    <tr style=\"border-top: solid 1px #00a0af;\">\n    <td width=\"200px\" height=\"80px\">09:30 &#8211; 11:10<\/td>\n    <td>Mini-meetings <br>\n        Lugar: Azul Ballroom<br><i>Patrocinado por Next Level Aviation<\/i><\/td>\n    <\/tr>\n    <tr style=\"border-top: solid 1px #00a0af;\">\n    <td width=\"200px\" height=\"80px\">11:10 &#8211; 11:40<\/td>\n    <td>Break para Caf\u00e9 &#8211; Mini Meetings <br>\n    Lugar: \u00c1rea de Exhibici\u00f3n <br><i>Patrocinado por Barfield<\/i><\/td>\n    <\/tr>\n    <tr style=\"border-top: solid 1px #00a0af;\">\n    <td width=\"200px\" height=\"80px\">11:40 &#8211; 13:30<\/td>\n    <td>Mini-Meetings<br>\n        Lugar: Azul Ballroom<br><i>Patrocinado por Next Level Aviation<\/i><\/td>\n    <\/tr>\n    <tr style=\"border-top: solid 1px #00a0af;\">\n    <td width=\"200px\" height=\"80px\">09:30 &#8211; 11:00<\/td>\n    <td>Comit\u00e9 T\u00e9cnico (sesi\u00f3n a puerta cerrada) <br>\n    Place: Cielo Junior Ballroom<\/td>\n    <\/tr>\n    <tr style=\"border-top: solid 1px #00a0af;\">\n    <td width=\"200px\" height=\"80px\">11:00 &#8211; 11:30<\/td>\n    <td>Coffe Break &#8211; Comit\u00e9 T\u00e9cnico <br>Lugar: Area de Exhibici\u00f3n\n        \n    <\/td>\n    <\/tr>\n    <tr style=\"border-top: solid 1px #00a0af;\">\n    <td width=\"200px\" height=\"80px\">11:30 &#8211; 13:00<\/td>\n    <td>Comit\u00e9 T\u00e9cnico (sesi\u00f3n a puerta cerrada) <br>\n    Place: Cielo Junior Meeting Room<\/i><\/td>\n    <\/tr>\n    <tr style=\"border-top: solid 1px #00a0af;\">\n    <td width=\"200px\" height=\"80px\">13:30 &#8211; 14:45<\/td>\n    <td>Almuerzo <br>\n    Lugar: Ballroom Arena<br><i>Patrocinado por Mankiewicz<\/i><\/td>\n    <\/tr>\n    <tr style=\"border-top: solid 1px #00a0af;\">\n    <td width=\"200px\" height=\"80px\">15:00 &#8211; 16:00<\/td>\n    <td>Comit\u00e9 Abastecimiento T\u00e9cnico (solo aerol\u00edneas) <br>\n    Lugar: Cielo Meeting Room<\/td>\n    <\/tr>\n    <tr style=\"border-top: solid 1px #00a0af;\">\n    <td width=\"200px\" height=\"80px\">15:30 &#8211; 17:00<\/td>\n    <td>Table Tops: Aerol\u00edneas <br>\n    Lugar: Azul\u00a0Ballroom<\/td>\n    <\/tr>\n    <tr style=\"border-top: solid 1px #00a0af;\">\n    <td width=\"200px\" height=\"80px\">17:00 &#8211; 18:00<\/td>\n    <td>Table Tops: Otros asistentes <br>\n    Lugar: Azul\u00a0Ballroom<\/td>\n    <\/tr>\n    <tr style=\"border-top: solid 1px #00a0af;\">\n    <td width=\"200px\" height=\"80px\">18:30 &#8211; 19:00<\/td>\n    <td>Feedback de proveedores al Steering Committee de Proveedores <br>\n    Lugar: Cielo Junior Ballroom<\/td>\n    <\/tr>\n    <tr style=\"border-top: solid 1px #00a0af;\">\n    <td width=\"200px\" height=\"80px\">20:00 &#8211; 23:00<\/td>\n    <td>Cena de Gala: Premios CCMA &amp; MRO a los mejores proveedores <br>\n    Lugar: Ballroom Arena<br><i>Patrocinado por CFM<\/i><\/td>\n    <\/tr>\n    <\/tbody>\n    <\/table><\/div>\n\t\t\t\t\t\t\t<\/div>\n\t\t<\/div>\n\t\t\t\t\t\t<\/div>\n\t\t\t\t<\/div>\n\t\t\t\t\t<\/div>\n\t\t<\/div>\n\t\t\t\t\t<\/div>\n\t\t<\/section>\n\t\t\t\t<\/div>\n\t\t","protected":false},"excerpt":{"rendered":"<p>AGENDA Sabado 17 de mayo, 2025 Domingo 18 de mayo, 2025 Lunes 19 de mayo, 2025 Martes 20 de mayo, 2025 Sabado 17 de mayo, 2025 14:00 &#8211; 18:00 Registro AsistentesLugar:Ballroom&nbsp;Foyer 14:00 &#8211; 18:00 Registro Eventos DeportivosLugar:Ballroom&nbsp;Foyer Domingo 18 de mayo, 2025 07:00 &#8211; 12:00 Evento Deportivo: Golf Re\u00fanase en el Lobby del Convention Center [&hellip;]<\/p>\n","protected":false},"author":1,"featured_media":0,"parent":0,"menu_order":0,"comment_status":"closed","ping_status":"closed","template":"elementor_header_footer","meta":{"footnotes":""},"class_list":["post-801","page","type-page","status-publish","hentry"],"_links":{"self":[{"href":"https:\/\/alta.aero\/ccma\/2025\/wp-json\/wp\/v2\/pages\/801","targetHints":{"allow":["GET"]}}],"collection":[{"href":"https:\/\/alta.aero\/ccma\/2025\/wp-json\/wp\/v2\/pages"}],"about":[{"href":"https:\/\/alta.aero\/ccma\/2025\/wp-json\/wp\/v2\/types\/page"}],"author":[{"embeddable":true,"href":"https:\/\/alta.aero\/ccma\/2025\/wp-json\/wp\/v2\/users\/1"}],"replies":[{"embeddable":true,"href":"https:\/\/alta.aero\/ccma\/2025\/wp-json\/wp\/v2\/comments?post=801"}],"version-history":[{"count":118,"href":"https:\/\/alta.aero\/ccma\/2025\/wp-json\/wp\/v2\/pages\/801\/revisions"}],"predecessor-version":[{"id":3053,"href":"https:\/\/alta.aero\/ccma\/2025\/wp-json\/wp\/v2\/pages\/801\/revisions\/3053"}],"wp:attachment":[{"href":"https:\/\/alta.aero\/ccma\/2025\/wp-json\/wp\/v2\/media?parent=801"}],"curies":[{"name":"wp","href":"https:\/\/api.w.org\/{rel}","templated":true}]}}